{"id":3838,"date":"2023-12-26T21:01:22","date_gmt":"2023-12-26T19:01:22","guid":{"rendered":"https:\/\/www.surfnsoul.ee\/cafe\/"},"modified":"2026-02-16T20:57:20","modified_gmt":"2026-02-16T18:57:20","slug":"kohvik","status":"publish","type":"page","link":"https:\/\/surfnsoul.ee\/et\/kohvik\/","title":{"rendered":"Kohvik"},"content":{"rendered":"<div class=\"wpb-content-wrapper\"><p>[vc_row][vc_column][vc_column_text css=&#8221;&#8221;]<\/p>\n<h3 style=\"text-align: center;\" data-start=\"936\" data-end=\"1099\">Hea kohv, v\u00e4rske hooajaline toit ja parim koht P\u00e4rnu rannas, kus lihtsalt olla.<\/h3>\n<p>[\/vc_column_text][vc_empty_space]\n\t\t\t<!-- START Kohvik EST REVOLUTION SLIDER 6.7.12 --><p class=\"rs-p-wp-fix\"><\/p>\n\t\t\t<rs-module-wrap id=\"rev_slider_23_1_wrapper\" data-source=\"gallery\" style=\"visibility:hidden;background:#4bd5cd;padding:0;\">\n\t\t\t\t<rs-module id=\"rev_slider_23_1\" style=\"\" data-version=\"6.7.12\">\n\t\t\t\t\t<rs-slides style=\"overflow: hidden; position: absolute;\">\n\t\t\t\t\t\t<rs-slide style=\"position: absolute;\" data-key=\"rs-37\" data-title=\"Slide\" data-in=\"x:100%;\" data-out=\"x:-100%;\">\n\t\t\t\t\t\t\t<img decoding=\"async\" src=\"\/\/surfnsoul.ee\/wp-content\/plugins\/revslider\/sr6\/assets\/assets\/dummy.png\" alt=\"halva teeninduse \u00f5htus\u00f6\u00f6k rannas\" title=\"halva teeninduse \u00f5htus\u00f6\u00f6k rannas\" width=\"2048\" height=\"1365\" class=\"rev-slidebg tp-rs-img rs-lazyload\" data-lazyload=\"\/\/surfnsoul.ee\/wp-content\/uploads\/2026\/02\/IMG_3337.jpg\" data-no-retina>\n<!--\n\t\t\t\t\t\t\t--><rs-layer\n\t\t\t\t\t\t\t\tid=\"slider-23-slide-37-layer-0\" \n\t\t\t\t\t\t\t\tdata-type=\"text\"\n\t\t\t\t\t\t\t\tdata-color=\"#fff\"\n\t\t\t\t\t\t\t\tdata-xy=\"x:c;xo:19px,16px,8px,4px;y:m;yo:19px,16px,8px,4px;\"\n\t\t\t\t\t\t\t\tdata-text=\"w:normal;s:60,50,27,13;l:70,59,32,16;ls:-1,0,0,0;a:center;\"\n\t\t\t\t\t\t\t\tdata-dim=\"w:661px,559px,304px,152px;h:189px,159px,86px,43px;minh:0px,none,none,none;\"\n\t\t\t\t\t\t\t\tdata-rsp_o=\"off\"\n\t\t\t\t\t\t\t\tdata-rsp_bd=\"off\"\n\t\t\t\t\t\t\t\tdata-frame_999=\"o:0;st:w;\"\n\t\t\t\t\t\t\t\tstyle=\"z-index:5;font-family:'Shadows Into Light';text-transform:uppercase;\"\n\t\t\t\t\t\t\t>SURF\u2019N\u2019SOUL RANNAKOHVIK, OTSE P\u00c4RNU RANNAS \n\t\t\t\t\t\t\t<\/rs-layer><!--\n-->\t\t\t\t\t<\/rs-slide>\n\t\t\t\t\t<\/rs-slides>\n\t\t\t\t\t<rs-static-layers><!--\n\n\t\t\t\t\t\t\t--><rs-layer\n\t\t\t\t\t\t\t\tid=\"slider-23-slide-23-layer-3\" \n\t\t\t\t\t\t\t\tclass=\"rs-layer-static\"\n\t\t\t\t\t\t\t\tdata-type=\"image\"\n\t\t\t\t\t\t\t\tdata-xy=\"x:c;y:m;yo:0,-35px,-35px,-30px;\"\n\t\t\t\t\t\t\t\tdata-text=\"w:normal;s:20,16,8,4;l:0,21,11,6;\"\n\t\t\t\t\t\t\t\tdata-dim=\"w:auto,308px,308px,248px;h:auto,294px,294px,237px;\"\n\t\t\t\t\t\t\t\tdata-basealign=\"slide\"\n\t\t\t\t\t\t\t\tdata-rsp_o=\"off\"\n\t\t\t\t\t\t\t\tdata-rsp_bd=\"off\"\n\t\t\t\t\t\t\t\tdata-onslides=\"s:1;\"\n\t\t\t\t\t\t\t\tdata-frame_0=\"rX:-70deg;oZ:-50;\"\n\t\t\t\t\t\t\t\tdata-frame_1=\"oZ:-50;e:power4.inOut;st:250;sp:1550;sR:250;\"\n\t\t\t\t\t\t\t\tdata-frame_999=\"o:0;st:w;sR:7200;\"\n\t\t\t\t\t\t\t\tstyle=\"z-index:9;\"\n\t\t\t\t\t\t\t><img decoding=\"async\" src=\"\/\/surfnsoul.ee\/wp-content\/plugins\/revslider\/sr6\/assets\/assets\/dummy.png\" alt=\"\" class=\"tp-rs-img rs-lazyload\" data-lazyload=\"\/\/surfnsoul.ee\/wp-content\/uploads\/2020\/02\/h1-rev-img-1.png\" data-no-retina> \n\t\t\t\t\t\t\t<\/rs-layer><!--\n\n\t\t\t\t\t\t\t--><rs-layer\n\t\t\t\t\t\t\t\tid=\"slider-23-slide-23-layer-6\" \n\t\t\t\t\t\t\t\tclass=\"rs-layer-static\"\n\t\t\t\t\t\t\t\tdata-type=\"text\"\n\t\t\t\t\t\t\t\tdata-xy=\"x:c;xo:2px;y:b;yo:61px;\"\n\t\t\t\t\t\t\t\tdata-text=\"w:normal;s:12;ls:3px;fw:700;\"\n\t\t\t\t\t\t\t\tdata-vbility=\"t,t,f,f\"\n\t\t\t\t\t\t\t\tdata-basealign=\"slide\"\n\t\t\t\t\t\t\t\tdata-rsp_o=\"off\"\n\t\t\t\t\t\t\t\tdata-rsp_bd=\"off\"\n\t\t\t\t\t\t\t\tdata-onslides=\"s:1;\"\n\t\t\t\t\t\t\t\tdata-frame_1=\"st:280;sp:1350;sR:280;\"\n\t\t\t\t\t\t\t\tdata-frame_999=\"o:0;st:w;sR:7370;\"\n\t\t\t\t\t\t\t\tstyle=\"z-index:12;font-family:'Roboto';\"\n\t\t\t\t\t\t\t>SCROLL \n\t\t\t\t\t\t\t<\/rs-layer><!--\n\n\t\t\t\t\t\t\t--><rs-layer\n\t\t\t\t\t\t\t\tid=\"slider-23-slide-23-layer-8\" \n\t\t\t\t\t\t\t\tclass=\"rs-layer-static\"\n\t\t\t\t\t\t\t\tdata-type=\"text\"\n\t\t\t\t\t\t\t\tdata-xy=\"x:c;y:b;yo:-2px,-1px,-1px,-1px;\"\n\t\t\t\t\t\t\t\tdata-vbility=\"t,t,f,f\"\n\t\t\t\t\t\t\t\tdata-basealign=\"slide\"\n\t\t\t\t\t\t\t\tdata-rsp_o=\"off\"\n\t\t\t\t\t\t\t\tdata-rsp_bd=\"off\"\n\t\t\t\t\t\t\t\tdata-onslides=\"s:1;\"\n\t\t\t\t\t\t\t\tdata-frame_0=\"y:50;\"\n\t\t\t\t\t\t\t\tdata-frame_1=\"e:expo.out;st:280;sp:1370;sR:280;\"\n\t\t\t\t\t\t\t\tdata-frame_999=\"o:0;st:w;sR:7350;\"\n\t\t\t\t\t\t\t\tstyle=\"z-index:13;font-family:'Roboto';\"\n\t\t\t\t\t\t\t><div class=\"rev-scroll-wave\"><div><\/div><\/div> \n\t\t\t\t\t\t\t<\/rs-layer><!--\n\t\t\t\t\t--><\/rs-static-layers>\n\t\t\t\t<\/rs-module>\n\t\t\t\t<script>\n\t\t\t\t\tsetREVStartSize({c: 'rev_slider_23_1',rl:[1240,1024,778,480],el:[800,645,700,500],gw:[1300,1100,600,300],gh:[800,645,700,500],type:'standard',justify:'',layout:'fullscreen',offsetContainer:'html:not(.touch) .qodef-page-header, html:not(.touch) .qodef-top-bar, html.touch .qodef-mobile-header',offset:'',mh:\"0\"});if (window.RS_MODULES!==undefined && window.RS_MODULES.modules!==undefined && window.RS_MODULES.modules[\"revslider231\"]!==undefined) {window.RS_MODULES.modules[\"revslider231\"].once = false;window.revapi23 = undefined;if (window.RS_MODULES.checkMinimal!==undefined) window.RS_MODULES.checkMinimal()}\n\t\t\t\t<\/script>\n\t\t\t<\/rs-module-wrap>\n\t\t\t<!-- END REVOLUTION SLIDER -->\n[\/vc_column][\/vc_row][vc_row][vc_column][vc_empty_space][\/vc_column][\/vc_row][vc_row][vc_column width=&#8221;1\/3&#8243;][vc_cta h2=&#8221;Kes me oleme&#8221; txt_align=&#8221;center&#8221; shape=&#8221;square&#8221; css=&#8221;&#8221;]<\/p>\n<p style=\"text-align: center;\" data-start=\"1285\" data-end=\"1406\">Surf\u2019n\u2019Soul on rannasurfikate ja joogarahva koht. Tule kasv\u00f5i paljajalu \u2013 v\u00f5ta s\u00f5brad kaasa ja j\u00e4\u00e4 p\u00e4ikseloojanguni.<\/p>\n<p>[\/vc_cta][\/vc_column][vc_column width=&#8221;1\/3&#8243;][vc_cta h2=&#8221;Kus meid leida&#8221; txt_align=&#8221;center&#8221; shape=&#8221;square&#8221; css=&#8221;&#8221;]<\/p>\n<p style=\"text-align: center;\">Asume P\u00e4rnu rannas surfialal (viimane maja rannal). Oleme avatud hooajal \u2013 ajad v\u00f5ivad muutuda ilma ja \u00fcrituste j\u00e4rgi.<\/p>\n<p>[\/vc_cta][\/vc_column][vc_column width=&#8221;1\/3&#8243;][vc_cta h2=&#8221;Mida me pakuma&#8221; txt_align=&#8221;center&#8221; shape=&#8221;square&#8221; css=&#8221;&#8221;]<\/p>\n<p style=\"text-align: center;\" data-start=\"2211\" data-end=\"2233\">Kohv + j\u00e4\u00e4joogid<\/p>\n<p style=\"text-align: center;\" data-start=\"2236\" data-end=\"2283\">Hommikus\u00f6\u00f6k ja m\u00f5nusad ampsud<\/p>\n<p style=\"text-align: center;\" data-start=\"2286\" data-end=\"2314\">Kook ja j\u00e4\u00e4tisekokteil<\/p>\n<p style=\"text-align: center;\" data-start=\"2286\" data-end=\"2314\">Suvised joogid (spritz, kokteilid, \u00f5lu).<\/p>\n<p style=\"text-align: center;\" data-start=\"2286\" data-end=\"2314\">Men\u00fc\u00fc elab hooajaga \u2013 teeme seda, mis parasjagu k\u00f5ige parem ja k\u00e4ttesaadavam.<\/p>\n<p>[\/vc_cta][\/vc_column][\/vc_row][vc_row][vc_column][vc_column_text css=&#8221;&#8221;]<\/p>\n<h5 style=\"text-align: center;\">Suvel toimub rannas palju. Muusika, DJ \u00f5htud, kogukonnap\u00e4evad, workshopid, joogahommikud, surfisessioonid ja palju muud. <a href=\"https:\/\/surfnsoul.ee\/et\/uritused\/\"><strong><span style=\"text-decoration: underline;\">Vaata siit, mis on tulemas ja tule meile k\u00fclla!<\/span><\/strong><\/a><\/h5>\n<p>[\/vc_column_text][\/vc_column][\/vc_row]<\/p>\n<\/div>","protected":false},"excerpt":{"rendered":"<p>[vc_row][vc_column][vc_column_text css=&#8221;&#8221;] Hea kohv, v\u00e4rske hooajaline toit ja parim koht P\u00e4rnu rannas, kus lihtsalt olla. [\/vc_column_text][vc_empty_space][\/vc_column][\/vc_row][vc_row][vc_column][vc_empty_space][\/vc_column][\/vc_row][vc_row][vc_column width=&#8221;1\/3&#8243;][vc_cta h2=&#8221;Kes me oleme&#8221; txt_align=&#8221;center&#8221; shape=&#8221;square&#8221; css=&#8221;&#8221;] Surf\u2019n\u2019Soul on rannasurfikate ja joogarahva koht. Tule kasv\u00f5i paljajalu \u2013 v\u00f5ta s\u00f5brad kaasa ja j\u00e4\u00e4 p\u00e4ikseloojanguni. [\/vc_cta][\/vc_column][vc_column [&hellip;]<\/p>\n","protected":false},"author":1,"featured_media":0,"parent":0,"menu_order":0,"comment_status":"closed","ping_status":"closed","template":"","meta":{"footnotes":""},"class_list":["post-3838","page","type-page","status-publish","hentry"],"yoast_head":"<!-- This site is optimized with the Yoast SEO plugin v26.9 - https:\/\/yoast.com\/product\/yoast-seo-wordpress\/ -->\n<title>Surf\u2019n\u2019Soul rannakohvik P\u00e4rnus | Kohv, toit, \u00fcritused<\/title>\n<meta name=\"description\" content=\"Surf\u2019n\u2019Souli rannakohvik P\u00e4rnu rannas. Hea kohv, v\u00e4rske hooajaline toit ja suvised joogid. Astu l\u00e4bi, vaata mis toimub ja tule tee oma \u00fcritus P\u00e4rnu rannas.\" \/>\n<meta name=\"robots\" content=\"index, follow, max-snippet:-1, max-image-preview:large, max-video-preview:-1\" \/>\n<link rel=\"canonical\" href=\"https:\/\/surfnsoul.ee\/et\/kohvik\/\" \/>\n<meta property=\"og:locale\" content=\"et_EE\" \/>\n<meta property=\"og:type\" content=\"article\" \/>\n<meta property=\"og:title\" content=\"Surf\u2019n\u2019Soul rannakohvik P\u00e4rnus | Kohv, toit, \u00fcritused\" \/>\n<meta property=\"og:description\" content=\"Surf\u2019n\u2019Souli rannakohvik P\u00e4rnu rannas. Hea kohv, v\u00e4rske hooajaline toit ja suvised joogid. Astu l\u00e4bi, vaata mis toimub ja tule tee oma \u00fcritus P\u00e4rnu rannas.\" \/>\n<meta property=\"og:url\" content=\"https:\/\/surfnsoul.ee\/et\/kohvik\/\" \/>\n<meta property=\"og:site_name\" content=\"Surf&#039;n&#039;Soul\" \/>\n<meta property=\"article:publisher\" content=\"https:\/\/www.facebook.com\/surfnsoulparnu\" \/>\n<meta property=\"article:modified_time\" content=\"2026-02-16T18:57:20+00:00\" \/>\n<meta property=\"og:image\" content=\"https:\/\/surfnsoul.ee\/wp-content\/uploads\/2025\/09\/IMG_2826.jpeg\" \/>\n\t<meta property=\"og:image:width\" content=\"2048\" \/>\n\t<meta property=\"og:image:height\" content=\"1365\" \/>\n\t<meta property=\"og:image:type\" content=\"image\/jpeg\" \/>\n<script type=\"application\/ld+json\" class=\"yoast-schema-graph\">{\"@context\":\"https:\/\/schema.org\",\"@graph\":[{\"@type\":\"WebPage\",\"@id\":\"https:\/\/surfnsoul.ee\/et\/kohvik\/\",\"url\":\"https:\/\/surfnsoul.ee\/et\/kohvik\/\",\"name\":\"Surf\u2019n\u2019Soul rannakohvik P\u00e4rnus | Kohv, toit, \u00fcritused\",\"isPartOf\":{\"@id\":\"https:\/\/surfnsoul.ee\/#website\"},\"datePublished\":\"2023-12-26T19:01:22+00:00\",\"dateModified\":\"2026-02-16T18:57:20+00:00\",\"description\":\"Surf\u2019n\u2019Souli rannakohvik P\u00e4rnu rannas. Hea kohv, v\u00e4rske hooajaline toit ja suvised joogid. Astu l\u00e4bi, vaata mis toimub ja tule tee oma \u00fcritus P\u00e4rnu rannas.\",\"breadcrumb\":{\"@id\":\"https:\/\/surfnsoul.ee\/et\/kohvik\/#breadcrumb\"},\"inLanguage\":\"et\",\"potentialAction\":[{\"@type\":\"ReadAction\",\"target\":[\"https:\/\/surfnsoul.ee\/et\/kohvik\/\"]}]},{\"@type\":\"BreadcrumbList\",\"@id\":\"https:\/\/surfnsoul.ee\/et\/kohvik\/#breadcrumb\",\"itemListElement\":[{\"@type\":\"ListItem\",\"position\":1,\"name\":\"Home\",\"item\":\"https:\/\/surfnsoul.ee\/et\/\"},{\"@type\":\"ListItem\",\"position\":2,\"name\":\"Kohvik\"}]},{\"@type\":\"WebSite\",\"@id\":\"https:\/\/surfnsoul.ee\/#website\",\"url\":\"https:\/\/surfnsoul.ee\/\",\"name\":\"Surf'n'Soul\",\"description\":\"Lohesurf, Aerusurf, Jooga ja hea toit. Koolitus ja rent\",\"publisher\":{\"@id\":\"https:\/\/surfnsoul.ee\/#organization\"},\"potentialAction\":[{\"@type\":\"SearchAction\",\"target\":{\"@type\":\"EntryPoint\",\"urlTemplate\":\"https:\/\/surfnsoul.ee\/?s={search_term_string}\"},\"query-input\":{\"@type\":\"PropertyValueSpecification\",\"valueRequired\":true,\"valueName\":\"search_term_string\"}}],\"inLanguage\":\"et\"},{\"@type\":\"Organization\",\"@id\":\"https:\/\/surfnsoul.ee\/#organization\",\"name\":\"Surf'n'Soul\",\"url\":\"https:\/\/surfnsoul.ee\/\",\"logo\":{\"@type\":\"ImageObject\",\"inLanguage\":\"et\",\"@id\":\"https:\/\/surfnsoul.ee\/#\/schema\/logo\/image\/\",\"url\":\"https:\/\/surfnsoul.ee\/wp-content\/uploads\/2024\/03\/Vektorfail.svg\",\"contentUrl\":\"https:\/\/surfnsoul.ee\/wp-content\/uploads\/2024\/03\/Vektorfail.svg\",\"width\":900,\"height\":900,\"caption\":\"Surf'n'Soul\"},\"image\":{\"@id\":\"https:\/\/surfnsoul.ee\/#\/schema\/logo\/image\/\"},\"sameAs\":[\"https:\/\/www.facebook.com\/surfnsoulparnu\"]}]}<\/script>\n<!-- \/ Yoast SEO plugin. -->","yoast_head_json":{"title":"Surf\u2019n\u2019Soul rannakohvik P\u00e4rnus | Kohv, toit, \u00fcritused","description":"Surf\u2019n\u2019Souli rannakohvik P\u00e4rnu rannas. Hea kohv, v\u00e4rske hooajaline toit ja suvised joogid. Astu l\u00e4bi, vaata mis toimub ja tule tee oma \u00fcritus P\u00e4rnu rannas.","robots":{"index":"index","follow":"follow","max-snippet":"max-snippet:-1","max-image-preview":"max-image-preview:large","max-video-preview":"max-video-preview:-1"},"canonical":"https:\/\/surfnsoul.ee\/et\/kohvik\/","og_locale":"et_EE","og_type":"article","og_title":"Surf\u2019n\u2019Soul rannakohvik P\u00e4rnus | Kohv, toit, \u00fcritused","og_description":"Surf\u2019n\u2019Souli rannakohvik P\u00e4rnu rannas. Hea kohv, v\u00e4rske hooajaline toit ja suvised joogid. Astu l\u00e4bi, vaata mis toimub ja tule tee oma \u00fcritus P\u00e4rnu rannas.","og_url":"https:\/\/surfnsoul.ee\/et\/kohvik\/","og_site_name":"Surf&#039;n&#039;Soul","article_publisher":"https:\/\/www.facebook.com\/surfnsoulparnu","article_modified_time":"2026-02-16T18:57:20+00:00","og_image":[{"width":2048,"height":1365,"url":"https:\/\/surfnsoul.ee\/wp-content\/uploads\/2025\/09\/IMG_2826.jpeg","type":"image\/jpeg"}],"schema":{"@context":"https:\/\/schema.org","@graph":[{"@type":"WebPage","@id":"https:\/\/surfnsoul.ee\/et\/kohvik\/","url":"https:\/\/surfnsoul.ee\/et\/kohvik\/","name":"Surf\u2019n\u2019Soul rannakohvik P\u00e4rnus | Kohv, toit, \u00fcritused","isPartOf":{"@id":"https:\/\/surfnsoul.ee\/#website"},"datePublished":"2023-12-26T19:01:22+00:00","dateModified":"2026-02-16T18:57:20+00:00","description":"Surf\u2019n\u2019Souli rannakohvik P\u00e4rnu rannas. Hea kohv, v\u00e4rske hooajaline toit ja suvised joogid. Astu l\u00e4bi, vaata mis toimub ja tule tee oma \u00fcritus P\u00e4rnu rannas.","breadcrumb":{"@id":"https:\/\/surfnsoul.ee\/et\/kohvik\/#breadcrumb"},"inLanguage":"et","potentialAction":[{"@type":"ReadAction","target":["https:\/\/surfnsoul.ee\/et\/kohvik\/"]}]},{"@type":"BreadcrumbList","@id":"https:\/\/surfnsoul.ee\/et\/kohvik\/#breadcrumb","itemListElement":[{"@type":"ListItem","position":1,"name":"Home","item":"https:\/\/surfnsoul.ee\/et\/"},{"@type":"ListItem","position":2,"name":"Kohvik"}]},{"@type":"WebSite","@id":"https:\/\/surfnsoul.ee\/#website","url":"https:\/\/surfnsoul.ee\/","name":"Surf'n'Soul","description":"Lohesurf, Aerusurf, Jooga ja hea toit. Koolitus ja rent","publisher":{"@id":"https:\/\/surfnsoul.ee\/#organization"},"potentialAction":[{"@type":"SearchAction","target":{"@type":"EntryPoint","urlTemplate":"https:\/\/surfnsoul.ee\/?s={search_term_string}"},"query-input":{"@type":"PropertyValueSpecification","valueRequired":true,"valueName":"search_term_string"}}],"inLanguage":"et"},{"@type":"Organization","@id":"https:\/\/surfnsoul.ee\/#organization","name":"Surf'n'Soul","url":"https:\/\/surfnsoul.ee\/","logo":{"@type":"ImageObject","inLanguage":"et","@id":"https:\/\/surfnsoul.ee\/#\/schema\/logo\/image\/","url":"https:\/\/surfnsoul.ee\/wp-content\/uploads\/2024\/03\/Vektorfail.svg","contentUrl":"https:\/\/surfnsoul.ee\/wp-content\/uploads\/2024\/03\/Vektorfail.svg","width":900,"height":900,"caption":"Surf'n'Soul"},"image":{"@id":"https:\/\/surfnsoul.ee\/#\/schema\/logo\/image\/"},"sameAs":["https:\/\/www.facebook.com\/surfnsoulparnu"]}]}},"_links":{"self":[{"href":"https:\/\/surfnsoul.ee\/et\/wp-json\/wp\/v2\/pages\/3838","targetHints":{"allow":["GET"]}}],"collection":[{"href":"https:\/\/surfnsoul.ee\/et\/wp-json\/wp\/v2\/pages"}],"about":[{"href":"https:\/\/surfnsoul.ee\/et\/wp-json\/wp\/v2\/types\/page"}],"author":[{"embeddable":true,"href":"https:\/\/surfnsoul.ee\/et\/wp-json\/wp\/v2\/users\/1"}],"replies":[{"embeddable":true,"href":"https:\/\/surfnsoul.ee\/et\/wp-json\/wp\/v2\/comments?post=3838"}],"version-history":[{"count":5,"href":"https:\/\/surfnsoul.ee\/et\/wp-json\/wp\/v2\/pages\/3838\/revisions"}],"predecessor-version":[{"id":4436,"href":"https:\/\/surfnsoul.ee\/et\/wp-json\/wp\/v2\/pages\/3838\/revisions\/4436"}],"wp:attachment":[{"href":"https:\/\/surfnsoul.ee\/et\/wp-json\/wp\/v2\/media?parent=3838"}],"curies":[{"name":"wp","href":"https:\/\/api.w.org\/{rel}","templated":true}]}}