{"id":3846,"date":"2020-01-08T11:15:21","date_gmt":"2020-01-08T09:15:21","guid":{"rendered":"https:\/\/surfnsoul.ee\/?page_id=3846"},"modified":"2026-02-17T16:24:41","modified_gmt":"2026-02-17T14:24:41","slug":"avaleht","status":"publish","type":"page","link":"https:\/\/surfnsoul.ee\/et\/","title":{"rendered":"Avaleht"},"content":{"rendered":"<div class=\"wpb-content-wrapper\"><p>[vc_row enable_surfer_icon=&#8221;no&#8221;][vc_column][vc_column_text css=&#8221;&#8221;]<\/p>\n<h4 style=\"text-align: center;\">Tule P\u00e4rnu randa, oleme avatud: mai-oktoober esmasp\u00e4evast &#8211; laup\u00e4evani \u00a09-21<\/h4>\n<p>[\/vc_column_text]\n\t\t\t<!-- START Surfing Home 1 REVOLUTION SLIDER 6.7.12 --><p class=\"rs-p-wp-fix\"><\/p>\n\t\t\t<rs-module-wrap id=\"rev_slider_12_1_wrapper\" data-source=\"gallery\" style=\"visibility:hidden;background:#ffffff;padding:0;\">\n\t\t\t\t<rs-module id=\"rev_slider_12_1\" style=\"\" data-version=\"6.7.12\">\n\t\t\t\t\t<rs-slides style=\"overflow: hidden; position: absolute;\">\n\t\t\t\t\t\t<rs-slide style=\"position: absolute;\" data-key=\"rs-25\" data-title=\"Slide 1\" data-anim=\"ms:10;\" data-in=\"o:1;\" data-out=\"a:false;\">\n\t\t\t\t\t\t\t<img decoding=\"async\" src=\"\/\/surfnsoul.ee\/wp-content\/plugins\/revslider\/sr6\/assets\/assets\/dummy.png\" alt=\"SurfnSoul Beacg Garden at P\u00e4rnu bay\" title=\"SurfnSoul Beacg Garden at P\u00e4rnu bay\" width=\"2048\" height=\"1365\" class=\"rev-slidebg tp-rs-img rs-lazyload\" data-lazyload=\"\/\/surfnsoul.ee\/wp-content\/uploads\/2025\/09\/IMG_2826.jpeg\" data-no-retina>\n<!---->\t\t\t\t\t<\/rs-slide>\n\t\t\t\t\t<\/rs-slides>\n\t\t\t\t\t<rs-static-layers><!--\n\n\t\t\t\t\t\t\t--><rs-layer\n\t\t\t\t\t\t\t\tid=\"slider-12-slide-12-layer-3\" \n\t\t\t\t\t\t\t\tclass=\"rs-layer-static\"\n\t\t\t\t\t\t\t\tdata-type=\"image\"\n\t\t\t\t\t\t\t\tdata-xy=\"x:c;y:m;yo:0,-35px,-35px,-30px;\"\n\t\t\t\t\t\t\t\tdata-text=\"w:normal;s:20,16,8,4;l:0,21,11,6;\"\n\t\t\t\t\t\t\t\tdata-dim=\"w:auto,308px,308px,248px;h:auto,294px,294px,237px;\"\n\t\t\t\t\t\t\t\tdata-basealign=\"slide\"\n\t\t\t\t\t\t\t\tdata-rsp_o=\"off\"\n\t\t\t\t\t\t\t\tdata-rsp_bd=\"off\"\n\t\t\t\t\t\t\t\tdata-onslides=\"s:-1;e:-1;\"\n\t\t\t\t\t\t\t\tdata-frame_0=\"rX:-70deg;oZ:-50;\"\n\t\t\t\t\t\t\t\tdata-frame_1=\"oZ:-50;e:power4.inOut;st:250;sp:1550;sR:250;\"\n\t\t\t\t\t\t\t\tdata-frame_999=\"o:0;st:w;sR:7200;\"\n\t\t\t\t\t\t\t\tstyle=\"z-index:9;\"\n\t\t\t\t\t\t\t><img decoding=\"async\" src=\"\/\/surfnsoul.ee\/wp-content\/plugins\/revslider\/sr6\/assets\/assets\/dummy.png\" alt=\"\" class=\"tp-rs-img rs-lazyload\" data-lazyload=\"\/\/surfnsoul.ee\/wp-content\/uploads\/2020\/02\/h1-rev-img-1.png\" data-no-retina> \n\t\t\t\t\t\t\t<\/rs-layer><!--\n\n\t\t\t\t\t\t\t--><rs-layer\n\t\t\t\t\t\t\t\tid=\"slider-12-slide-12-layer-6\" \n\t\t\t\t\t\t\t\tclass=\"rs-layer-static\"\n\t\t\t\t\t\t\t\tdata-type=\"text\"\n\t\t\t\t\t\t\t\tdata-xy=\"x:c;xo:2px;y:b;yo:61px;\"\n\t\t\t\t\t\t\t\tdata-text=\"w:normal;s:12;ls:3px;fw:700;\"\n\t\t\t\t\t\t\t\tdata-vbility=\"t,t,f,f\"\n\t\t\t\t\t\t\t\tdata-basealign=\"slide\"\n\t\t\t\t\t\t\t\tdata-rsp_o=\"off\"\n\t\t\t\t\t\t\t\tdata-rsp_bd=\"off\"\n\t\t\t\t\t\t\t\tdata-onslides=\"s:-1;e:-1;\"\n\t\t\t\t\t\t\t\tdata-frame_1=\"st:280;sp:1350;sR:280;\"\n\t\t\t\t\t\t\t\tdata-frame_999=\"o:0;st:w;sR:7370;\"\n\t\t\t\t\t\t\t\tstyle=\"z-index:12;font-family:'Roboto';\"\n\t\t\t\t\t\t\t>SCROLL \n\t\t\t\t\t\t\t<\/rs-layer><!--\n\n\t\t\t\t\t\t\t--><rs-layer\n\t\t\t\t\t\t\t\tid=\"slider-12-slide-12-layer-8\" \n\t\t\t\t\t\t\t\tclass=\"rs-layer-static\"\n\t\t\t\t\t\t\t\tdata-type=\"text\"\n\t\t\t\t\t\t\t\tdata-xy=\"x:c;y:b;yo:-2px,-1px,-1px,-1px;\"\n\t\t\t\t\t\t\t\tdata-vbility=\"t,t,f,f\"\n\t\t\t\t\t\t\t\tdata-basealign=\"slide\"\n\t\t\t\t\t\t\t\tdata-rsp_o=\"off\"\n\t\t\t\t\t\t\t\tdata-rsp_bd=\"off\"\n\t\t\t\t\t\t\t\tdata-onslides=\"s:-1;e:-1;\"\n\t\t\t\t\t\t\t\tdata-frame_0=\"y:50;\"\n\t\t\t\t\t\t\t\tdata-frame_1=\"e:expo.out;st:280;sp:1370;sR:280;\"\n\t\t\t\t\t\t\t\tdata-frame_999=\"o:0;st:w;sR:7350;\"\n\t\t\t\t\t\t\t\tstyle=\"z-index:13;font-family:'Roboto';\"\n\t\t\t\t\t\t\t><div class=\"rev-scroll-wave\"><div><\/div><\/div> \n\t\t\t\t\t\t\t<\/rs-layer><!--\n\t\t\t\t\t--><\/rs-static-layers>\n\t\t\t\t<\/rs-module>\n\t\t\t\t<script>\n\t\t\t\t\tsetREVStartSize({c: 'rev_slider_12_1',rl:[1240,1024,778,480],el:[800,645,700,500],gw:[1300,1100,600,300],gh:[800,645,700,500],type:'hero',justify:'',layout:'fullscreen',offsetContainer:'html:not(.touch) .qodef-page-header, html:not(.touch) .qodef-top-bar, html.touch .qodef-mobile-header',offset:'',mh:\"0\"});if (window.RS_MODULES!==undefined && window.RS_MODULES.modules!==undefined && window.RS_MODULES.modules[\"revslider121\"]!==undefined) {window.RS_MODULES.modules[\"revslider121\"].once = false;window.revapi12 = undefined;if (window.RS_MODULES.checkMinimal!==undefined) window.RS_MODULES.checkMinimal()}\n\t\t\t\t<\/script>\n\t\t\t<\/rs-module-wrap>\n\t\t\t<!-- END REVOLUTION SLIDER -->\n[vc_empty_space][vc_column_text css=&#8221;&#8221;]<\/p>\n<h3 style=\"text-align: center;\">Surf\u2019n\u2019Soul P\u00e4rnus: surf, jooga, kohvik &amp; privaatne rannasaun<\/h3>\n<p style=\"text-align: center;\" data-start=\"340\" data-end=\"501\">Koht, kuhu tuled liikuma, hingama ja lihtsalt olema. Tule surfama, v\u00f5ta joogatund, astu l\u00e4bi kohvikust v\u00f5i broneeri saun s\u00f5pradega.<\/p>\n<p>[\/vc_column_text][vc_empty_space][\/vc_column][\/vc_row][vc_row enable_surfer_icon=&#8221;no&#8221; el_class=&#8221;intro_images_container&#8221;][vc_column width=&#8221;1\/2&#8243; css=&#8221;.vc_custom_1578557320924{padding-right: 0px !important;padding-left: 0px !important;}&#8221; offset=&#8221;vc_col-lg-3 vc_col-md-6&#8243;]<div class=\"qodef-banner-holder intro_images qodef-visible-on-default qodef-banner-info-default\">\n    <div class=\"qodef-banner-image\">\n        <img loading=\"lazy\" decoding=\"async\" width=\"1000\" height=\"667\" src=\"https:\/\/surfnsoul.ee\/wp-content\/uploads\/2024\/01\/kitesurf-e1709291121865.jpg\" class=\"attachment-full size-full\" alt=\"\" srcset=\"https:\/\/surfnsoul.ee\/wp-content\/uploads\/2024\/01\/kitesurf-e1709291121865.jpg 1000w, https:\/\/surfnsoul.ee\/wp-content\/uploads\/2024\/01\/kitesurf-e1709291121865-300x200.jpg 300w, https:\/\/surfnsoul.ee\/wp-content\/uploads\/2024\/01\/kitesurf-e1709291121865-768x512.jpg 768w, https:\/\/surfnsoul.ee\/wp-content\/uploads\/2024\/01\/kitesurf-e1709291121865-600x400.jpg 600w\" sizes=\"auto, (max-width: 1000px) 100vw, 1000px\" \/>    <\/div>\n    <div class=\"qodef-banner-additional-image\">\n            <\/div>\n    <div class=\"qodef-banner-text-holder\" style=\"background-color: #FFFFFF03\">\n\t    <div class=\"qodef-banner-text-outer\">\n\t\t    <div class=\"qodef-banner-text-inner\">\n                                                <h3 class=\"qodef-banner-highlighted-text\">\n                    <span class=\"qodef-banner-highlighted-text-inner\" >\n                        lohe- ja tiivasurf                    <\/span>\n                <\/h3>\n                                \t\t\t\t\t\t\t<\/div>\n\t\t<\/div>\n\t<\/div>\n\t        <a itemprop=\"url\" class=\"qodef-banner-link\" href=\"https:\/\/surfnsoul.ee\/et\/surf\/\" target=\"_blank\"><\/a>\n    <\/div>[\/vc_column][vc_column width=&#8221;1\/2&#8243; css=&#8221;.vc_custom_1578557332181{padding-right: 0px !important;padding-left: 0px !important;}&#8221; offset=&#8221;vc_col-lg-3 vc_col-md-6&#8243;]<div class=\"qodef-banner-holder intro_images qodef-visible-on-default qodef-banner-info-default\">\n    <div class=\"qodef-banner-image\">\n        <img loading=\"lazy\" decoding=\"async\" width=\"2048\" height=\"1365\" src=\"https:\/\/surfnsoul.ee\/wp-content\/uploads\/2024\/09\/IMG_2114.jpg\" class=\"attachment-full size-full\" alt=\"SurfnSoul yoga studio\" srcset=\"https:\/\/surfnsoul.ee\/wp-content\/uploads\/2024\/09\/IMG_2114.jpg 2048w, https:\/\/surfnsoul.ee\/wp-content\/uploads\/2024\/09\/IMG_2114-300x200.jpg 300w, https:\/\/surfnsoul.ee\/wp-content\/uploads\/2024\/09\/IMG_2114-1024x683.jpg 1024w, https:\/\/surfnsoul.ee\/wp-content\/uploads\/2024\/09\/IMG_2114-768x512.jpg 768w, https:\/\/surfnsoul.ee\/wp-content\/uploads\/2024\/09\/IMG_2114-1536x1024.jpg 1536w\" sizes=\"auto, (max-width: 2048px) 100vw, 2048px\" \/>    <\/div>\n    <div class=\"qodef-banner-additional-image\">\n            <\/div>\n    <div class=\"qodef-banner-text-holder\" style=\"background-color: rgba(255,255,255,0.01)\">\n\t    <div class=\"qodef-banner-text-outer\">\n\t\t    <div class=\"qodef-banner-text-inner\">\n                                                <h3 class=\"qodef-banner-highlighted-text\">\n                    <span class=\"qodef-banner-highlighted-text-inner\" >\n                        joogatunnid rannas                    <\/span>\n                <\/h3>\n                                \t\t\t\t\t\t\t<\/div>\n\t\t<\/div>\n\t<\/div>\n\t        <a itemprop=\"url\" class=\"qodef-banner-link\" href=\"https:\/\/surfnsoul.ee\/et\/jooga\/\" target=\"_self\"><\/a>\n    <\/div>[\/vc_column][vc_column width=&#8221;1\/2&#8243; css=&#8221;.vc_custom_1578557342373{padding-right: 0px !important;padding-left: 0px !important;}&#8221; offset=&#8221;vc_col-lg-3 vc_col-md-6&#8243;]<div class=\"qodef-banner-holder intro_images qodef-visible-on-default qodef-banner-info-default\">\n    <div class=\"qodef-banner-image\">\n        <img loading=\"lazy\" decoding=\"async\" width=\"2048\" height=\"1365\" src=\"https:\/\/surfnsoul.ee\/wp-content\/uploads\/2024\/09\/IMG_2117.jpg\" class=\"attachment-full size-full\" alt=\"SurfnSoul venue\" srcset=\"https:\/\/surfnsoul.ee\/wp-content\/uploads\/2024\/09\/IMG_2117.jpg 2048w, https:\/\/surfnsoul.ee\/wp-content\/uploads\/2024\/09\/IMG_2117-300x200.jpg 300w, https:\/\/surfnsoul.ee\/wp-content\/uploads\/2024\/09\/IMG_2117-1024x683.jpg 1024w, https:\/\/surfnsoul.ee\/wp-content\/uploads\/2024\/09\/IMG_2117-768x512.jpg 768w, https:\/\/surfnsoul.ee\/wp-content\/uploads\/2024\/09\/IMG_2117-1536x1024.jpg 1536w\" sizes=\"auto, (max-width: 2048px) 100vw, 2048px\" \/>    <\/div>\n    <div class=\"qodef-banner-additional-image\">\n            <\/div>\n    <div class=\"qodef-banner-text-holder\" style=\"background-color: rgba(0,0,0,0.07)\">\n\t    <div class=\"qodef-banner-text-outer\">\n\t\t    <div class=\"qodef-banner-text-inner\">\n                                                <h3 class=\"qodef-banner-highlighted-text\">\n                    <span class=\"qodef-banner-highlighted-text-inner\" >\n                        Kohvik ja privaatne saun                    <\/span>\n                <\/h3>\n                                \t\t\t\t\t\t\t<\/div>\n\t\t<\/div>\n\t<\/div>\n\t        <a itemprop=\"url\" class=\"qodef-banner-link\" href=\"https:\/\/surfnsoul.ee\/et\/kohvik\/\" target=\"_blank\"><\/a>\n    <\/div>[\/vc_column][vc_column width=&#8221;1\/2&#8243; css=&#8221;.vc_custom_1745657206303{padding-top: 0px !important;padding-right: 0px !important;padding-left: 0px !important;background-color: #EEEEEE !important;}&#8221; offset=&#8221;vc_col-lg-3 vc_col-md-6&#8243;]<div class=\"qodef-banner-holder intro_images qodef-visible-on-default qodef-banner-info-default\">\n    <div class=\"qodef-banner-image\">\n        <img loading=\"lazy\" decoding=\"async\" width=\"2048\" height=\"1365\" src=\"https:\/\/surfnsoul.ee\/wp-content\/uploads\/2024\/09\/IMG_2160.jpg\" class=\"attachment-full size-full\" alt=\"SurfnSoul venue events\" srcset=\"https:\/\/surfnsoul.ee\/wp-content\/uploads\/2024\/09\/IMG_2160.jpg 2048w, https:\/\/surfnsoul.ee\/wp-content\/uploads\/2024\/09\/IMG_2160-300x200.jpg 300w, https:\/\/surfnsoul.ee\/wp-content\/uploads\/2024\/09\/IMG_2160-1024x683.jpg 1024w, https:\/\/surfnsoul.ee\/wp-content\/uploads\/2024\/09\/IMG_2160-768x512.jpg 768w, https:\/\/surfnsoul.ee\/wp-content\/uploads\/2024\/09\/IMG_2160-1536x1024.jpg 1536w\" sizes=\"auto, (max-width: 2048px) 100vw, 2048px\" \/>    <\/div>\n    <div class=\"qodef-banner-additional-image\">\n            <\/div>\n    <div class=\"qodef-banner-text-holder\" style=\"background-color: rgba(255,255,255,0.01)\">\n\t    <div class=\"qodef-banner-text-outer\">\n\t\t    <div class=\"qodef-banner-text-inner\">\n                                                <h3 class=\"qodef-banner-highlighted-text\">\n                    <span class=\"qodef-banner-highlighted-text-inner\" >\n                        Rannamelu                    <\/span>\n                <\/h3>\n                                \t\t\t\t\t\t\t<\/div>\n\t\t<\/div>\n\t<\/div>\n\t        <a itemprop=\"url\" class=\"qodef-banner-link\" href=\"https:\/\/surfnsoul.ee\/et\/uritused\/\" target=\"_blank\"><\/a>\n    <\/div>[\/vc_column][\/vc_row][vc_row][vc_column][vc_empty_space][\/vc_column][\/vc_row][vc_row][vc_column][vc_column_text css=&#8221;&#8221;]<\/p>\n<h2 style=\"text-align: center;\">Valmis randa tulema?<\/h2>\n<p style=\"text-align: center;\">Alusta surfist v\u00f5i joogast, astu l\u00e4bi kohvikust ja kui tahad p\u00e4riselt v\u00e4lja l\u00fclitada \u2014 broneeri privaatne rannasaun. <a href=\"https:\/\/surfnsoul.ee\/et\/kontakt\/\"><span style=\"text-decoration: underline;\"><strong>Kirjuta meile!<\/strong><\/span><\/a><\/p>\n<p>[\/vc_column_text][\/vc_column][\/vc_row]<\/p>\n<\/div>","protected":false},"excerpt":{"rendered":"<p>[vc_row enable_surfer_icon=&#8221;no&#8221;][vc_column][vc_column_text css=&#8221;&#8221;] Tule P\u00e4rnu randa, oleme avatud: mai-oktoober esmasp\u00e4evast &#8211; laup\u00e4evani \u00a09-21 [\/vc_column_text][vc_empty_space][vc_column_text css=&#8221;&#8221;] Surf\u2019n\u2019Soul P\u00e4rnus: surf, jooga, kohvik &amp; privaatne rannasaun Koht, kuhu tuled liikuma, hingama ja lihtsalt olema. Tule surfama, v\u00f5ta joogatund, astu l\u00e4bi kohvikust v\u00f5i broneeri [&hellip;]<\/p>\n","protected":false},"author":1,"featured_media":0,"parent":0,"menu_order":0,"comment_status":"closed","ping_status":"closed","template":"full-width.php","meta":{"footnotes":""},"class_list":["post-3846","page","type-page","status-publish","hentry"],"yoast_head":"<!-- This site is optimized with the Yoast SEO plugin v26.9 - https:\/\/yoast.com\/product\/yoast-seo-wordpress\/ -->\n<title>Lohesurf, foil- ja tiivasurf &amp; SUP P\u00e4rnus | Surf\u2019n\u2019Soul<\/title>\n<meta name=\"description\" content=\"Lohesurf, wingfoil\/foil ja SUP-kursused P\u00e4rnu rannas. Avar joogasaal, kohvik ja privaatne rannasaun. Broneeri elamus Surf\u2019n\u2019Soulis!\" \/>\n<meta name=\"robots\" content=\"index, follow, max-snippet:-1, max-image-preview:large, max-video-preview:-1\" \/>\n<link rel=\"canonical\" href=\"https:\/\/surfnsoul.ee\/et\/\" \/>\n<meta property=\"og:locale\" content=\"et_EE\" \/>\n<meta property=\"og:type\" content=\"article\" \/>\n<meta property=\"og:title\" content=\"Lohesurf, foil- ja tiivasurf &amp; SUP P\u00e4rnus | Surf\u2019n\u2019Soul\" \/>\n<meta property=\"og:description\" content=\"Lohesurf, wingfoil\/foil ja SUP-kursused P\u00e4rnu rannas. Avar joogasaal, kohvik ja privaatne rannasaun. Broneeri elamus Surf\u2019n\u2019Soulis!\" \/>\n<meta property=\"og:url\" content=\"https:\/\/surfnsoul.ee\/et\/\" \/>\n<meta property=\"og:site_name\" content=\"Surf&#039;n&#039;Soul\" \/>\n<meta property=\"article:publisher\" content=\"https:\/\/www.facebook.com\/surfnsoulparnu\" \/>\n<meta property=\"article:modified_time\" content=\"2026-02-17T14:24:41+00:00\" \/>\n<meta property=\"og:image\" content=\"https:\/\/surfnsoul.ee\/wp-content\/uploads\/2025\/04\/IMG_3227.jpeg\" \/>\n\t<meta property=\"og:image:width\" content=\"1179\" \/>\n\t<meta property=\"og:image:height\" content=\"1333\" \/>\n\t<meta property=\"og:image:type\" content=\"image\/jpeg\" \/>\n<script type=\"application\/ld+json\" class=\"yoast-schema-graph\">{\"@context\":\"https:\/\/schema.org\",\"@graph\":[{\"@type\":\"WebPage\",\"@id\":\"https:\/\/surfnsoul.ee\/et\/\",\"url\":\"https:\/\/surfnsoul.ee\/et\/\",\"name\":\"Lohesurf, foil- ja tiivasurf & SUP P\u00e4rnus | Surf\u2019n\u2019Soul\",\"isPartOf\":{\"@id\":\"https:\/\/surfnsoul.ee\/#website\"},\"datePublished\":\"2020-01-08T09:15:21+00:00\",\"dateModified\":\"2026-02-17T14:24:41+00:00\",\"description\":\"Lohesurf, wingfoil\/foil ja SUP-kursused P\u00e4rnu rannas. Avar joogasaal, kohvik ja privaatne rannasaun. Broneeri elamus Surf\u2019n\u2019Soulis!\",\"breadcrumb\":{\"@id\":\"https:\/\/surfnsoul.ee\/et\/#breadcrumb\"},\"inLanguage\":\"et\",\"potentialAction\":[{\"@type\":\"ReadAction\",\"target\":[\"https:\/\/surfnsoul.ee\/et\/\"]}]},{\"@type\":\"BreadcrumbList\",\"@id\":\"https:\/\/surfnsoul.ee\/et\/#breadcrumb\",\"itemListElement\":[{\"@type\":\"ListItem\",\"position\":1,\"name\":\"Home\",\"item\":\"https:\/\/surfnsoul.ee\/et\/\"},{\"@type\":\"ListItem\",\"position\":2,\"name\":\"Avaleht\"}]},{\"@type\":\"WebSite\",\"@id\":\"https:\/\/surfnsoul.ee\/#website\",\"url\":\"https:\/\/surfnsoul.ee\/\",\"name\":\"Surf'n'Soul\",\"description\":\"Lohesurf, Aerusurf, Jooga ja hea toit. Koolitus ja rent\",\"publisher\":{\"@id\":\"https:\/\/surfnsoul.ee\/#organization\"},\"potentialAction\":[{\"@type\":\"SearchAction\",\"target\":{\"@type\":\"EntryPoint\",\"urlTemplate\":\"https:\/\/surfnsoul.ee\/?s={search_term_string}\"},\"query-input\":{\"@type\":\"PropertyValueSpecification\",\"valueRequired\":true,\"valueName\":\"search_term_string\"}}],\"inLanguage\":\"et\"},{\"@type\":\"Organization\",\"@id\":\"https:\/\/surfnsoul.ee\/#organization\",\"name\":\"Surf'n'Soul\",\"url\":\"https:\/\/surfnsoul.ee\/\",\"logo\":{\"@type\":\"ImageObject\",\"inLanguage\":\"et\",\"@id\":\"https:\/\/surfnsoul.ee\/#\/schema\/logo\/image\/\",\"url\":\"https:\/\/surfnsoul.ee\/wp-content\/uploads\/2024\/03\/Vektorfail.svg\",\"contentUrl\":\"https:\/\/surfnsoul.ee\/wp-content\/uploads\/2024\/03\/Vektorfail.svg\",\"width\":900,\"height\":900,\"caption\":\"Surf'n'Soul\"},\"image\":{\"@id\":\"https:\/\/surfnsoul.ee\/#\/schema\/logo\/image\/\"},\"sameAs\":[\"https:\/\/www.facebook.com\/surfnsoulparnu\"]}]}<\/script>\n<!-- \/ Yoast SEO plugin. -->","yoast_head_json":{"title":"Lohesurf, foil- ja tiivasurf & SUP P\u00e4rnus | Surf\u2019n\u2019Soul","description":"Lohesurf, wingfoil\/foil ja SUP-kursused P\u00e4rnu rannas. Avar joogasaal, kohvik ja privaatne rannasaun. Broneeri elamus Surf\u2019n\u2019Soulis!","robots":{"index":"index","follow":"follow","max-snippet":"max-snippet:-1","max-image-preview":"max-image-preview:large","max-video-preview":"max-video-preview:-1"},"canonical":"https:\/\/surfnsoul.ee\/et\/","og_locale":"et_EE","og_type":"article","og_title":"Lohesurf, foil- ja tiivasurf & SUP P\u00e4rnus | Surf\u2019n\u2019Soul","og_description":"Lohesurf, wingfoil\/foil ja SUP-kursused P\u00e4rnu rannas. Avar joogasaal, kohvik ja privaatne rannasaun. Broneeri elamus Surf\u2019n\u2019Soulis!","og_url":"https:\/\/surfnsoul.ee\/et\/","og_site_name":"Surf&#039;n&#039;Soul","article_publisher":"https:\/\/www.facebook.com\/surfnsoulparnu","article_modified_time":"2026-02-17T14:24:41+00:00","og_image":[{"width":1179,"height":1333,"url":"https:\/\/surfnsoul.ee\/wp-content\/uploads\/2025\/04\/IMG_3227.jpeg","type":"image\/jpeg"}],"schema":{"@context":"https:\/\/schema.org","@graph":[{"@type":"WebPage","@id":"https:\/\/surfnsoul.ee\/et\/","url":"https:\/\/surfnsoul.ee\/et\/","name":"Lohesurf, foil- ja tiivasurf & SUP P\u00e4rnus | Surf\u2019n\u2019Soul","isPartOf":{"@id":"https:\/\/surfnsoul.ee\/#website"},"datePublished":"2020-01-08T09:15:21+00:00","dateModified":"2026-02-17T14:24:41+00:00","description":"Lohesurf, wingfoil\/foil ja SUP-kursused P\u00e4rnu rannas. Avar joogasaal, kohvik ja privaatne rannasaun. Broneeri elamus Surf\u2019n\u2019Soulis!","breadcrumb":{"@id":"https:\/\/surfnsoul.ee\/et\/#breadcrumb"},"inLanguage":"et","potentialAction":[{"@type":"ReadAction","target":["https:\/\/surfnsoul.ee\/et\/"]}]},{"@type":"BreadcrumbList","@id":"https:\/\/surfnsoul.ee\/et\/#breadcrumb","itemListElement":[{"@type":"ListItem","position":1,"name":"Home","item":"https:\/\/surfnsoul.ee\/et\/"},{"@type":"ListItem","position":2,"name":"Avaleht"}]},{"@type":"WebSite","@id":"https:\/\/surfnsoul.ee\/#website","url":"https:\/\/surfnsoul.ee\/","name":"Surf'n'Soul","description":"Lohesurf, Aerusurf, Jooga ja hea toit. Koolitus ja rent","publisher":{"@id":"https:\/\/surfnsoul.ee\/#organization"},"potentialAction":[{"@type":"SearchAction","target":{"@type":"EntryPoint","urlTemplate":"https:\/\/surfnsoul.ee\/?s={search_term_string}"},"query-input":{"@type":"PropertyValueSpecification","valueRequired":true,"valueName":"search_term_string"}}],"inLanguage":"et"},{"@type":"Organization","@id":"https:\/\/surfnsoul.ee\/#organization","name":"Surf'n'Soul","url":"https:\/\/surfnsoul.ee\/","logo":{"@type":"ImageObject","inLanguage":"et","@id":"https:\/\/surfnsoul.ee\/#\/schema\/logo\/image\/","url":"https:\/\/surfnsoul.ee\/wp-content\/uploads\/2024\/03\/Vektorfail.svg","contentUrl":"https:\/\/surfnsoul.ee\/wp-content\/uploads\/2024\/03\/Vektorfail.svg","width":900,"height":900,"caption":"Surf'n'Soul"},"image":{"@id":"https:\/\/surfnsoul.ee\/#\/schema\/logo\/image\/"},"sameAs":["https:\/\/www.facebook.com\/surfnsoulparnu"]}]}},"_links":{"self":[{"href":"https:\/\/surfnsoul.ee\/et\/wp-json\/wp\/v2\/pages\/3846","targetHints":{"allow":["GET"]}}],"collection":[{"href":"https:\/\/surfnsoul.ee\/et\/wp-json\/wp\/v2\/pages"}],"about":[{"href":"https:\/\/surfnsoul.ee\/et\/wp-json\/wp\/v2\/types\/page"}],"author":[{"embeddable":true,"href":"https:\/\/surfnsoul.ee\/et\/wp-json\/wp\/v2\/users\/1"}],"replies":[{"embeddable":true,"href":"https:\/\/surfnsoul.ee\/et\/wp-json\/wp\/v2\/comments?post=3846"}],"version-history":[{"count":5,"href":"https:\/\/surfnsoul.ee\/et\/wp-json\/wp\/v2\/pages\/3846\/revisions"}],"predecessor-version":[{"id":4439,"href":"https:\/\/surfnsoul.ee\/et\/wp-json\/wp\/v2\/pages\/3846\/revisions\/4439"}],"wp:attachment":[{"href":"https:\/\/surfnsoul.ee\/et\/wp-json\/wp\/v2\/media?parent=3846"}],"curies":[{"name":"wp","href":"https:\/\/api.w.org\/{rel}","templated":true}]}}