{"id":3855,"date":"2020-01-31T14:52:30","date_gmt":"2020-01-31T12:52:30","guid":{"rendered":"https:\/\/surfnsoul.ee\/events\/"},"modified":"2026-03-04T15:58:41","modified_gmt":"2026-03-04T13:58:41","slug":"uritused","status":"publish","type":"page","link":"https:\/\/surfnsoul.ee\/et\/uritused\/","title":{"rendered":"\u00dcritused"},"content":{"rendered":"<div class=\"wpb-content-wrapper\"><p>[vc_row row_content_width=&#8221;grid&#8221; css=&#8221;.vc_custom_1770976103718{margin-top: 80px !important;margin-bottom: 80px !important;}&#8221;][vc_column]\n\t\t\t<!-- START \u00dcritused EST REVOLUTION SLIDER 6.7.12 --><p class=\"rs-p-wp-fix\"><\/p>\n\t\t\t<rs-module-wrap id=\"rev_slider_22_1_wrapper\" data-source=\"gallery\" style=\"visibility:hidden;background:#4bd5cd;padding:0;\">\n\t\t\t\t<rs-module id=\"rev_slider_22_1\" style=\"\" data-version=\"6.7.12\">\n\t\t\t\t\t<rs-slides style=\"overflow: hidden; position: absolute;\">\n\t\t\t\t\t\t<rs-slide style=\"position: absolute;\" data-key=\"rs-36\" data-title=\"Slide\" data-in=\"x:100%;\" data-out=\"x:-100%;\">\n\t\t\t\t\t\t\t<img decoding=\"async\" src=\"\/\/surfnsoul.ee\/wp-content\/plugins\/revslider\/sr6\/assets\/assets\/dummy.png\" alt=\"beach front cafe\" title=\"beach front cafe\" width=\"2048\" height=\"1365\" class=\"rev-slidebg tp-rs-img rs-lazyload\" data-lazyload=\"\/\/surfnsoul.ee\/wp-content\/uploads\/2025\/09\/IMG_2825.jpeg\" data-no-retina>\n<!--\n\t\t\t\t\t\t\t--><rs-layer\n\t\t\t\t\t\t\t\tid=\"slider-22-slide-36-layer-0\" \n\t\t\t\t\t\t\t\tdata-type=\"text\"\n\t\t\t\t\t\t\t\tdata-color=\"#000000\"\n\t\t\t\t\t\t\t\tdata-xy=\"x:c;xo:-60px,-50px,-27px,-13px;y:m;yo:54px,45px,24px,12px;\"\n\t\t\t\t\t\t\t\tdata-text=\"w:normal;s:60,50,27,13;l:70,59,32,16;ls:-1,0,0,0;a:center;\"\n\t\t\t\t\t\t\t\tdata-dim=\"w:1013px,857px,467px,233px;h:94px,79px,43px,21px;minh:0px,none,none,none;\"\n\t\t\t\t\t\t\t\tdata-rsp_o=\"off\"\n\t\t\t\t\t\t\t\tdata-rsp_bd=\"off\"\n\t\t\t\t\t\t\t\tdata-frame_999=\"o:0;st:w;\"\n\t\t\t\t\t\t\t\tstyle=\"z-index:5;font-family:'Shadows Into Light';text-transform:uppercase;\"\n\t\t\t\t\t\t\t>\u00dcritused p\u00e4rnu rannas Surf\u2019n\u2019Soulis \n\t\t\t\t\t\t\t<\/rs-layer><!--\n-->\t\t\t\t\t<\/rs-slide>\n\t\t\t\t\t<\/rs-slides>\n\t\t\t\t\t<rs-static-layers><!--\n\n\t\t\t\t\t\t\t--><rs-layer\n\t\t\t\t\t\t\t\tid=\"slider-22-slide-22-layer-3\" \n\t\t\t\t\t\t\t\tclass=\"rs-layer-static\"\n\t\t\t\t\t\t\t\tdata-type=\"image\"\n\t\t\t\t\t\t\t\tdata-xy=\"x:c;y:m;yo:0,-35px,-35px,-30px;\"\n\t\t\t\t\t\t\t\tdata-text=\"w:normal;s:20,16,8,4;l:0,21,11,6;\"\n\t\t\t\t\t\t\t\tdata-dim=\"w:auto,308px,308px,248px;h:auto,294px,294px,237px;\"\n\t\t\t\t\t\t\t\tdata-basealign=\"slide\"\n\t\t\t\t\t\t\t\tdata-rsp_o=\"off\"\n\t\t\t\t\t\t\t\tdata-rsp_bd=\"off\"\n\t\t\t\t\t\t\t\tdata-onslides=\"s:1;\"\n\t\t\t\t\t\t\t\tdata-frame_0=\"rX:-70deg;oZ:-50;\"\n\t\t\t\t\t\t\t\tdata-frame_1=\"oZ:-50;e:power4.inOut;st:250;sp:1550;sR:250;\"\n\t\t\t\t\t\t\t\tdata-frame_999=\"o:0;st:w;sR:7200;\"\n\t\t\t\t\t\t\t\tstyle=\"z-index:9;\"\n\t\t\t\t\t\t\t><img decoding=\"async\" src=\"\/\/surfnsoul.ee\/wp-content\/plugins\/revslider\/sr6\/assets\/assets\/dummy.png\" alt=\"\" class=\"tp-rs-img rs-lazyload\" data-lazyload=\"\/\/surfnsoul.ee\/wp-content\/uploads\/2020\/02\/h1-rev-img-1.png\" data-no-retina> \n\t\t\t\t\t\t\t<\/rs-layer><!--\n\n\t\t\t\t\t\t\t--><rs-layer\n\t\t\t\t\t\t\t\tid=\"slider-22-slide-22-layer-6\" \n\t\t\t\t\t\t\t\tclass=\"rs-layer-static\"\n\t\t\t\t\t\t\t\tdata-type=\"text\"\n\t\t\t\t\t\t\t\tdata-xy=\"x:c;xo:2px;y:b;yo:61px;\"\n\t\t\t\t\t\t\t\tdata-text=\"w:normal;s:12;ls:3px;fw:700;\"\n\t\t\t\t\t\t\t\tdata-vbility=\"t,t,f,f\"\n\t\t\t\t\t\t\t\tdata-basealign=\"slide\"\n\t\t\t\t\t\t\t\tdata-rsp_o=\"off\"\n\t\t\t\t\t\t\t\tdata-rsp_bd=\"off\"\n\t\t\t\t\t\t\t\tdata-onslides=\"s:1;\"\n\t\t\t\t\t\t\t\tdata-frame_1=\"st:280;sp:1350;sR:280;\"\n\t\t\t\t\t\t\t\tdata-frame_999=\"o:0;st:w;sR:7370;\"\n\t\t\t\t\t\t\t\tstyle=\"z-index:12;font-family:'Roboto';\"\n\t\t\t\t\t\t\t>SCROLL \n\t\t\t\t\t\t\t<\/rs-layer><!--\n\n\t\t\t\t\t\t\t--><rs-layer\n\t\t\t\t\t\t\t\tid=\"slider-22-slide-22-layer-8\" \n\t\t\t\t\t\t\t\tclass=\"rs-layer-static\"\n\t\t\t\t\t\t\t\tdata-type=\"text\"\n\t\t\t\t\t\t\t\tdata-xy=\"x:c;y:b;yo:-2px,-1px,-1px,-1px;\"\n\t\t\t\t\t\t\t\tdata-vbility=\"t,t,f,f\"\n\t\t\t\t\t\t\t\tdata-basealign=\"slide\"\n\t\t\t\t\t\t\t\tdata-rsp_o=\"off\"\n\t\t\t\t\t\t\t\tdata-rsp_bd=\"off\"\n\t\t\t\t\t\t\t\tdata-onslides=\"s:1;\"\n\t\t\t\t\t\t\t\tdata-frame_0=\"y:50;\"\n\t\t\t\t\t\t\t\tdata-frame_1=\"e:expo.out;st:280;sp:1370;sR:280;\"\n\t\t\t\t\t\t\t\tdata-frame_999=\"o:0;st:w;sR:7350;\"\n\t\t\t\t\t\t\t\tstyle=\"z-index:13;font-family:'Roboto';\"\n\t\t\t\t\t\t\t><div class=\"rev-scroll-wave\"><div><\/div><\/div> \n\t\t\t\t\t\t\t<\/rs-layer><!--\n\t\t\t\t\t--><\/rs-static-layers>\n\t\t\t\t<\/rs-module>\n\t\t\t\t<script>\n\t\t\t\t\tsetREVStartSize({c: 'rev_slider_22_1',rl:[1240,1024,778,480],el:[800,645,700,500],gw:[1300,1100,600,300],gh:[800,645,700,500],type:'standard',justify:'',layout:'fullscreen',offsetContainer:'html:not(.touch) .qodef-page-header, html:not(.touch) .qodef-top-bar, html.touch .qodef-mobile-header',offset:'',mh:\"0\"});if (window.RS_MODULES!==undefined && window.RS_MODULES.modules!==undefined && window.RS_MODULES.modules[\"revslider221\"]!==undefined) {window.RS_MODULES.modules[\"revslider221\"].once = false;window.revapi22 = undefined;if (window.RS_MODULES.checkMinimal!==undefined) window.RS_MODULES.checkMinimal()}\n\t\t\t\t<\/script>\n\t\t\t<\/rs-module-wrap>\n\t\t\t<!-- END REVOLUTION SLIDER -->\n[vc_column_text css=&#8221;&#8221;]<\/p>\n<h4 style=\"text-align: center;\">Surfi- ja joogakeskus P\u00e4rnu rannas, mere \u00e4\u00e4res. T\u00f6\u00f6toad, koosviibimised, peod ja kogukonna\u00f5htud.<\/h4>\n<p>[\/vc_column_text][\/vc_column][\/vc_row][vc_row][vc_column width=&#8221;1\/3&#8243;][vc_cta h2=&#8221;Tulekul&#8221; txt_align=&#8221;center&#8221; shape=&#8221;square&#8221; css=&#8221;&#8221;]<\/p>\n<h6><a href=\"https:\/\/www.facebook.com\/events\/942995628208849\">Naistep\u00e4eva brunch rannas 08.03<\/a><\/h6>\n<h6><a href=\"https:\/\/nordickitefest.eu\">Nordic Kite Fest 2026<\/a><\/h6>\n<h6><a href=\"https:\/\/kitecrew.surfnsoul.ee\">Surf\u00b4n\u00b4Soul Kite crew 2026<\/a><\/h6>\n<h6>Reedin Baltics ja Surf\u00b4n\u00b4Soul suvehooaja avamine 2026 mai<\/h6>\n<h6>Lastelaager rannas 2026 juuli<\/h6>\n<h6>40+ surfi- ja joogalaager ainult naistele 2026 juuli<\/h6>\n<h6>Muinastulede \u00f6\u00f6 2026 august<\/h6>\n<h6>Reedin Baltics &amp; Surf\u00b4n\u00b4Soul noorte surfiv\u00f5istlus P\u00e4rnus 2026 september<\/h6>\n<p>[\/vc_cta][\/vc_column][vc_column width=&#8221;1\/3&#8243;][vc_cta h2=&#8221;Tee oma \u00fcritus Surf\u2019n\u2019Soulis&#8221; h4=&#8221;Mere\u00e4\u00e4rne koht P\u00e4rnus \u2013 sobib nii t\u00f6\u00f6toaks, tiimi\u00f5htuks kui ka t\u00e4histamiseks.&#8221; txt_align=&#8221;center&#8221; shape=&#8221;square&#8221; css=&#8221;&#8221;]<\/p>\n<p data-start=\"974\" data-end=\"1044\"><strong data-start=\"974\" data-end=\"988\">Joogasaal:<\/strong> kuni <strong data-start=\"994\" data-end=\"1000\">60<\/strong> istuvat kohta (loengud, t\u00f6\u00f6toad, trennid)<\/p>\n<p data-start=\"1047\" data-end=\"1141\"><strong data-start=\"1047\" data-end=\"1063\">Kohviku ala:<\/strong> m\u00f5nusam v\u00e4iksemale seltskonnale, kuni <strong data-start=\"1102\" data-end=\"1108\">25<\/strong> inimest (kohvipausid, s\u00f6\u00f6mine)<\/p>\n<p data-start=\"1144\" data-end=\"1231\"><strong data-start=\"1144\" data-end=\"1168\">Terrass + rannavaib:<\/strong> parim osa \u201clihtsalt olla\u201d, jutustada ja p\u00e4ikeseloojangut p\u00fc\u00fcda<\/p>\n<p data-start=\"1144\" data-end=\"1231\"><a href=\"https:\/\/tiimipaev.surfnsoul.ee\/\"><strong><span style=\"text-decoration: underline;\">Tule oma meeskonnaga randa<\/span><\/strong><\/a><\/p>\n<p>[\/vc_cta][\/vc_column][vc_column width=&#8221;1\/3&#8243;][vc_cta h2=&#8221;Privaatne rannasaun&#8221; h4=&#8221;Saun mere \u00e4\u00e4res \u2013 lihtne, m\u00f5nus ja p\u00e4ris. Sinu seltskonnale, mitte jagamiseks.&#8221; txt_align=&#8221;center&#8221; shape=&#8221;square&#8221; css=&#8221;&#8221;]<\/p>\n<p data-start=\"902\" data-end=\"980\"><a href=\"https:\/\/surfnsoul.ee\/et\/kontakt\/\"><strong>Kirjuta meile kuup\u00e4ev ja seltskonna suurus \u2013 saadame kiiresti pakkumise.<\/strong><\/a><\/p>\n<p>[\/vc_cta][\/vc_column][\/vc_row]<\/p>\n<\/div>","protected":false},"excerpt":{"rendered":"<p>[vc_row row_content_width=&#8221;grid&#8221; css=&#8221;.vc_custom_1770976103718{margin-top: 80px !important;margin-bottom: 80px !important;}&#8221;][vc_column][vc_column_text css=&#8221;&#8221;] Surfi- ja joogakeskus P\u00e4rnu rannas, mere \u00e4\u00e4res. T\u00f6\u00f6toad, koosviibimised, peod ja kogukonna\u00f5htud. [\/vc_column_text][\/vc_column][\/vc_row][vc_row][vc_column width=&#8221;1\/3&#8243;][vc_cta h2=&#8221;Tulekul&#8221; txt_align=&#8221;center&#8221; shape=&#8221;square&#8221; css=&#8221;&#8221;] Naistep\u00e4eva brunch rannas 08.03 Nordic Kite Fest 2026 Surf\u00b4n\u00b4Soul Kite crew 2026 Reedin Baltics [&hellip;]<\/p>\n","protected":false},"author":1,"featured_media":0,"parent":0,"menu_order":0,"comment_status":"closed","ping_status":"closed","template":"full-width.php","meta":{"footnotes":""},"class_list":["post-3855","page","type-page","status-publish","hentry"],"yoast_head":"<!-- This site is optimized with the Yoast SEO plugin v26.9 - https:\/\/yoast.com\/product\/yoast-seo-wordpress\/ -->\n<title>Mis toimub P\u00e4rnu rannas? | Surf\u2019n\u2019Souli \u00fcritused &amp; elamused<\/title>\n<meta name=\"description\" content=\"\u00dcritused P\u00e4rnu rannas + v\u00f5imalus broneerida Surf\u2019n\u2019Soul oma peoks v\u00f5i tiimi\u00fcrituseks. Ruum, kohvik ja privaatne rannasaun\" \/>\n<meta name=\"robots\" content=\"index, follow, max-snippet:-1, max-image-preview:large, max-video-preview:-1\" \/>\n<link rel=\"canonical\" href=\"https:\/\/surfnsoul.ee\/et\/uritused\/\" \/>\n<meta property=\"og:locale\" content=\"et_EE\" \/>\n<meta property=\"og:type\" content=\"article\" \/>\n<meta property=\"og:title\" content=\"Mis toimub P\u00e4rnu rannas? | Surf\u2019n\u2019Souli \u00fcritused &amp; elamused\" \/>\n<meta property=\"og:description\" content=\"\u00dcritused P\u00e4rnu rannas + v\u00f5imalus broneerida Surf\u2019n\u2019Soul oma peoks v\u00f5i tiimi\u00fcrituseks. Ruum, kohvik ja privaatne rannasaun\" \/>\n<meta property=\"og:url\" content=\"https:\/\/surfnsoul.ee\/et\/uritused\/\" \/>\n<meta property=\"og:site_name\" content=\"Surf&#039;n&#039;Soul\" \/>\n<meta property=\"article:publisher\" content=\"https:\/\/www.facebook.com\/surfnsoulparnu\" \/>\n<meta property=\"article:modified_time\" content=\"2026-03-04T13:58:41+00:00\" \/>\n<meta property=\"og:image\" content=\"https:\/\/surfnsoul.ee\/wp-content\/uploads\/2024\/09\/IMG_2160.jpg\" \/>\n\t<meta property=\"og:image:width\" content=\"2048\" \/>\n\t<meta property=\"og:image:height\" content=\"1365\" \/>\n\t<meta property=\"og:image:type\" content=\"image\/jpeg\" \/>\n<script type=\"application\/ld+json\" class=\"yoast-schema-graph\">{\"@context\":\"https:\/\/schema.org\",\"@graph\":[{\"@type\":\"WebPage\",\"@id\":\"https:\/\/surfnsoul.ee\/et\/uritused\/\",\"url\":\"https:\/\/surfnsoul.ee\/et\/uritused\/\",\"name\":\"Mis toimub P\u00e4rnu rannas? | Surf\u2019n\u2019Souli \u00fcritused & elamused\",\"isPartOf\":{\"@id\":\"https:\/\/surfnsoul.ee\/#website\"},\"datePublished\":\"2020-01-31T12:52:30+00:00\",\"dateModified\":\"2026-03-04T13:58:41+00:00\",\"description\":\"\u00dcritused P\u00e4rnu rannas + v\u00f5imalus broneerida Surf\u2019n\u2019Soul oma peoks v\u00f5i tiimi\u00fcrituseks. Ruum, kohvik ja privaatne rannasaun\",\"breadcrumb\":{\"@id\":\"https:\/\/surfnsoul.ee\/et\/uritused\/#breadcrumb\"},\"inLanguage\":\"et\",\"potentialAction\":[{\"@type\":\"ReadAction\",\"target\":[\"https:\/\/surfnsoul.ee\/et\/uritused\/\"]}]},{\"@type\":\"BreadcrumbList\",\"@id\":\"https:\/\/surfnsoul.ee\/et\/uritused\/#breadcrumb\",\"itemListElement\":[{\"@type\":\"ListItem\",\"position\":1,\"name\":\"Home\",\"item\":\"https:\/\/surfnsoul.ee\/et\/\"},{\"@type\":\"ListItem\",\"position\":2,\"name\":\"\u00dcritused\"}]},{\"@type\":\"WebSite\",\"@id\":\"https:\/\/surfnsoul.ee\/#website\",\"url\":\"https:\/\/surfnsoul.ee\/\",\"name\":\"Surf'n'Soul\",\"description\":\"Lohesurf, Aerusurf, Jooga ja hea toit. Koolitus ja rent\",\"publisher\":{\"@id\":\"https:\/\/surfnsoul.ee\/#organization\"},\"potentialAction\":[{\"@type\":\"SearchAction\",\"target\":{\"@type\":\"EntryPoint\",\"urlTemplate\":\"https:\/\/surfnsoul.ee\/?s={search_term_string}\"},\"query-input\":{\"@type\":\"PropertyValueSpecification\",\"valueRequired\":true,\"valueName\":\"search_term_string\"}}],\"inLanguage\":\"et\"},{\"@type\":\"Organization\",\"@id\":\"https:\/\/surfnsoul.ee\/#organization\",\"name\":\"Surf'n'Soul\",\"url\":\"https:\/\/surfnsoul.ee\/\",\"logo\":{\"@type\":\"ImageObject\",\"inLanguage\":\"et\",\"@id\":\"https:\/\/surfnsoul.ee\/#\/schema\/logo\/image\/\",\"url\":\"https:\/\/surfnsoul.ee\/wp-content\/uploads\/2024\/03\/Vektorfail.svg\",\"contentUrl\":\"https:\/\/surfnsoul.ee\/wp-content\/uploads\/2024\/03\/Vektorfail.svg\",\"width\":900,\"height\":900,\"caption\":\"Surf'n'Soul\"},\"image\":{\"@id\":\"https:\/\/surfnsoul.ee\/#\/schema\/logo\/image\/\"},\"sameAs\":[\"https:\/\/www.facebook.com\/surfnsoulparnu\"]}]}<\/script>\n<!-- \/ Yoast SEO plugin. -->","yoast_head_json":{"title":"Mis toimub P\u00e4rnu rannas? | Surf\u2019n\u2019Souli \u00fcritused & elamused","description":"\u00dcritused P\u00e4rnu rannas + v\u00f5imalus broneerida Surf\u2019n\u2019Soul oma peoks v\u00f5i tiimi\u00fcrituseks. Ruum, kohvik ja privaatne rannasaun","robots":{"index":"index","follow":"follow","max-snippet":"max-snippet:-1","max-image-preview":"max-image-preview:large","max-video-preview":"max-video-preview:-1"},"canonical":"https:\/\/surfnsoul.ee\/et\/uritused\/","og_locale":"et_EE","og_type":"article","og_title":"Mis toimub P\u00e4rnu rannas? | Surf\u2019n\u2019Souli \u00fcritused & elamused","og_description":"\u00dcritused P\u00e4rnu rannas + v\u00f5imalus broneerida Surf\u2019n\u2019Soul oma peoks v\u00f5i tiimi\u00fcrituseks. Ruum, kohvik ja privaatne rannasaun","og_url":"https:\/\/surfnsoul.ee\/et\/uritused\/","og_site_name":"Surf&#039;n&#039;Soul","article_publisher":"https:\/\/www.facebook.com\/surfnsoulparnu","article_modified_time":"2026-03-04T13:58:41+00:00","og_image":[{"width":2048,"height":1365,"url":"https:\/\/surfnsoul.ee\/wp-content\/uploads\/2024\/09\/IMG_2160.jpg","type":"image\/jpeg"}],"schema":{"@context":"https:\/\/schema.org","@graph":[{"@type":"WebPage","@id":"https:\/\/surfnsoul.ee\/et\/uritused\/","url":"https:\/\/surfnsoul.ee\/et\/uritused\/","name":"Mis toimub P\u00e4rnu rannas? | Surf\u2019n\u2019Souli \u00fcritused & elamused","isPartOf":{"@id":"https:\/\/surfnsoul.ee\/#website"},"datePublished":"2020-01-31T12:52:30+00:00","dateModified":"2026-03-04T13:58:41+00:00","description":"\u00dcritused P\u00e4rnu rannas + v\u00f5imalus broneerida Surf\u2019n\u2019Soul oma peoks v\u00f5i tiimi\u00fcrituseks. Ruum, kohvik ja privaatne rannasaun","breadcrumb":{"@id":"https:\/\/surfnsoul.ee\/et\/uritused\/#breadcrumb"},"inLanguage":"et","potentialAction":[{"@type":"ReadAction","target":["https:\/\/surfnsoul.ee\/et\/uritused\/"]}]},{"@type":"BreadcrumbList","@id":"https:\/\/surfnsoul.ee\/et\/uritused\/#breadcrumb","itemListElement":[{"@type":"ListItem","position":1,"name":"Home","item":"https:\/\/surfnsoul.ee\/et\/"},{"@type":"ListItem","position":2,"name":"\u00dcritused"}]},{"@type":"WebSite","@id":"https:\/\/surfnsoul.ee\/#website","url":"https:\/\/surfnsoul.ee\/","name":"Surf'n'Soul","description":"Lohesurf, Aerusurf, Jooga ja hea toit. Koolitus ja rent","publisher":{"@id":"https:\/\/surfnsoul.ee\/#organization"},"potentialAction":[{"@type":"SearchAction","target":{"@type":"EntryPoint","urlTemplate":"https:\/\/surfnsoul.ee\/?s={search_term_string}"},"query-input":{"@type":"PropertyValueSpecification","valueRequired":true,"valueName":"search_term_string"}}],"inLanguage":"et"},{"@type":"Organization","@id":"https:\/\/surfnsoul.ee\/#organization","name":"Surf'n'Soul","url":"https:\/\/surfnsoul.ee\/","logo":{"@type":"ImageObject","inLanguage":"et","@id":"https:\/\/surfnsoul.ee\/#\/schema\/logo\/image\/","url":"https:\/\/surfnsoul.ee\/wp-content\/uploads\/2024\/03\/Vektorfail.svg","contentUrl":"https:\/\/surfnsoul.ee\/wp-content\/uploads\/2024\/03\/Vektorfail.svg","width":900,"height":900,"caption":"Surf'n'Soul"},"image":{"@id":"https:\/\/surfnsoul.ee\/#\/schema\/logo\/image\/"},"sameAs":["https:\/\/www.facebook.com\/surfnsoulparnu"]}]}},"_links":{"self":[{"href":"https:\/\/surfnsoul.ee\/et\/wp-json\/wp\/v2\/pages\/3855","targetHints":{"allow":["GET"]}}],"collection":[{"href":"https:\/\/surfnsoul.ee\/et\/wp-json\/wp\/v2\/pages"}],"about":[{"href":"https:\/\/surfnsoul.ee\/et\/wp-json\/wp\/v2\/types\/page"}],"author":[{"embeddable":true,"href":"https:\/\/surfnsoul.ee\/et\/wp-json\/wp\/v2\/users\/1"}],"replies":[{"embeddable":true,"href":"https:\/\/surfnsoul.ee\/et\/wp-json\/wp\/v2\/comments?post=3855"}],"version-history":[{"count":5,"href":"https:\/\/surfnsoul.ee\/et\/wp-json\/wp\/v2\/pages\/3855\/revisions"}],"predecessor-version":[{"id":4445,"href":"https:\/\/surfnsoul.ee\/et\/wp-json\/wp\/v2\/pages\/3855\/revisions\/4445"}],"wp:attachment":[{"href":"https:\/\/surfnsoul.ee\/et\/wp-json\/wp\/v2\/media?parent=3855"}],"curies":[{"name":"wp","href":"https:\/\/api.w.org\/{rel}","templated":true}]}}