{"id":3861,"date":"2024-02-21T23:37:11","date_gmt":"2024-02-21T21:37:11","guid":{"rendered":"https:\/\/surfnsoul.ee\/privacy-policy\/"},"modified":"2024-10-08T13:57:56","modified_gmt":"2024-10-08T10:57:56","slug":"privaatsuspoliitika","status":"publish","type":"page","link":"https:\/\/surfnsoul.ee\/et\/privaatsuspoliitika\/","title":{"rendered":"Privaatsuspooliitika"},"content":{"rendered":"<div class=\"wpb-content-wrapper\"><p>[vc_row][vc_column][vc_custom_heading text=&#8221;Privaatsuspooliitika&#8221; font_container=&#8221;tag:h1|text_align:left&#8221; use_theme_fonts=&#8221;yes&#8221;][\/vc_column][\/vc_row][vc_row][vc_column][vc_column_text]<strong>Ait\u00e4h, et k\u00fclastasite meie veebilehte. Teie privaatsus on meile oluline ja oleme p\u00fchendunud teie isikuandmete kaitsmisele. K\u00e4esolev privaatsuspoliitika kirjeldab, kuidas kogume, kasutame ja kaitseme teavet, mille te meie veebilehe kaudu jagate.<\/strong><\/p>\n<h3>Kogutud Teave<\/h3>\n<p>Kogume isikuandmeid, mida te vabatahtlikult meile edastate, n\u00e4iteks oma e-posti aadress, telefoninumbr ja muu teave, mida soovite jagada.<\/p>\n<h3>Kuidas Me Teie Teavet Kasutame<\/h3>\n<p>Kasutame kogutud teavet mitmel eesm\u00e4rgil, sealhulgas:<\/p>\n<ul>\n<li>Teiega suhtlemiseks, teie p\u00e4ringutele vastamiseks ja klienditoe pakkumiseks.<\/li>\n<li>Teile reklaamimeilide ja uudiskirjade saatmiseks.<\/li>\n<li>\u00d5iguslike ja regulatiivsete n\u00f5uete t\u00e4itmiseks.<\/li>\n<\/ul>\n<h3>Andmete Turvalisus<\/h3>\n<p>V\u00f5tame teie teabe turvalisust t\u00f5siselt ja rakendame m\u00f5istlikke ettevaatusabin\u00f5usid selle kaitsmiseks. Siiski ei saa me garanteerida absoluutset turvalisust, kuna interneti\u00fclekande v\u00f5i elektroonilise salvestamise meetodid ei ole 100% kaitstud.<\/p>\n<h3>K\u00fcpsised<\/h3>\n<p>Kasutame k\u00fcpsiseid ja sarnaseid j\u00e4lgimistehnoloogiaid, et j\u00e4lgida meie veebilehe tegevust ja hoida teatud teavet. Teil on v\u00f5imalus need k\u00fcpsised aktsepteerida v\u00f5i keelduda ning olla teadlik, kui k\u00fcpsis saadetakse teie seadmesse. Kui valite k\u00fcpsiste keelamise, v\u00f5ib m\u00f5ni meie veebilehe osa j\u00e4\u00e4da kasutamata.<\/p>\n<h3>Muudatused Privaatsuspoliitikas<\/h3>\n<p>J\u00e4tame endale \u00f5iguse privaatsuspoliitikat igal ajal uuendada v\u00f5i muuta. K\u00f5ik muudatused j\u00f5ustuvad kohe p\u00e4rast muudetud privaatsuspoliitika postitamist sellele lehele. Julgustame teid aeg-ajalt meie privaatsuspoliitikat \u00fcle vaatama, et olla kursis muudatustega.[\/vc_column_text][\/vc_column][\/vc_row]<\/p>\n<\/div>","protected":false},"excerpt":{"rendered":"<p>[vc_row][vc_column][vc_custom_heading text=&#8221;Privaatsuspooliitika&#8221; font_container=&#8221;tag:h1|text_align:left&#8221; use_theme_fonts=&#8221;yes&#8221;][\/vc_column][\/vc_row][vc_row][vc_column][vc_column_text]Ait\u00e4h, et k\u00fclastasite meie veebilehte. Teie privaatsus on meile oluline ja oleme p\u00fchendunud teie isikuandmete kaitsmisele. K\u00e4esolev privaatsuspoliitika kirjeldab, kuidas kogume, kasutame ja kaitseme teavet, mille te meie veebilehe kaudu jagate. Kogutud Teave Kogume isikuandmeid, mida te [&hellip;]<\/p>\n","protected":false},"author":3,"featured_media":0,"parent":0,"menu_order":0,"comment_status":"closed","ping_status":"closed","template":"","meta":{"footnotes":""},"class_list":["post-3861","page","type-page","status-publish","hentry"],"yoast_head":"<!-- This site is optimized with the Yoast SEO plugin v26.9 - https:\/\/yoast.com\/product\/yoast-seo-wordpress\/ -->\n<title>Privaatsuspooliitika - Surf&#039;n&#039;Soul<\/title>\n<meta name=\"robots\" content=\"index, follow, max-snippet:-1, max-image-preview:large, max-video-preview:-1\" \/>\n<link rel=\"canonical\" href=\"https:\/\/surfnsoul.ee\/privacy-policy\/\" \/>\n<meta property=\"og:locale\" content=\"et_EE\" \/>\n<meta property=\"og:type\" content=\"article\" \/>\n<meta property=\"og:title\" content=\"Privaatsuspooliitika - Surf&#039;n&#039;Soul\" \/>\n<meta property=\"og:description\" content=\"[vc_row][vc_column][vc_custom_heading text=&#8221;Privaatsuspooliitika&#8221; font_container=&#8221;tag:h1|text_align:left&#8221; use_theme_fonts=&#8221;yes&#8221;][\/vc_column][\/vc_row][vc_row][vc_column][vc_column_text]Ait\u00e4h, et k\u00fclastasite meie veebilehte. Teie privaatsus on meile oluline ja oleme p\u00fchendunud teie isikuandmete kaitsmisele. K\u00e4esolev privaatsuspoliitika kirjeldab, kuidas kogume, kasutame ja kaitseme teavet, mille te meie veebilehe kaudu jagate. Kogutud Teave Kogume isikuandmeid, mida te [&hellip;]\" \/>\n<meta property=\"og:url\" content=\"https:\/\/surfnsoul.ee\/privacy-policy\/\" \/>\n<meta property=\"og:site_name\" content=\"Surf&#039;n&#039;Soul\" \/>\n<meta property=\"article:publisher\" content=\"https:\/\/www.facebook.com\/surfnsoulparnu\" \/>\n<meta property=\"article:modified_time\" content=\"2024-10-08T10:57:56+00:00\" \/>\n<script type=\"application\/ld+json\" class=\"yoast-schema-graph\">{\"@context\":\"https:\/\/schema.org\",\"@graph\":[{\"@type\":\"WebPage\",\"@id\":\"https:\/\/surfnsoul.ee\/privacy-policy\/\",\"url\":\"https:\/\/surfnsoul.ee\/privacy-policy\/\",\"name\":\"Privaatsuspooliitika - Surf&#039;n&#039;Soul\",\"isPartOf\":{\"@id\":\"https:\/\/surfnsoul.ee\/#website\"},\"datePublished\":\"2024-02-21T21:37:11+00:00\",\"dateModified\":\"2024-10-08T10:57:56+00:00\",\"breadcrumb\":{\"@id\":\"https:\/\/surfnsoul.ee\/privacy-policy\/#breadcrumb\"},\"inLanguage\":\"et\",\"potentialAction\":[{\"@type\":\"ReadAction\",\"target\":[\"https:\/\/surfnsoul.ee\/privacy-policy\/\"]}]},{\"@type\":\"BreadcrumbList\",\"@id\":\"https:\/\/surfnsoul.ee\/privacy-policy\/#breadcrumb\",\"itemListElement\":[{\"@type\":\"ListItem\",\"position\":1,\"name\":\"Home\",\"item\":\"https:\/\/surfnsoul.ee\/et\/\"},{\"@type\":\"ListItem\",\"position\":2,\"name\":\"Privaatsuspooliitika\"}]},{\"@type\":\"WebSite\",\"@id\":\"https:\/\/surfnsoul.ee\/#website\",\"url\":\"https:\/\/surfnsoul.ee\/\",\"name\":\"Surf'n'Soul\",\"description\":\"Lohesurf, Aerusurf, Jooga ja hea toit. Koolitus ja rent\",\"publisher\":{\"@id\":\"https:\/\/surfnsoul.ee\/#organization\"},\"potentialAction\":[{\"@type\":\"SearchAction\",\"target\":{\"@type\":\"EntryPoint\",\"urlTemplate\":\"https:\/\/surfnsoul.ee\/?s={search_term_string}\"},\"query-input\":{\"@type\":\"PropertyValueSpecification\",\"valueRequired\":true,\"valueName\":\"search_term_string\"}}],\"inLanguage\":\"et\"},{\"@type\":\"Organization\",\"@id\":\"https:\/\/surfnsoul.ee\/#organization\",\"name\":\"Surf'n'Soul\",\"url\":\"https:\/\/surfnsoul.ee\/\",\"logo\":{\"@type\":\"ImageObject\",\"inLanguage\":\"et\",\"@id\":\"https:\/\/surfnsoul.ee\/#\/schema\/logo\/image\/\",\"url\":\"https:\/\/surfnsoul.ee\/wp-content\/uploads\/2024\/03\/Vektorfail.svg\",\"contentUrl\":\"https:\/\/surfnsoul.ee\/wp-content\/uploads\/2024\/03\/Vektorfail.svg\",\"width\":900,\"height\":900,\"caption\":\"Surf'n'Soul\"},\"image\":{\"@id\":\"https:\/\/surfnsoul.ee\/#\/schema\/logo\/image\/\"},\"sameAs\":[\"https:\/\/www.facebook.com\/surfnsoulparnu\"]}]}<\/script>\n<!-- \/ Yoast SEO plugin. -->","yoast_head_json":{"title":"Privaatsuspooliitika - Surf&#039;n&#039;Soul","robots":{"index":"index","follow":"follow","max-snippet":"max-snippet:-1","max-image-preview":"max-image-preview:large","max-video-preview":"max-video-preview:-1"},"canonical":"https:\/\/surfnsoul.ee\/privacy-policy\/","og_locale":"et_EE","og_type":"article","og_title":"Privaatsuspooliitika - Surf&#039;n&#039;Soul","og_description":"[vc_row][vc_column][vc_custom_heading text=&#8221;Privaatsuspooliitika&#8221; font_container=&#8221;tag:h1|text_align:left&#8221; use_theme_fonts=&#8221;yes&#8221;][\/vc_column][\/vc_row][vc_row][vc_column][vc_column_text]Ait\u00e4h, et k\u00fclastasite meie veebilehte. Teie privaatsus on meile oluline ja oleme p\u00fchendunud teie isikuandmete kaitsmisele. K\u00e4esolev privaatsuspoliitika kirjeldab, kuidas kogume, kasutame ja kaitseme teavet, mille te meie veebilehe kaudu jagate. Kogutud Teave Kogume isikuandmeid, mida te [&hellip;]","og_url":"https:\/\/surfnsoul.ee\/privacy-policy\/","og_site_name":"Surf&#039;n&#039;Soul","article_publisher":"https:\/\/www.facebook.com\/surfnsoulparnu","article_modified_time":"2024-10-08T10:57:56+00:00","schema":{"@context":"https:\/\/schema.org","@graph":[{"@type":"WebPage","@id":"https:\/\/surfnsoul.ee\/privacy-policy\/","url":"https:\/\/surfnsoul.ee\/privacy-policy\/","name":"Privaatsuspooliitika - Surf&#039;n&#039;Soul","isPartOf":{"@id":"https:\/\/surfnsoul.ee\/#website"},"datePublished":"2024-02-21T21:37:11+00:00","dateModified":"2024-10-08T10:57:56+00:00","breadcrumb":{"@id":"https:\/\/surfnsoul.ee\/privacy-policy\/#breadcrumb"},"inLanguage":"et","potentialAction":[{"@type":"ReadAction","target":["https:\/\/surfnsoul.ee\/privacy-policy\/"]}]},{"@type":"BreadcrumbList","@id":"https:\/\/surfnsoul.ee\/privacy-policy\/#breadcrumb","itemListElement":[{"@type":"ListItem","position":1,"name":"Home","item":"https:\/\/surfnsoul.ee\/et\/"},{"@type":"ListItem","position":2,"name":"Privaatsuspooliitika"}]},{"@type":"WebSite","@id":"https:\/\/surfnsoul.ee\/#website","url":"https:\/\/surfnsoul.ee\/","name":"Surf'n'Soul","description":"Lohesurf, Aerusurf, Jooga ja hea toit. Koolitus ja rent","publisher":{"@id":"https:\/\/surfnsoul.ee\/#organization"},"potentialAction":[{"@type":"SearchAction","target":{"@type":"EntryPoint","urlTemplate":"https:\/\/surfnsoul.ee\/?s={search_term_string}"},"query-input":{"@type":"PropertyValueSpecification","valueRequired":true,"valueName":"search_term_string"}}],"inLanguage":"et"},{"@type":"Organization","@id":"https:\/\/surfnsoul.ee\/#organization","name":"Surf'n'Soul","url":"https:\/\/surfnsoul.ee\/","logo":{"@type":"ImageObject","inLanguage":"et","@id":"https:\/\/surfnsoul.ee\/#\/schema\/logo\/image\/","url":"https:\/\/surfnsoul.ee\/wp-content\/uploads\/2024\/03\/Vektorfail.svg","contentUrl":"https:\/\/surfnsoul.ee\/wp-content\/uploads\/2024\/03\/Vektorfail.svg","width":900,"height":900,"caption":"Surf'n'Soul"},"image":{"@id":"https:\/\/surfnsoul.ee\/#\/schema\/logo\/image\/"},"sameAs":["https:\/\/www.facebook.com\/surfnsoulparnu"]}]}},"_links":{"self":[{"href":"https:\/\/surfnsoul.ee\/et\/wp-json\/wp\/v2\/pages\/3861","targetHints":{"allow":["GET"]}}],"collection":[{"href":"https:\/\/surfnsoul.ee\/et\/wp-json\/wp\/v2\/pages"}],"about":[{"href":"https:\/\/surfnsoul.ee\/et\/wp-json\/wp\/v2\/types\/page"}],"author":[{"embeddable":true,"href":"https:\/\/surfnsoul.ee\/et\/wp-json\/wp\/v2\/users\/3"}],"replies":[{"embeddable":true,"href":"https:\/\/surfnsoul.ee\/et\/wp-json\/wp\/v2\/comments?post=3861"}],"version-history":[{"count":4,"href":"https:\/\/surfnsoul.ee\/et\/wp-json\/wp\/v2\/pages\/3861\/revisions"}],"predecessor-version":[{"id":3941,"href":"https:\/\/surfnsoul.ee\/et\/wp-json\/wp\/v2\/pages\/3861\/revisions\/3941"}],"wp:attachment":[{"href":"https:\/\/surfnsoul.ee\/et\/wp-json\/wp\/v2\/media?parent=3861"}],"curies":[{"name":"wp","href":"https:\/\/api.w.org\/{rel}","templated":true}]}}