{"id":3863,"date":"2020-01-31T14:23:45","date_gmt":"2020-01-31T12:23:45","guid":{"rendered":"https:\/\/surfnsoul.ee\/surf\/"},"modified":"2026-02-10T20:43:43","modified_gmt":"2026-02-10T18:43:43","slug":"surf","status":"publish","type":"page","link":"https:\/\/surfnsoul.ee\/et\/surf\/","title":{"rendered":"Surf"},"content":{"rendered":"<div class=\"wpb-content-wrapper\"><p>[vc_row row_content_width=&#8221;grid&#8221; css=&#8221;.vc_custom_1710247389158{margin-top: 80px !important;}&#8221;][vc_column]<div class=\"qodef-elements-holder   qodef-one-column  qodef-responsive-mode-768 qodef-one-column-alignment-left\" ><div class=\"qodef-eh-item    \"  data-item-class=\"qodef-eh-custom-8808\"    data-681-768=\"0 0 0 0\" data-680=\"0 0 0 0\">\n\t<div class=\"qodef-eh-item-inner\">\n\t\t<div class=\"qodef-eh-item-content qodef-eh-custom-8808\" >\n\t\t\t<div class=\"qodef-section-title-holder  \" style=\"padding: 0 0px;text-align: center\">\n\t<div class=\"qodef-st-inner\">\n                    <span class=\"qodef-st-background-text\" style=\"text-align: left\"><\/span>\n        \t\t\t\t\t<h1 class=\"qodef-st-title\" >\n\t\t\t\tSurfitunnid ja varustuse rent P\u00e4rnus\t\t\t<\/h1>\n\t\t                        <span class=\"qodef-st-caption\" >Tule lohesurfi v\u00f5i wingfoili tundi, v\u00f5ta SUP ja rendi varustus \u2013 oleme otse P\u00e4rnu rannas.<\/span>\n        \t\t\t\t\t<\/div>\n<\/div>[vc_empty_space height=&#8221;62px&#8221;]\t\t<\/div>\n\t<\/div>\n<\/div><\/div>[\/vc_column][\/vc_row][vc_row][vc_column][\/vc_column][\/vc_row][vc_row enable_surfer_icon=&#8221;no&#8221; el_class=&#8221;intro_images_container&#8221;][vc_column width=&#8221;1\/2&#8243; css=&#8221;.vc_custom_1578557320924{padding-right: 0px !important;padding-left: 0px !important;}&#8221; offset=&#8221;vc_col-lg-3 vc_col-md-6&#8243;]<div class=\"qodef-banner-holder intro_images qodef-visible-on-default qodef-banner-info-default\">\n    <div class=\"qodef-banner-image\">\n        <img loading=\"lazy\" decoding=\"async\" width=\"1000\" height=\"667\" src=\"https:\/\/surfnsoul.ee\/wp-content\/uploads\/2024\/01\/kitesurf-e1709291121865.jpg\" class=\"attachment-full size-full\" alt=\"\" srcset=\"https:\/\/surfnsoul.ee\/wp-content\/uploads\/2024\/01\/kitesurf-e1709291121865.jpg 1000w, https:\/\/surfnsoul.ee\/wp-content\/uploads\/2024\/01\/kitesurf-e1709291121865-300x200.jpg 300w, https:\/\/surfnsoul.ee\/wp-content\/uploads\/2024\/01\/kitesurf-e1709291121865-768x512.jpg 768w, https:\/\/surfnsoul.ee\/wp-content\/uploads\/2024\/01\/kitesurf-e1709291121865-600x400.jpg 600w\" sizes=\"auto, (max-width: 1000px) 100vw, 1000px\" \/>    <\/div>\n    <div class=\"qodef-banner-additional-image\">\n            <\/div>\n    <div class=\"qodef-banner-text-holder\" style=\"background-color: #FFFFFF03\">\n\t    <div class=\"qodef-banner-text-outer\">\n\t\t    <div class=\"qodef-banner-text-inner\">\n                                                <h3 class=\"qodef-banner-highlighted-text\">\n                    <span class=\"qodef-banner-highlighted-text-inner\" >\n                        Lohesurf                    <\/span>\n                <\/h3>\n                                \t\t\t\t\t\t\t<\/div>\n\t\t<\/div>\n\t<\/div>\n\t        <a itemprop=\"url\" class=\"qodef-banner-link\" href=\"https:\/\/surfnsoul.ee\/et\/surf\/kitesurf\/\" target=\"_self\"><\/a>\n    <\/div>[\/vc_column][vc_column width=&#8221;1\/2&#8243; css=&#8221;.vc_custom_1578557332181{padding-right: 0px !important;padding-left: 0px !important;}&#8221; offset=&#8221;vc_col-lg-3 vc_col-md-6&#8243;]<div class=\"qodef-banner-holder intro_images qodef-visible-on-default qodef-banner-info-default\">\n    <div class=\"qodef-banner-image\">\n        <img loading=\"lazy\" decoding=\"async\" width=\"2560\" height=\"1707\" src=\"https:\/\/surfnsoul.ee\/wp-content\/uploads\/2024\/01\/Wingsurf-scaled.jpg\" class=\"attachment-full size-full\" alt=\"\" srcset=\"https:\/\/surfnsoul.ee\/wp-content\/uploads\/2024\/01\/Wingsurf-scaled.jpg 2560w, https:\/\/surfnsoul.ee\/wp-content\/uploads\/2024\/01\/Wingsurf-300x200.jpg 300w, https:\/\/surfnsoul.ee\/wp-content\/uploads\/2024\/01\/Wingsurf-1024x683.jpg 1024w, https:\/\/surfnsoul.ee\/wp-content\/uploads\/2024\/01\/Wingsurf-768x512.jpg 768w, https:\/\/surfnsoul.ee\/wp-content\/uploads\/2024\/01\/Wingsurf-1536x1024.jpg 1536w, https:\/\/surfnsoul.ee\/wp-content\/uploads\/2024\/01\/Wingsurf-600x400.jpg 600w\" sizes=\"auto, (max-width: 2560px) 100vw, 2560px\" \/>    <\/div>\n    <div class=\"qodef-banner-additional-image\">\n            <\/div>\n    <div class=\"qodef-banner-text-holder\" style=\"background-color: rgba(255,255,255,0.01)\">\n\t    <div class=\"qodef-banner-text-outer\">\n\t\t    <div class=\"qodef-banner-text-inner\">\n                                                <h3 class=\"qodef-banner-highlighted-text\">\n                    <span class=\"qodef-banner-highlighted-text-inner\" >\n                        Tiivasurf                    <\/span>\n                <\/h3>\n                                \t\t\t\t\t\t\t<\/div>\n\t\t<\/div>\n\t<\/div>\n\t        <a itemprop=\"url\" class=\"qodef-banner-link\" href=\"https:\/\/surfnsoul.ee\/et\/surf\/wingsurf\/\" target=\"_self\"><\/a>\n    <\/div>[\/vc_column][vc_column width=&#8221;1\/2&#8243; css=&#8221;.vc_custom_1578557342373{padding-right: 0px !important;padding-left: 0px !important;}&#8221; offset=&#8221;vc_col-lg-3 vc_col-md-6&#8243;]<div class=\"qodef-banner-holder intro_images qodef-visible-on-default qodef-banner-info-default\">\n    <div class=\"qodef-banner-image\">\n        <img loading=\"lazy\" decoding=\"async\" width=\"1206\" height=\"807\" src=\"https:\/\/surfnsoul.ee\/wp-content\/uploads\/2026\/02\/IMG_3451-1-e1770433317199.jpeg\" class=\"attachment-full size-full\" alt=\"\" srcset=\"https:\/\/surfnsoul.ee\/wp-content\/uploads\/2026\/02\/IMG_3451-1-e1770433317199.jpeg 1206w, https:\/\/surfnsoul.ee\/wp-content\/uploads\/2026\/02\/IMG_3451-1-e1770433317199-300x201.jpeg 300w, https:\/\/surfnsoul.ee\/wp-content\/uploads\/2026\/02\/IMG_3451-1-e1770433317199-1024x685.jpeg 1024w, https:\/\/surfnsoul.ee\/wp-content\/uploads\/2026\/02\/IMG_3451-1-e1770433317199-768x514.jpeg 768w\" sizes=\"auto, (max-width: 1206px) 100vw, 1206px\" \/>    <\/div>\n    <div class=\"qodef-banner-additional-image\">\n            <\/div>\n    <div class=\"qodef-banner-text-holder\" style=\"background-color: rgba(0,0,0,0.07)\">\n\t    <div class=\"qodef-banner-text-outer\">\n\t\t    <div class=\"qodef-banner-text-inner\">\n                                                <h3 class=\"qodef-banner-highlighted-text\">\n                    <span class=\"qodef-banner-highlighted-text-inner\" >\n                        Varustuse rent                    <\/span>\n                <\/h3>\n                                \t\t\t\t\t\t\t<\/div>\n\t\t<\/div>\n\t<\/div>\n\t        <a itemprop=\"url\" class=\"qodef-banner-link\" href=\"https:\/\/surfnsoul.ee\/et\/surf\/varustus\/\" target=\"_self\"><\/a>\n    <\/div>[\/vc_column][vc_column width=&#8221;1\/2&#8243; css=&#8221;.vc_custom_1745657206303{padding-top: 0px !important;padding-right: 0px !important;padding-left: 0px !important;background-color: #EEEEEE !important;}&#8221; offset=&#8221;vc_col-lg-3 vc_col-md-6&#8243;]<div class=\"qodef-banner-holder intro_images qodef-visible-on-default qodef-banner-info-default\">\n    <div class=\"qodef-banner-image\">\n        <img loading=\"lazy\" decoding=\"async\" width=\"800\" height=\"532\" src=\"https:\/\/surfnsoul.ee\/wp-content\/uploads\/2020\/01\/h1-img-18-1-e1770433433593.jpg\" class=\"attachment-full size-full\" alt=\"gear rental price list\" srcset=\"https:\/\/surfnsoul.ee\/wp-content\/uploads\/2020\/01\/h1-img-18-1-e1770433433593.jpg 800w, https:\/\/surfnsoul.ee\/wp-content\/uploads\/2020\/01\/h1-img-18-1-e1770433433593-300x200.jpg 300w, https:\/\/surfnsoul.ee\/wp-content\/uploads\/2020\/01\/h1-img-18-1-e1770433433593-768x511.jpg 768w\" sizes=\"auto, (max-width: 800px) 100vw, 800px\" \/>    <\/div>\n    <div class=\"qodef-banner-additional-image\">\n            <\/div>\n    <div class=\"qodef-banner-text-holder\" style=\"background-color: rgba(255,255,255,0.01)\">\n\t    <div class=\"qodef-banner-text-outer\">\n\t\t    <div class=\"qodef-banner-text-inner\">\n                                                <h3 class=\"qodef-banner-highlighted-text\">\n                    <span class=\"qodef-banner-highlighted-text-inner\" >\n                        Hinnakiri                    <\/span>\n                <\/h3>\n                                \t\t\t\t\t\t\t<\/div>\n\t\t<\/div>\n\t<\/div>\n\t        <a itemprop=\"url\" class=\"qodef-banner-link\" href=\"https:\/\/surfnsoul.ee\/et\/surf\/hinnakiri\/\" target=\"_self\"><\/a>\n    <\/div>[\/vc_column][\/vc_row][vc_row][vc_column][\/vc_column][\/vc_row][vc_row][vc_column][vc_column_text css=&#8221;&#8221;]<\/p>\n<h3 style=\"text-align: center;\">Broneeri ette \u2014 tunnid s\u00f5ltuvad tuuleoludest<\/h3>\n<p>[\/vc_column_text][\/vc_column][\/vc_row]<\/p>\n<\/div>","protected":false},"excerpt":{"rendered":"<p>[vc_row row_content_width=&#8221;grid&#8221; css=&#8221;.vc_custom_1710247389158{margin-top: 80px !important;}&#8221;][vc_column][\/vc_column][\/vc_row][vc_row][vc_column][\/vc_column][\/vc_row][vc_row enable_surfer_icon=&#8221;no&#8221; el_class=&#8221;intro_images_container&#8221;][vc_column width=&#8221;1\/2&#8243; css=&#8221;.vc_custom_1578557320924{padding-right: 0px !important;padding-left: 0px !important;}&#8221; offset=&#8221;vc_col-lg-3 vc_col-md-6&#8243;][\/vc_column][vc_column width=&#8221;1\/2&#8243; css=&#8221;.vc_custom_1578557332181{padding-right: 0px !important;padding-left: 0px !important;}&#8221; offset=&#8221;vc_col-lg-3 vc_col-md-6&#8243;][\/vc_column][vc_column width=&#8221;1\/2&#8243; css=&#8221;.vc_custom_1578557342373{padding-right: 0px !important;padding-left: 0px !important;}&#8221; offset=&#8221;vc_col-lg-3 vc_col-md-6&#8243;][\/vc_column][vc_column width=&#8221;1\/2&#8243; css=&#8221;.vc_custom_1745657206303{padding-top: 0px !important;padding-right: 0px !important;padding-left: 0px !important;background-color: #EEEEEE [&hellip;]<\/p>\n","protected":false},"author":1,"featured_media":0,"parent":0,"menu_order":0,"comment_status":"closed","ping_status":"closed","template":"full-width.php","meta":{"footnotes":""},"class_list":["post-3863","page","type-page","status-publish","hentry"],"yoast_head":"<!-- This site is optimized with the Yoast SEO plugin v26.9 - https:\/\/yoast.com\/product\/yoast-seo-wordpress\/ -->\n<title>Lohesurfi ja wingfoili kursused P\u00e4rnus + varustuse rent| Surf\u2019n\u2019Soul<\/title>\n<meta name=\"description\" content=\"\u00d5pi lohesurfi v\u00f5i wingfoili turvaliselt P\u00e4rnu rannas. Algajate kursused, individuaaltunnid ja varustuse rent. Vaata teenuseid ja broneeri.\" \/>\n<meta name=\"robots\" content=\"index, follow, max-snippet:-1, max-image-preview:large, max-video-preview:-1\" \/>\n<link rel=\"canonical\" href=\"https:\/\/surfnsoul.ee\/et\/surf\/\" \/>\n<meta property=\"og:locale\" content=\"et_EE\" \/>\n<meta property=\"og:type\" content=\"article\" \/>\n<meta property=\"og:title\" content=\"Lohesurfi ja wingfoili kursused P\u00e4rnus + varustuse rent| Surf\u2019n\u2019Soul\" \/>\n<meta property=\"og:description\" content=\"\u00d5pi lohesurfi v\u00f5i wingfoili turvaliselt P\u00e4rnu rannas. Algajate kursused, individuaaltunnid ja varustuse rent. Vaata teenuseid ja broneeri.\" \/>\n<meta property=\"og:url\" content=\"https:\/\/surfnsoul.ee\/et\/surf\/\" \/>\n<meta property=\"og:site_name\" content=\"Surf&#039;n&#039;Soul\" \/>\n<meta property=\"article:publisher\" content=\"https:\/\/www.facebook.com\/surfnsoulparnu\" \/>\n<meta property=\"article:modified_time\" content=\"2026-02-10T18:43:43+00:00\" \/>\n<meta property=\"og:image\" content=\"https:\/\/surfnsoul.ee\/wp-content\/uploads\/2024\/03\/7H0A1805-scaled.jpg\" \/>\n\t<meta property=\"og:image:width\" content=\"1440\" \/>\n\t<meta property=\"og:image:height\" content=\"2560\" \/>\n\t<meta property=\"og:image:type\" content=\"image\/jpeg\" \/>\n<script type=\"application\/ld+json\" class=\"yoast-schema-graph\">{\"@context\":\"https:\/\/schema.org\",\"@graph\":[{\"@type\":\"WebPage\",\"@id\":\"https:\/\/surfnsoul.ee\/et\/surf\/\",\"url\":\"https:\/\/surfnsoul.ee\/et\/surf\/\",\"name\":\"Lohesurfi ja wingfoili kursused P\u00e4rnus + varustuse rent| Surf\u2019n\u2019Soul\",\"isPartOf\":{\"@id\":\"https:\/\/surfnsoul.ee\/#website\"},\"datePublished\":\"2020-01-31T12:23:45+00:00\",\"dateModified\":\"2026-02-10T18:43:43+00:00\",\"description\":\"\u00d5pi lohesurfi v\u00f5i wingfoili turvaliselt P\u00e4rnu rannas. Algajate kursused, individuaaltunnid ja varustuse rent. Vaata teenuseid ja broneeri.\",\"breadcrumb\":{\"@id\":\"https:\/\/surfnsoul.ee\/et\/surf\/#breadcrumb\"},\"inLanguage\":\"et\",\"potentialAction\":[{\"@type\":\"ReadAction\",\"target\":[\"https:\/\/surfnsoul.ee\/et\/surf\/\"]}]},{\"@type\":\"BreadcrumbList\",\"@id\":\"https:\/\/surfnsoul.ee\/et\/surf\/#breadcrumb\",\"itemListElement\":[{\"@type\":\"ListItem\",\"position\":1,\"name\":\"Home\",\"item\":\"https:\/\/surfnsoul.ee\/et\/\"},{\"@type\":\"ListItem\",\"position\":2,\"name\":\"Surf\"}]},{\"@type\":\"WebSite\",\"@id\":\"https:\/\/surfnsoul.ee\/#website\",\"url\":\"https:\/\/surfnsoul.ee\/\",\"name\":\"Surf'n'Soul\",\"description\":\"Lohesurf, Aerusurf, Jooga ja hea toit. Koolitus ja rent\",\"publisher\":{\"@id\":\"https:\/\/surfnsoul.ee\/#organization\"},\"potentialAction\":[{\"@type\":\"SearchAction\",\"target\":{\"@type\":\"EntryPoint\",\"urlTemplate\":\"https:\/\/surfnsoul.ee\/?s={search_term_string}\"},\"query-input\":{\"@type\":\"PropertyValueSpecification\",\"valueRequired\":true,\"valueName\":\"search_term_string\"}}],\"inLanguage\":\"et\"},{\"@type\":\"Organization\",\"@id\":\"https:\/\/surfnsoul.ee\/#organization\",\"name\":\"Surf'n'Soul\",\"url\":\"https:\/\/surfnsoul.ee\/\",\"logo\":{\"@type\":\"ImageObject\",\"inLanguage\":\"et\",\"@id\":\"https:\/\/surfnsoul.ee\/#\/schema\/logo\/image\/\",\"url\":\"https:\/\/surfnsoul.ee\/wp-content\/uploads\/2024\/03\/Vektorfail.svg\",\"contentUrl\":\"https:\/\/surfnsoul.ee\/wp-content\/uploads\/2024\/03\/Vektorfail.svg\",\"width\":900,\"height\":900,\"caption\":\"Surf'n'Soul\"},\"image\":{\"@id\":\"https:\/\/surfnsoul.ee\/#\/schema\/logo\/image\/\"},\"sameAs\":[\"https:\/\/www.facebook.com\/surfnsoulparnu\"]}]}<\/script>\n<!-- \/ Yoast SEO plugin. -->","yoast_head_json":{"title":"Lohesurfi ja wingfoili kursused P\u00e4rnus + varustuse rent| Surf\u2019n\u2019Soul","description":"\u00d5pi lohesurfi v\u00f5i wingfoili turvaliselt P\u00e4rnu rannas. Algajate kursused, individuaaltunnid ja varustuse rent. Vaata teenuseid ja broneeri.","robots":{"index":"index","follow":"follow","max-snippet":"max-snippet:-1","max-image-preview":"max-image-preview:large","max-video-preview":"max-video-preview:-1"},"canonical":"https:\/\/surfnsoul.ee\/et\/surf\/","og_locale":"et_EE","og_type":"article","og_title":"Lohesurfi ja wingfoili kursused P\u00e4rnus + varustuse rent| Surf\u2019n\u2019Soul","og_description":"\u00d5pi lohesurfi v\u00f5i wingfoili turvaliselt P\u00e4rnu rannas. Algajate kursused, individuaaltunnid ja varustuse rent. Vaata teenuseid ja broneeri.","og_url":"https:\/\/surfnsoul.ee\/et\/surf\/","og_site_name":"Surf&#039;n&#039;Soul","article_publisher":"https:\/\/www.facebook.com\/surfnsoulparnu","article_modified_time":"2026-02-10T18:43:43+00:00","og_image":[{"width":1440,"height":2560,"url":"https:\/\/surfnsoul.ee\/wp-content\/uploads\/2024\/03\/7H0A1805-scaled.jpg","type":"image\/jpeg"}],"schema":{"@context":"https:\/\/schema.org","@graph":[{"@type":"WebPage","@id":"https:\/\/surfnsoul.ee\/et\/surf\/","url":"https:\/\/surfnsoul.ee\/et\/surf\/","name":"Lohesurfi ja wingfoili kursused P\u00e4rnus + varustuse rent| Surf\u2019n\u2019Soul","isPartOf":{"@id":"https:\/\/surfnsoul.ee\/#website"},"datePublished":"2020-01-31T12:23:45+00:00","dateModified":"2026-02-10T18:43:43+00:00","description":"\u00d5pi lohesurfi v\u00f5i wingfoili turvaliselt P\u00e4rnu rannas. Algajate kursused, individuaaltunnid ja varustuse rent. Vaata teenuseid ja broneeri.","breadcrumb":{"@id":"https:\/\/surfnsoul.ee\/et\/surf\/#breadcrumb"},"inLanguage":"et","potentialAction":[{"@type":"ReadAction","target":["https:\/\/surfnsoul.ee\/et\/surf\/"]}]},{"@type":"BreadcrumbList","@id":"https:\/\/surfnsoul.ee\/et\/surf\/#breadcrumb","itemListElement":[{"@type":"ListItem","position":1,"name":"Home","item":"https:\/\/surfnsoul.ee\/et\/"},{"@type":"ListItem","position":2,"name":"Surf"}]},{"@type":"WebSite","@id":"https:\/\/surfnsoul.ee\/#website","url":"https:\/\/surfnsoul.ee\/","name":"Surf'n'Soul","description":"Lohesurf, Aerusurf, Jooga ja hea toit. Koolitus ja rent","publisher":{"@id":"https:\/\/surfnsoul.ee\/#organization"},"potentialAction":[{"@type":"SearchAction","target":{"@type":"EntryPoint","urlTemplate":"https:\/\/surfnsoul.ee\/?s={search_term_string}"},"query-input":{"@type":"PropertyValueSpecification","valueRequired":true,"valueName":"search_term_string"}}],"inLanguage":"et"},{"@type":"Organization","@id":"https:\/\/surfnsoul.ee\/#organization","name":"Surf'n'Soul","url":"https:\/\/surfnsoul.ee\/","logo":{"@type":"ImageObject","inLanguage":"et","@id":"https:\/\/surfnsoul.ee\/#\/schema\/logo\/image\/","url":"https:\/\/surfnsoul.ee\/wp-content\/uploads\/2024\/03\/Vektorfail.svg","contentUrl":"https:\/\/surfnsoul.ee\/wp-content\/uploads\/2024\/03\/Vektorfail.svg","width":900,"height":900,"caption":"Surf'n'Soul"},"image":{"@id":"https:\/\/surfnsoul.ee\/#\/schema\/logo\/image\/"},"sameAs":["https:\/\/www.facebook.com\/surfnsoulparnu"]}]}},"_links":{"self":[{"href":"https:\/\/surfnsoul.ee\/et\/wp-json\/wp\/v2\/pages\/3863","targetHints":{"allow":["GET"]}}],"collection":[{"href":"https:\/\/surfnsoul.ee\/et\/wp-json\/wp\/v2\/pages"}],"about":[{"href":"https:\/\/surfnsoul.ee\/et\/wp-json\/wp\/v2\/types\/page"}],"author":[{"embeddable":true,"href":"https:\/\/surfnsoul.ee\/et\/wp-json\/wp\/v2\/users\/1"}],"replies":[{"embeddable":true,"href":"https:\/\/surfnsoul.ee\/et\/wp-json\/wp\/v2\/comments?post=3863"}],"version-history":[{"count":5,"href":"https:\/\/surfnsoul.ee\/et\/wp-json\/wp\/v2\/pages\/3863\/revisions"}],"predecessor-version":[{"id":4390,"href":"https:\/\/surfnsoul.ee\/et\/wp-json\/wp\/v2\/pages\/3863\/revisions\/4390"}],"wp:attachment":[{"href":"https:\/\/surfnsoul.ee\/et\/wp-json\/wp\/v2\/media?parent=3863"}],"curies":[{"name":"wp","href":"https:\/\/api.w.org\/{rel}","templated":true}]}}