{"id":3865,"date":"2024-01-04T16:35:16","date_gmt":"2024-01-04T14:35:16","guid":{"rendered":"https:\/\/surfnsoul.ee\/surf\/gear\/"},"modified":"2026-02-10T21:44:23","modified_gmt":"2026-02-10T19:44:23","slug":"varustus","status":"publish","type":"page","link":"https:\/\/surfnsoul.ee\/et\/surf\/varustus\/","title":{"rendered":"Varustuse rent"},"content":{"rendered":"<div class=\"wpb-content-wrapper\"><p>[vc_row][vc_column][vc_column_text css=&#8221;&#8221;]<\/p>\n<h1 style=\"text-align: center;\" data-start=\"460\" data-end=\"534\">Lohesurfi ja wingfoili varustuse rent P\u00e4rnus<\/h1>\n<p>[\/vc_column_text][vc_empty_space][vc_separator style=&#8221;dashed&#8221; border_width=&#8221;10&#8243; css=&#8221;&#8221;][vc_row_inner][vc_column_inner width=&#8221;1\/3&#8243;][vc_column_text css=&#8221;&#8221;]<\/p>\n<h3 style=\"text-align: center;\">LOHESURFI VARUSTUS<\/h3>\n<p style=\"text-align: center;\"><strong><span style=\"color: #808080;\"><a style=\"color: #808080;\" href=\"https:\/\/surfnsoul.ee\/et\/surf\/hinnakiri\/\">T\u00e4iskomplektid, lauad ja lisavarustus.<\/a><\/span><\/strong><\/p>\n<p>[\/vc_column_text][\/vc_column_inner][vc_column_inner width=&#8221;1\/3&#8243;][vc_column_text css=&#8221;&#8221;]<\/p>\n<h3 style=\"text-align: center;\">TIIVASURFI VARUSTUS<\/h3>\n<p style=\"text-align: center;\">Tiivad, lauad, leash\u2019id ja pumbad.<\/p>\n<p>[\/vc_column_text][\/vc_column_inner][vc_column_inner width=&#8221;1\/3&#8243;][vc_column_text css=&#8221;&#8221;]<\/p>\n<h3 style=\"text-align: center;\"><strong data-start=\"1005\" data-end=\"1026\">KALIPSOD JA TURVALISUS<\/strong><\/h3>\n<p style=\"text-align: center;\"><strong><span style=\"color: #808080;\"><a style=\"color: #808080;\" href=\"https:\/\/surfnsoul.ee\/et\/surf\/hinnakiri\/\">Kalipsod, surfisussid, l\u00f6\u00f6givestid ja kiivrid.<\/a><\/span><\/strong><\/p>\n<p>[\/vc_column_text][\/vc_column_inner][\/vc_row_inner][\/vc_column][vc_column][vc_empty_space][vc_separator border_width=&#8221;5&#8243; css=&#8221;&#8221;][vc_empty_space][vc_row_inner equal_height=&#8221;yes&#8221;][vc_column_inner width=&#8221;1\/2&#8243;]<div class=\"qodef-single-image-holder   \">\n    <div class=\"qodef-si-inner\" >\n                                    <img loading=\"lazy\" decoding=\"async\" width=\"1920\" height=\"1080\" src=\"https:\/\/surfnsoul.ee\/wp-content\/uploads\/2024\/02\/beach_1.jpg\" class=\"attachment-full size-full\" alt=\"\" srcset=\"https:\/\/surfnsoul.ee\/wp-content\/uploads\/2024\/02\/beach_1.jpg 1920w, https:\/\/surfnsoul.ee\/wp-content\/uploads\/2024\/02\/beach_1-300x169.jpg 300w, https:\/\/surfnsoul.ee\/wp-content\/uploads\/2024\/02\/beach_1-1024x576.jpg 1024w, https:\/\/surfnsoul.ee\/wp-content\/uploads\/2024\/02\/beach_1-768x432.jpg 768w, https:\/\/surfnsoul.ee\/wp-content\/uploads\/2024\/02\/beach_1-1536x864.jpg 1536w, https:\/\/surfnsoul.ee\/wp-content\/uploads\/2024\/02\/beach_1-600x338.jpg 600w\" sizes=\"auto, (max-width: 1920px) 100vw, 1920px\" \/>                        <\/div>\n<\/div>[\/vc_column_inner][vc_column_inner width=&#8221;1\/2&#8243;][vc_column_text css=&#8221;&#8221;]<\/p>\n<p data-start=\"0\" data-end=\"18\"><strong data-start=\"0\" data-end=\"18\">Hooaeg ja olud<\/strong><\/p>\n<p data-start=\"20\" data-end=\"84\">Parim hooaeg: juuni\u2013september (tuulisemad p\u00e4evad tihti sept\u2013okt)<\/p>\n<p data-start=\"86\" data-end=\"129\">Madal laht = soojem vesi ja lihtne ligip\u00e4\u00e4s<\/p>\n<p data-start=\"131\" data-end=\"201\">Suvel v\u00f5ib vesi olla kuni ~23\u00b0C \u2192 sobib 3\/2 kalipso v\u00f5i l\u00fchike kalipso<\/p>\n<p data-start=\"203\" data-end=\"246\">Kevadel\/s\u00fcgisel soovitame paksemat kalipsot<\/p>\n<p>[\/vc_column_text][vc_empty_space height=&#8221;20px&#8221;][vc_single_image image=&#8221;3783&#8243; img_size=&#8221;medium&#8221; alignment=&#8221;center&#8221; css=&#8221;&#8221;][\/vc_column_inner][\/vc_row_inner][\/vc_column][vc_column][vc_column_text css=&#8221;&#8221;]<\/p>\n<h4 data-start=\"0\" data-end=\"26\"><strong data-start=\"0\" data-end=\"26\">Lohega vette minek ja tsoonid<\/strong><\/h4>\n<p data-start=\"28\" data-end=\"142\">Palun arvesta ujumisalaga ja kasuta etten\u00e4htud starditsooni. Kui sa pole kindel, k\u00fcsi enne minekut meie k\u00e4est \u00fcle.<\/p>\n<p>[\/vc_column_text][vc_empty_space height=&#8221;20px&#8221;][\/vc_column][\/vc_row][vc_row][vc_column][vc_raw_html]PGRpdiBpZD0ibXlNb2RhbCIgY2xhc3M9Im1vZGFsIj4NCjxkaXYgY2xhc3M9Im1vZGFsLWNvbnRlbnQiPjxzcGFuIGNsYXNzPSJjbG9zZSI+w5c8L3NwYW4+DQo8Y2VudGVyPg0KPGgzPkthc3V0YWdlIHNvb2R1c2tvb2RpLCBldCBzYWFkYSAxMCUgYWxsYWhpbmRsdXN0PC9oMz4NCjxkaXYgY2xhc3M9InByb21vY29kZSI+U05TMTA8L2Rpdj4NCjxkaXYgY2xhc3M9ImdvX3N0b3JlX2NvbnRhaW5lciI+PGEgaHJlZj0iaHR0cHM6Ly9yZWVkaW5iYWx0aWNzLmNvbS9lbi8iIHRhcmdldD0iX2JsYW5rIiByZWw9Im5vb3BlbmVyIj5HbyB0byBTdG9yZTwvYT48L2Rpdj4NCiZuYnNwOw0KDQo8L2NlbnRlcj48L2Rpdj4NCjwvZGl2Pg0KPHNjcmlwdD4NCg0KICAgIHZhciBsaW5rZWRJbWFnZXMgPSBkb2N1bWVudC5xdWVyeVNlbGVjdG9yQWxsKCcucW9kZWYtbGlua2VkLWltYWdlLWltYWdlLWhvbGRlciBhJyk7DQoNCiAgICBsaW5rZWRJbWFnZXMuZm9yRWFjaChmdW5jdGlvbihsaW5rZWRJbWFnZSkgew0KICAgICAgICBsaW5rZWRJbWFnZS5hZGRFdmVudExpc3RlbmVyKCdjbGljaycsIGZ1bmN0aW9uKGV2ZW50KSB7DQogICAgICAgICAgICBldmVudC5wcmV2ZW50RGVmYXVsdCgpOw0KICAgICAgICAgICAgZG9jdW1lbnQuZ2V0RWxlbWVudEJ5SWQoJ215TW9kYWwnKS5zdHlsZS5kaXNwbGF5ID0gImJsb2NrIjsNCiAgICAgICAgfSk7DQogICAgfSk7DQoNCiAgICBkb2N1bWVudC5xdWVyeVNlbGVjdG9yKCcuY2xvc2UnKS5hZGRFdmVudExpc3RlbmVyKCdjbGljaycsIGZ1bmN0aW9uKCkgew0KICAgICAgICBkb2N1bWVudC5nZXRFbGVtZW50QnlJZCgnbXlNb2RhbCcpLnN0eWxlLmRpc3BsYXkgPSAibm9uZSI7DQogICAgfSk7DQoNCiAgICB3aW5kb3cuYWRkRXZlbnRMaXN0ZW5lcignY2xpY2snLCBmdW5jdGlvbihldmVudCkgew0KICAgICAgICB2YXIgbW9kYWwgPSBkb2N1bWVudC5nZXRFbGVtZW50QnlJZCgnbXlNb2RhbCcpOw0KICAgICAgICBpZiAoZXZlbnQudGFyZ2V0ID09PSBtb2RhbCkgew0KICAgICAgICAgICAgbW9kYWwuc3R5bGUuZGlzcGxheSA9ICJub25lIjsNCiAgICAgICAgfQ0KICAgIH0pOw0KPC9zY3JpcHQ+[\/vc_raw_html][\/vc_column][\/vc_row]<\/p>\n<\/div>","protected":false},"excerpt":{"rendered":"<p>[vc_row][vc_column][vc_column_text css=&#8221;&#8221;] Lohesurfi ja wingfoili varustuse rent P\u00e4rnus [\/vc_column_text][vc_empty_space][vc_separator style=&#8221;dashed&#8221; border_width=&#8221;10&#8243; css=&#8221;&#8221;][vc_row_inner][vc_column_inner width=&#8221;1\/3&#8243;][vc_column_text css=&#8221;&#8221;] LOHESURFI VARUSTUS T\u00e4iskomplektid, lauad ja lisavarustus. [\/vc_column_text][\/vc_column_inner][vc_column_inner width=&#8221;1\/3&#8243;][vc_column_text css=&#8221;&#8221;] TIIVASURFI VARUSTUS Tiivad, lauad, leash\u2019id ja pumbad. [\/vc_column_text][\/vc_column_inner][vc_column_inner width=&#8221;1\/3&#8243;][vc_column_text css=&#8221;&#8221;] KALIPSOD JA TURVALISUS Kalipsod, surfisussid, l\u00f6\u00f6givestid ja [&hellip;]<\/p>\n","protected":false},"author":2,"featured_media":0,"parent":3863,"menu_order":0,"comment_status":"closed","ping_status":"closed","template":"","meta":{"footnotes":""},"class_list":["post-3865","page","type-page","status-publish","hentry"],"yoast_head":"<!-- This site is optimized with the Yoast SEO plugin v26.9 - https:\/\/yoast.com\/product\/yoast-seo-wordpress\/ -->\n<title>Surfivarustuse rent P\u00e4rnus | lohe-, wing- ja foilivarustus \u2013 Surf\u2019n\u2019Soul<\/title>\n<meta name=\"description\" content=\"Rendi P\u00e4rnu rannas lohesurfi ja wingfoili varustust: komplektid, lauad, tiivad, liinid, pump, kalipsod ja turvavarustus. Kirjuta v\u00f5i helista \u2013 paneme sulle \u00f5ige seti valmis.\" \/>\n<meta name=\"robots\" content=\"index, follow, max-snippet:-1, max-image-preview:large, max-video-preview:-1\" \/>\n<link rel=\"canonical\" href=\"https:\/\/surfnsoul.ee\/et\/surf\/varustus\/\" \/>\n<meta property=\"og:locale\" content=\"et_EE\" \/>\n<meta property=\"og:type\" content=\"article\" \/>\n<meta property=\"og:title\" content=\"Surfivarustuse rent P\u00e4rnus | lohe-, wing- ja foilivarustus \u2013 Surf\u2019n\u2019Soul\" \/>\n<meta property=\"og:description\" content=\"Rendi P\u00e4rnu rannas lohesurfi ja wingfoili varustust: komplektid, lauad, tiivad, liinid, pump, kalipsod ja turvavarustus. Kirjuta v\u00f5i helista \u2013 paneme sulle \u00f5ige seti valmis.\" \/>\n<meta property=\"og:url\" content=\"https:\/\/surfnsoul.ee\/et\/surf\/varustus\/\" \/>\n<meta property=\"og:site_name\" content=\"Surf&#039;n&#039;Soul\" \/>\n<meta property=\"article:publisher\" content=\"https:\/\/www.facebook.com\/surfnsoulparnu\" \/>\n<meta property=\"article:modified_time\" content=\"2026-02-10T19:44:23+00:00\" \/>\n<script type=\"application\/ld+json\" class=\"yoast-schema-graph\">{\"@context\":\"https:\/\/schema.org\",\"@graph\":[{\"@type\":\"WebPage\",\"@id\":\"https:\/\/surfnsoul.ee\/et\/surf\/varustus\/\",\"url\":\"https:\/\/surfnsoul.ee\/et\/surf\/varustus\/\",\"name\":\"Surfivarustuse rent P\u00e4rnus | lohe-, wing- ja foilivarustus \u2013 Surf\u2019n\u2019Soul\",\"isPartOf\":{\"@id\":\"https:\/\/surfnsoul.ee\/#website\"},\"datePublished\":\"2024-01-04T14:35:16+00:00\",\"dateModified\":\"2026-02-10T19:44:23+00:00\",\"description\":\"Rendi P\u00e4rnu rannas lohesurfi ja wingfoili varustust: komplektid, lauad, tiivad, liinid, pump, kalipsod ja turvavarustus. Kirjuta v\u00f5i helista \u2013 paneme sulle \u00f5ige seti valmis.\",\"breadcrumb\":{\"@id\":\"https:\/\/surfnsoul.ee\/et\/surf\/varustus\/#breadcrumb\"},\"inLanguage\":\"et\",\"potentialAction\":[{\"@type\":\"ReadAction\",\"target\":[\"https:\/\/surfnsoul.ee\/et\/surf\/varustus\/\"]}]},{\"@type\":\"BreadcrumbList\",\"@id\":\"https:\/\/surfnsoul.ee\/et\/surf\/varustus\/#breadcrumb\",\"itemListElement\":[{\"@type\":\"ListItem\",\"position\":1,\"name\":\"Home\",\"item\":\"https:\/\/surfnsoul.ee\/et\/\"},{\"@type\":\"ListItem\",\"position\":2,\"name\":\"Surf\",\"item\":\"https:\/\/surfnsoul.ee\/et\/surf\/\"},{\"@type\":\"ListItem\",\"position\":3,\"name\":\"Varustuse rent\"}]},{\"@type\":\"WebSite\",\"@id\":\"https:\/\/surfnsoul.ee\/#website\",\"url\":\"https:\/\/surfnsoul.ee\/\",\"name\":\"Surf'n'Soul\",\"description\":\"Lohesurf, Aerusurf, Jooga ja hea toit. Koolitus ja rent\",\"publisher\":{\"@id\":\"https:\/\/surfnsoul.ee\/#organization\"},\"potentialAction\":[{\"@type\":\"SearchAction\",\"target\":{\"@type\":\"EntryPoint\",\"urlTemplate\":\"https:\/\/surfnsoul.ee\/?s={search_term_string}\"},\"query-input\":{\"@type\":\"PropertyValueSpecification\",\"valueRequired\":true,\"valueName\":\"search_term_string\"}}],\"inLanguage\":\"et\"},{\"@type\":\"Organization\",\"@id\":\"https:\/\/surfnsoul.ee\/#organization\",\"name\":\"Surf'n'Soul\",\"url\":\"https:\/\/surfnsoul.ee\/\",\"logo\":{\"@type\":\"ImageObject\",\"inLanguage\":\"et\",\"@id\":\"https:\/\/surfnsoul.ee\/#\/schema\/logo\/image\/\",\"url\":\"https:\/\/surfnsoul.ee\/wp-content\/uploads\/2024\/03\/Vektorfail.svg\",\"contentUrl\":\"https:\/\/surfnsoul.ee\/wp-content\/uploads\/2024\/03\/Vektorfail.svg\",\"width\":900,\"height\":900,\"caption\":\"Surf'n'Soul\"},\"image\":{\"@id\":\"https:\/\/surfnsoul.ee\/#\/schema\/logo\/image\/\"},\"sameAs\":[\"https:\/\/www.facebook.com\/surfnsoulparnu\"]}]}<\/script>\n<!-- \/ Yoast SEO plugin. -->","yoast_head_json":{"title":"Surfivarustuse rent P\u00e4rnus | lohe-, wing- ja foilivarustus \u2013 Surf\u2019n\u2019Soul","description":"Rendi P\u00e4rnu rannas lohesurfi ja wingfoili varustust: komplektid, lauad, tiivad, liinid, pump, kalipsod ja turvavarustus. Kirjuta v\u00f5i helista \u2013 paneme sulle \u00f5ige seti valmis.","robots":{"index":"index","follow":"follow","max-snippet":"max-snippet:-1","max-image-preview":"max-image-preview:large","max-video-preview":"max-video-preview:-1"},"canonical":"https:\/\/surfnsoul.ee\/et\/surf\/varustus\/","og_locale":"et_EE","og_type":"article","og_title":"Surfivarustuse rent P\u00e4rnus | lohe-, wing- ja foilivarustus \u2013 Surf\u2019n\u2019Soul","og_description":"Rendi P\u00e4rnu rannas lohesurfi ja wingfoili varustust: komplektid, lauad, tiivad, liinid, pump, kalipsod ja turvavarustus. Kirjuta v\u00f5i helista \u2013 paneme sulle \u00f5ige seti valmis.","og_url":"https:\/\/surfnsoul.ee\/et\/surf\/varustus\/","og_site_name":"Surf&#039;n&#039;Soul","article_publisher":"https:\/\/www.facebook.com\/surfnsoulparnu","article_modified_time":"2026-02-10T19:44:23+00:00","schema":{"@context":"https:\/\/schema.org","@graph":[{"@type":"WebPage","@id":"https:\/\/surfnsoul.ee\/et\/surf\/varustus\/","url":"https:\/\/surfnsoul.ee\/et\/surf\/varustus\/","name":"Surfivarustuse rent P\u00e4rnus | lohe-, wing- ja foilivarustus \u2013 Surf\u2019n\u2019Soul","isPartOf":{"@id":"https:\/\/surfnsoul.ee\/#website"},"datePublished":"2024-01-04T14:35:16+00:00","dateModified":"2026-02-10T19:44:23+00:00","description":"Rendi P\u00e4rnu rannas lohesurfi ja wingfoili varustust: komplektid, lauad, tiivad, liinid, pump, kalipsod ja turvavarustus. Kirjuta v\u00f5i helista \u2013 paneme sulle \u00f5ige seti valmis.","breadcrumb":{"@id":"https:\/\/surfnsoul.ee\/et\/surf\/varustus\/#breadcrumb"},"inLanguage":"et","potentialAction":[{"@type":"ReadAction","target":["https:\/\/surfnsoul.ee\/et\/surf\/varustus\/"]}]},{"@type":"BreadcrumbList","@id":"https:\/\/surfnsoul.ee\/et\/surf\/varustus\/#breadcrumb","itemListElement":[{"@type":"ListItem","position":1,"name":"Home","item":"https:\/\/surfnsoul.ee\/et\/"},{"@type":"ListItem","position":2,"name":"Surf","item":"https:\/\/surfnsoul.ee\/et\/surf\/"},{"@type":"ListItem","position":3,"name":"Varustuse rent"}]},{"@type":"WebSite","@id":"https:\/\/surfnsoul.ee\/#website","url":"https:\/\/surfnsoul.ee\/","name":"Surf'n'Soul","description":"Lohesurf, Aerusurf, Jooga ja hea toit. Koolitus ja rent","publisher":{"@id":"https:\/\/surfnsoul.ee\/#organization"},"potentialAction":[{"@type":"SearchAction","target":{"@type":"EntryPoint","urlTemplate":"https:\/\/surfnsoul.ee\/?s={search_term_string}"},"query-input":{"@type":"PropertyValueSpecification","valueRequired":true,"valueName":"search_term_string"}}],"inLanguage":"et"},{"@type":"Organization","@id":"https:\/\/surfnsoul.ee\/#organization","name":"Surf'n'Soul","url":"https:\/\/surfnsoul.ee\/","logo":{"@type":"ImageObject","inLanguage":"et","@id":"https:\/\/surfnsoul.ee\/#\/schema\/logo\/image\/","url":"https:\/\/surfnsoul.ee\/wp-content\/uploads\/2024\/03\/Vektorfail.svg","contentUrl":"https:\/\/surfnsoul.ee\/wp-content\/uploads\/2024\/03\/Vektorfail.svg","width":900,"height":900,"caption":"Surf'n'Soul"},"image":{"@id":"https:\/\/surfnsoul.ee\/#\/schema\/logo\/image\/"},"sameAs":["https:\/\/www.facebook.com\/surfnsoulparnu"]}]}},"_links":{"self":[{"href":"https:\/\/surfnsoul.ee\/et\/wp-json\/wp\/v2\/pages\/3865","targetHints":{"allow":["GET"]}}],"collection":[{"href":"https:\/\/surfnsoul.ee\/et\/wp-json\/wp\/v2\/pages"}],"about":[{"href":"https:\/\/surfnsoul.ee\/et\/wp-json\/wp\/v2\/types\/page"}],"author":[{"embeddable":true,"href":"https:\/\/surfnsoul.ee\/et\/wp-json\/wp\/v2\/users\/2"}],"replies":[{"embeddable":true,"href":"https:\/\/surfnsoul.ee\/et\/wp-json\/wp\/v2\/comments?post=3865"}],"version-history":[{"count":5,"href":"https:\/\/surfnsoul.ee\/et\/wp-json\/wp\/v2\/pages\/3865\/revisions"}],"predecessor-version":[{"id":4404,"href":"https:\/\/surfnsoul.ee\/et\/wp-json\/wp\/v2\/pages\/3865\/revisions\/4404"}],"up":[{"embeddable":true,"href":"https:\/\/surfnsoul.ee\/et\/wp-json\/wp\/v2\/pages\/3863"}],"wp:attachment":[{"href":"https:\/\/surfnsoul.ee\/et\/wp-json\/wp\/v2\/media?parent=3865"}],"curies":[{"name":"wp","href":"https:\/\/api.w.org\/{rel}","templated":true}]}}