{"id":3873,"date":"2024-01-04T16:30:53","date_gmt":"2024-01-04T14:30:53","guid":{"rendered":"https:\/\/surfnsoul.ee\/surf\/wingsurf\/"},"modified":"2026-02-10T21:27:42","modified_gmt":"2026-02-10T19:27:42","slug":"wingsurf","status":"publish","type":"page","link":"https:\/\/surfnsoul.ee\/et\/surf\/wingsurf\/","title":{"rendered":"Tiivasurf"},"content":{"rendered":"<div class=\"wpb-content-wrapper\"><p>[vc_row][vc_column]\n\t\t\t<!-- START tiivasurf EST REVOLUTION SLIDER 6.7.12 --><p class=\"rs-p-wp-fix\"><\/p>\n\t\t\t<rs-module-wrap id=\"rev_slider_20_1_wrapper\" data-source=\"gallery\" style=\"visibility:hidden;background:#4bd5cd;padding:0;\">\n\t\t\t\t<rs-module id=\"rev_slider_20_1\" style=\"\" data-version=\"6.7.12\">\n\t\t\t\t\t<rs-slides style=\"overflow: hidden; position: absolute;\">\n\t\t\t\t\t\t<rs-slide style=\"position: absolute;\" data-key=\"rs-34\" data-title=\"Slide\" data-in=\"x:100%;\" data-out=\"x:-100%;\">\n\t\t\t\t\t\t\t<img decoding=\"async\" src=\"\/\/surfnsoul.ee\/wp-content\/plugins\/revslider\/sr6\/assets\/assets\/dummy.png\" alt=\"\" title=\"reedin-feather-2024~2\" width=\"840\" height=\"599\" class=\"rev-slidebg tp-rs-img rs-lazyload\" data-lazyload=\"\/\/surfnsoul.ee\/wp-content\/uploads\/2026\/02\/reedin-feather-20242.png\" data-no-retina>\n<!--\n\t\t\t\t\t\t\t--><rs-layer\n\t\t\t\t\t\t\t\tid=\"slider-20-slide-34-layer-0\" \n\t\t\t\t\t\t\t\tdata-type=\"text\"\n\t\t\t\t\t\t\t\tdata-color=\"#fff\"\n\t\t\t\t\t\t\t\tdata-xy=\"x:c;y:m;\"\n\t\t\t\t\t\t\t\tdata-text=\"w:normal;s:60,50,27,13;l:70,59,32,16;ls:-1,0,0,0;a:center;\"\n\t\t\t\t\t\t\t\tdata-dim=\"minh:0px,none,none,none;\"\n\t\t\t\t\t\t\t\tdata-rsp_o=\"off\"\n\t\t\t\t\t\t\t\tdata-rsp_bd=\"off\"\n\t\t\t\t\t\t\t\tdata-frame_999=\"o:0;st:w;\"\n\t\t\t\t\t\t\t\tstyle=\"z-index:5;font-family:'Shadows Into Light';text-transform:uppercase;\"\n\t\t\t\t\t\t\t>tiivasurfi kursused p\u00e4rnu rannas \n\t\t\t\t\t\t\t<\/rs-layer><!--\n-->\t\t\t\t\t<\/rs-slide>\n\t\t\t\t\t<\/rs-slides>\n\t\t\t\t\t<rs-static-layers><!--\n\n\t\t\t\t\t\t\t--><rs-layer\n\t\t\t\t\t\t\t\tid=\"slider-20-slide-20-layer-3\" \n\t\t\t\t\t\t\t\tclass=\"rs-layer-static\"\n\t\t\t\t\t\t\t\tdata-type=\"image\"\n\t\t\t\t\t\t\t\tdata-xy=\"x:c;y:m;yo:0,-35px,-35px,-30px;\"\n\t\t\t\t\t\t\t\tdata-text=\"w:normal;s:20,16,8,4;l:0,21,11,6;\"\n\t\t\t\t\t\t\t\tdata-dim=\"w:auto,308px,308px,248px;h:auto,294px,294px,237px;\"\n\t\t\t\t\t\t\t\tdata-basealign=\"slide\"\n\t\t\t\t\t\t\t\tdata-rsp_o=\"off\"\n\t\t\t\t\t\t\t\tdata-rsp_bd=\"off\"\n\t\t\t\t\t\t\t\tdata-onslides=\"s:1;\"\n\t\t\t\t\t\t\t\tdata-frame_0=\"rX:-70deg;oZ:-50;\"\n\t\t\t\t\t\t\t\tdata-frame_1=\"oZ:-50;e:power4.inOut;st:250;sp:1550;sR:250;\"\n\t\t\t\t\t\t\t\tdata-frame_999=\"o:0;st:w;sR:7200;\"\n\t\t\t\t\t\t\t\tstyle=\"z-index:9;\"\n\t\t\t\t\t\t\t><img decoding=\"async\" src=\"\/\/surfnsoul.ee\/wp-content\/plugins\/revslider\/sr6\/assets\/assets\/dummy.png\" alt=\"\" class=\"tp-rs-img rs-lazyload\" data-lazyload=\"\/\/surfnsoul.ee\/wp-content\/uploads\/2020\/02\/h1-rev-img-1.png\" data-no-retina> \n\t\t\t\t\t\t\t<\/rs-layer><!--\n\n\t\t\t\t\t\t\t--><rs-layer\n\t\t\t\t\t\t\t\tid=\"slider-20-slide-20-layer-6\" \n\t\t\t\t\t\t\t\tclass=\"rs-layer-static\"\n\t\t\t\t\t\t\t\tdata-type=\"text\"\n\t\t\t\t\t\t\t\tdata-xy=\"x:c;xo:2px;y:b;yo:61px;\"\n\t\t\t\t\t\t\t\tdata-text=\"w:normal;s:12;ls:3px;fw:700;\"\n\t\t\t\t\t\t\t\tdata-vbility=\"t,t,f,f\"\n\t\t\t\t\t\t\t\tdata-basealign=\"slide\"\n\t\t\t\t\t\t\t\tdata-rsp_o=\"off\"\n\t\t\t\t\t\t\t\tdata-rsp_bd=\"off\"\n\t\t\t\t\t\t\t\tdata-onslides=\"s:1;\"\n\t\t\t\t\t\t\t\tdata-frame_1=\"st:280;sp:1350;sR:280;\"\n\t\t\t\t\t\t\t\tdata-frame_999=\"o:0;st:w;sR:7370;\"\n\t\t\t\t\t\t\t\tstyle=\"z-index:12;font-family:'Roboto';\"\n\t\t\t\t\t\t\t>SCROLL \n\t\t\t\t\t\t\t<\/rs-layer><!--\n\n\t\t\t\t\t\t\t--><rs-layer\n\t\t\t\t\t\t\t\tid=\"slider-20-slide-20-layer-8\" \n\t\t\t\t\t\t\t\tclass=\"rs-layer-static\"\n\t\t\t\t\t\t\t\tdata-type=\"text\"\n\t\t\t\t\t\t\t\tdata-xy=\"x:c;y:b;yo:-2px,-1px,-1px,-1px;\"\n\t\t\t\t\t\t\t\tdata-vbility=\"t,t,f,f\"\n\t\t\t\t\t\t\t\tdata-basealign=\"slide\"\n\t\t\t\t\t\t\t\tdata-rsp_o=\"off\"\n\t\t\t\t\t\t\t\tdata-rsp_bd=\"off\"\n\t\t\t\t\t\t\t\tdata-onslides=\"s:1;\"\n\t\t\t\t\t\t\t\tdata-frame_0=\"y:50;\"\n\t\t\t\t\t\t\t\tdata-frame_1=\"e:expo.out;st:280;sp:1370;sR:280;\"\n\t\t\t\t\t\t\t\tdata-frame_999=\"o:0;st:w;sR:7350;\"\n\t\t\t\t\t\t\t\tstyle=\"z-index:13;font-family:'Roboto';\"\n\t\t\t\t\t\t\t><div class=\"rev-scroll-wave\"><div><\/div><\/div> \n\t\t\t\t\t\t\t<\/rs-layer><!--\n\t\t\t\t\t--><\/rs-static-layers>\n\t\t\t\t<\/rs-module>\n\t\t\t\t<script>\n\t\t\t\t\tsetREVStartSize({c: 'rev_slider_20_1',rl:[1240,1024,778,480],el:[800,645,700,500],gw:[1300,1100,600,300],gh:[800,645,700,500],type:'standard',justify:'',layout:'fullscreen',offsetContainer:'html:not(.touch) .qodef-page-header, html:not(.touch) .qodef-top-bar, html.touch .qodef-mobile-header',offset:'',mh:\"0\"});if (window.RS_MODULES!==undefined && window.RS_MODULES.modules!==undefined && window.RS_MODULES.modules[\"revslider201\"]!==undefined) {window.RS_MODULES.modules[\"revslider201\"].once = false;window.revapi20 = undefined;if (window.RS_MODULES.checkMinimal!==undefined) window.RS_MODULES.checkMinimal()}\n\t\t\t\t<\/script>\n\t\t\t<\/rs-module-wrap>\n\t\t\t<!-- END REVOLUTION SLIDER -->\n[vc_empty_space height=&#8221;20px&#8221;][vc_text_separator title=&#8221;Algajas\u00f5bralikud 2-tunnised tunnid P\u00e4rnu rannas. Lihtne alustada, raske l\u00f5petada.&#8221; border_width=&#8221;5&#8243; css=&#8221;&#8221;][vc_empty_space height=&#8221;20px&#8221;][vc_column_text css=&#8221;&#8221;]<\/p>\n<p style=\"text-align: center;\">Wingfoiling on \u00fcks lihtsamaid viise, kuidas tuulespordiga alustada.<br data-start=\"67\" data-end=\"70\" \/>Tiivasurf (wingsurf) on esimene samm \u2014 wingfoil on \u201cj\u00e4rgmine tase\u201d, kus hakkad p\u00e4riselt vee kohal lendama.<\/p>\n<p>[\/vc_column_text][vc_empty_space][vc_column_text css=&#8221;&#8221;]<\/p>\n<h2 data-start=\"0\" data-end=\"19\">MIS ON WINGFOIL?<\/h2>\n<p data-start=\"21\" data-end=\"209\">Wingfoil (ja tiivasurf) on \u00fcks lihtsamaid viise, kuidas tuulespordiga alustada.<br data-start=\"100\" data-end=\"103\" \/>Sa s\u00f5idad lauaga ja hoiad k\u00e4es t\u00e4ispuhutavat tiiba \u2014 tiib ei ole lauaga \u00fchendatud (erinevalt purjelauast).<\/p>\n<h2 data-start=\"211\" data-end=\"230\">MIS TUNNE SEE ON<\/h2>\n<p data-start=\"232\" data-end=\"403\">M\u00f5tle: tuul + tasakaal + palju naeru.<br data-start=\"269\" data-end=\"272\" \/>Hea ilmaga libised vaikselt \u00fcle sileda vee \u2014 ja kui keha juba tunnetuse k\u00e4tte saab, liigud edasi foilini (see \u201clendu mineku\u201d osa).<\/p>\n<h2 data-start=\"405\" data-end=\"426\">KUI KIIRESTI \u00d5PID?<\/h2>\n<p data-start=\"428\" data-end=\"561\">Enamik algajaid tunneb end kindlalt p\u00e4rast 2 tundi (kokku umbes 4 tundi): tiiva kontroll, s\u00f5it \u00fcle tuule, p\u00f6\u00f6rded ja tagasi tulemine.<\/p>\n<p data-start=\"563\" data-end=\"666\">P\u00e4rast 3\u20135 tundi on paljud juba valmis iseseisvalt harjutama ja kiirust + kontrolli p\u00e4riselt kasvatama.<\/p>\n<h2 data-start=\"668\" data-end=\"690\">J\u00c4RGMINE SAMM: FOIL<\/h2>\n<p data-start=\"692\" data-end=\"797\">Kui p\u00f5hit\u00f5ed on k\u00e4pas, viime sind tiivasurfist wingfoili peale \u2014 ja teed oma esimesed \u201clennud\u201d vee kohal.<\/p>\n<p>[\/vc_column_text][vc_empty_space][vc_custom_heading text=&#8221;Hinnakiri&#8221; font_container=&#8221;tag:h2|text_align:center&#8221; use_theme_fonts=&#8221;yes&#8221; css=&#8221;&#8221;][vc_column_text css=&#8221;&#8221;]<\/p>\n<p style=\"text-align: center;\">Intro (1 tund \/ 2h) \u2014 130\u20ac<br data-start=\"26\" data-end=\"29\" \/>Starter (2 tundi \/ 4h) \u2014 250\u20ac<br data-start=\"58\" data-end=\"61\" \/>Progress (3 tundi \/ 6h) \u2014 370\u20ac<\/p>\n<p>[\/vc_column_text][vc_empty_space][vc_cta h2=&#8221;Broneeri tund&#8221; h4=&#8221;Kirjuta v\u00f5i helista \u2014 leiame \u00fchiselt parima aja vastavalt tuulele ja sinu tasemele.&#8221; txt_align=&#8221;center&#8221; shape=&#8221;square&#8221; color=&#8221;turquoise&#8221; css=&#8221;&#8221;]<\/p>\n<ul>\n<li data-start=\"466\" data-end=\"493\">\n<p data-start=\"468\" data-end=\"493\"><strong data-start=\"468\" data-end=\"477\">Helista:<\/strong> +372 55589378<\/p>\n<\/li>\n<li data-start=\"494\" data-end=\"526\">\n<p data-start=\"496\" data-end=\"526\"><strong data-start=\"496\" data-end=\"506\">Email:<\/strong> <a class=\"decorated-link cursor-pointer\" rel=\"noopener\" data-start=\"507\" data-end=\"524\">info@surfnsoul.ee<\/a><\/p>\n<\/li>\n<li data-start=\"494\" data-end=\"526\">\n<p data-start=\"496\" data-end=\"526\"><a href=\"https:\/\/surfnsoul.ee\/et\/kontakt\/\"><strong>Kontakti leht: kirjuta meile otse<\/strong><\/a><\/p>\n<\/li>\n<li data-start=\"527\" data-end=\"587\"><\/li>\n<\/ul>\n<p>[\/vc_cta][vc_empty_space][vc_custom_heading text=&#8221;K\u00f5ik tunnid sisaldavad&#8221; font_container=&#8221;tag:h2|text_align:center&#8221; use_theme_fonts=&#8221;yes&#8221; css=&#8221;&#8221;][vc_column_text css=&#8221;&#8221;]<\/p>\n<p style=\"text-align: center;\">Kogenud juhendaja<br data-start=\"17\" data-end=\"20\" \/>Kogu varustus + kalipso<br data-start=\"43\" data-end=\"46\" \/>Tuulevaiksetel p\u00e4evadel SUP-retk lohesurfi tunni asemel (eelbroneeringuga)<br data-start=\"120\" data-end=\"123\" \/>V\u00f5ta kaasa: ujumisriided + r\u00e4tik<\/p>\n<p>[\/vc_column_text][\/vc_column][vc_column][\/vc_column][vc_column][\/vc_column][\/vc_row]<\/p>\n<\/div>","protected":false},"excerpt":{"rendered":"<p>[vc_row][vc_column][vc_empty_space height=&#8221;20px&#8221;][vc_text_separator title=&#8221;Algajas\u00f5bralikud 2-tunnised tunnid P\u00e4rnu rannas. Lihtne alustada, raske l\u00f5petada.&#8221; border_width=&#8221;5&#8243; css=&#8221;&#8221;][vc_empty_space height=&#8221;20px&#8221;][vc_column_text css=&#8221;&#8221;] Wingfoiling on \u00fcks lihtsamaid viise, kuidas tuulespordiga alustada.Tiivasurf (wingsurf) on esimene samm \u2014 wingfoil on \u201cj\u00e4rgmine tase\u201d, kus hakkad p\u00e4riselt vee kohal lendama. [\/vc_column_text][vc_empty_space][vc_column_text css=&#8221;&#8221;] [&hellip;]<\/p>\n","protected":false},"author":2,"featured_media":0,"parent":3863,"menu_order":0,"comment_status":"closed","ping_status":"closed","template":"","meta":{"footnotes":""},"class_list":["post-3873","page","type-page","status-publish","hentry"],"yoast_head":"<!-- This site is optimized with the Yoast SEO plugin v26.9 - https:\/\/yoast.com\/product\/yoast-seo-wordpress\/ -->\n<title>Tiivasurf - Surf&#039;n&#039;Soul<\/title>\n<meta name=\"description\" content=\"\u00d5pi tiivasurfi ehk wingfoili P\u00e4rnu rannas. Algajatele sobivad tunnid ja kursused, kogenud juhendaja, kogu varustus ja kalipso. Broneeri aeg.\" \/>\n<meta name=\"robots\" content=\"index, follow, max-snippet:-1, max-image-preview:large, max-video-preview:-1\" \/>\n<link rel=\"canonical\" href=\"https:\/\/surfnsoul.ee\/et\/surf\/wingsurf\/\" \/>\n<meta property=\"og:locale\" content=\"et_EE\" \/>\n<meta property=\"og:type\" content=\"article\" \/>\n<meta property=\"og:title\" content=\"Tiivasurf - Surf&#039;n&#039;Soul\" \/>\n<meta property=\"og:description\" content=\"\u00d5pi tiivasurfi ehk wingfoili P\u00e4rnu rannas. Algajatele sobivad tunnid ja kursused, kogenud juhendaja, kogu varustus ja kalipso. Broneeri aeg.\" \/>\n<meta property=\"og:url\" content=\"https:\/\/surfnsoul.ee\/et\/surf\/wingsurf\/\" \/>\n<meta property=\"og:site_name\" content=\"Surf&#039;n&#039;Soul\" \/>\n<meta property=\"article:publisher\" content=\"https:\/\/www.facebook.com\/surfnsoulparnu\" \/>\n<meta property=\"article:modified_time\" content=\"2026-02-10T19:27:42+00:00\" \/>\n<meta property=\"og:image\" content=\"https:\/\/surfnsoul.ee\/wp-content\/uploads\/2024\/01\/Wingsurf-scaled.jpg\" \/>\n\t<meta property=\"og:image:width\" content=\"2560\" \/>\n\t<meta property=\"og:image:height\" content=\"1707\" \/>\n\t<meta property=\"og:image:type\" content=\"image\/jpeg\" \/>\n<script type=\"application\/ld+json\" class=\"yoast-schema-graph\">{\"@context\":\"https:\/\/schema.org\",\"@graph\":[{\"@type\":\"WebPage\",\"@id\":\"https:\/\/surfnsoul.ee\/et\/surf\/wingsurf\/\",\"url\":\"https:\/\/surfnsoul.ee\/et\/surf\/wingsurf\/\",\"name\":\"Tiivasurf - Surf&#039;n&#039;Soul\",\"isPartOf\":{\"@id\":\"https:\/\/surfnsoul.ee\/#website\"},\"datePublished\":\"2024-01-04T14:30:53+00:00\",\"dateModified\":\"2026-02-10T19:27:42+00:00\",\"description\":\"\u00d5pi tiivasurfi ehk wingfoili P\u00e4rnu rannas. Algajatele sobivad tunnid ja kursused, kogenud juhendaja, kogu varustus ja kalipso. Broneeri aeg.\",\"breadcrumb\":{\"@id\":\"https:\/\/surfnsoul.ee\/et\/surf\/wingsurf\/#breadcrumb\"},\"inLanguage\":\"et\",\"potentialAction\":[{\"@type\":\"ReadAction\",\"target\":[\"https:\/\/surfnsoul.ee\/et\/surf\/wingsurf\/\"]}]},{\"@type\":\"BreadcrumbList\",\"@id\":\"https:\/\/surfnsoul.ee\/et\/surf\/wingsurf\/#breadcrumb\",\"itemListElement\":[{\"@type\":\"ListItem\",\"position\":1,\"name\":\"Home\",\"item\":\"https:\/\/surfnsoul.ee\/et\/\"},{\"@type\":\"ListItem\",\"position\":2,\"name\":\"Surf\",\"item\":\"https:\/\/surfnsoul.ee\/et\/surf\/\"},{\"@type\":\"ListItem\",\"position\":3,\"name\":\"Tiivasurf\"}]},{\"@type\":\"WebSite\",\"@id\":\"https:\/\/surfnsoul.ee\/#website\",\"url\":\"https:\/\/surfnsoul.ee\/\",\"name\":\"Surf'n'Soul\",\"description\":\"Lohesurf, Aerusurf, Jooga ja hea toit. Koolitus ja rent\",\"publisher\":{\"@id\":\"https:\/\/surfnsoul.ee\/#organization\"},\"potentialAction\":[{\"@type\":\"SearchAction\",\"target\":{\"@type\":\"EntryPoint\",\"urlTemplate\":\"https:\/\/surfnsoul.ee\/?s={search_term_string}\"},\"query-input\":{\"@type\":\"PropertyValueSpecification\",\"valueRequired\":true,\"valueName\":\"search_term_string\"}}],\"inLanguage\":\"et\"},{\"@type\":\"Organization\",\"@id\":\"https:\/\/surfnsoul.ee\/#organization\",\"name\":\"Surf'n'Soul\",\"url\":\"https:\/\/surfnsoul.ee\/\",\"logo\":{\"@type\":\"ImageObject\",\"inLanguage\":\"et\",\"@id\":\"https:\/\/surfnsoul.ee\/#\/schema\/logo\/image\/\",\"url\":\"https:\/\/surfnsoul.ee\/wp-content\/uploads\/2024\/03\/Vektorfail.svg\",\"contentUrl\":\"https:\/\/surfnsoul.ee\/wp-content\/uploads\/2024\/03\/Vektorfail.svg\",\"width\":900,\"height\":900,\"caption\":\"Surf'n'Soul\"},\"image\":{\"@id\":\"https:\/\/surfnsoul.ee\/#\/schema\/logo\/image\/\"},\"sameAs\":[\"https:\/\/www.facebook.com\/surfnsoulparnu\"]}]}<\/script>\n<!-- \/ Yoast SEO plugin. -->","yoast_head_json":{"title":"Tiivasurf - Surf&#039;n&#039;Soul","description":"\u00d5pi tiivasurfi ehk wingfoili P\u00e4rnu rannas. Algajatele sobivad tunnid ja kursused, kogenud juhendaja, kogu varustus ja kalipso. Broneeri aeg.","robots":{"index":"index","follow":"follow","max-snippet":"max-snippet:-1","max-image-preview":"max-image-preview:large","max-video-preview":"max-video-preview:-1"},"canonical":"https:\/\/surfnsoul.ee\/et\/surf\/wingsurf\/","og_locale":"et_EE","og_type":"article","og_title":"Tiivasurf - Surf&#039;n&#039;Soul","og_description":"\u00d5pi tiivasurfi ehk wingfoili P\u00e4rnu rannas. Algajatele sobivad tunnid ja kursused, kogenud juhendaja, kogu varustus ja kalipso. Broneeri aeg.","og_url":"https:\/\/surfnsoul.ee\/et\/surf\/wingsurf\/","og_site_name":"Surf&#039;n&#039;Soul","article_publisher":"https:\/\/www.facebook.com\/surfnsoulparnu","article_modified_time":"2026-02-10T19:27:42+00:00","og_image":[{"width":2560,"height":1707,"url":"https:\/\/surfnsoul.ee\/wp-content\/uploads\/2024\/01\/Wingsurf-scaled.jpg","type":"image\/jpeg"}],"schema":{"@context":"https:\/\/schema.org","@graph":[{"@type":"WebPage","@id":"https:\/\/surfnsoul.ee\/et\/surf\/wingsurf\/","url":"https:\/\/surfnsoul.ee\/et\/surf\/wingsurf\/","name":"Tiivasurf - Surf&#039;n&#039;Soul","isPartOf":{"@id":"https:\/\/surfnsoul.ee\/#website"},"datePublished":"2024-01-04T14:30:53+00:00","dateModified":"2026-02-10T19:27:42+00:00","description":"\u00d5pi tiivasurfi ehk wingfoili P\u00e4rnu rannas. Algajatele sobivad tunnid ja kursused, kogenud juhendaja, kogu varustus ja kalipso. Broneeri aeg.","breadcrumb":{"@id":"https:\/\/surfnsoul.ee\/et\/surf\/wingsurf\/#breadcrumb"},"inLanguage":"et","potentialAction":[{"@type":"ReadAction","target":["https:\/\/surfnsoul.ee\/et\/surf\/wingsurf\/"]}]},{"@type":"BreadcrumbList","@id":"https:\/\/surfnsoul.ee\/et\/surf\/wingsurf\/#breadcrumb","itemListElement":[{"@type":"ListItem","position":1,"name":"Home","item":"https:\/\/surfnsoul.ee\/et\/"},{"@type":"ListItem","position":2,"name":"Surf","item":"https:\/\/surfnsoul.ee\/et\/surf\/"},{"@type":"ListItem","position":3,"name":"Tiivasurf"}]},{"@type":"WebSite","@id":"https:\/\/surfnsoul.ee\/#website","url":"https:\/\/surfnsoul.ee\/","name":"Surf'n'Soul","description":"Lohesurf, Aerusurf, Jooga ja hea toit. Koolitus ja rent","publisher":{"@id":"https:\/\/surfnsoul.ee\/#organization"},"potentialAction":[{"@type":"SearchAction","target":{"@type":"EntryPoint","urlTemplate":"https:\/\/surfnsoul.ee\/?s={search_term_string}"},"query-input":{"@type":"PropertyValueSpecification","valueRequired":true,"valueName":"search_term_string"}}],"inLanguage":"et"},{"@type":"Organization","@id":"https:\/\/surfnsoul.ee\/#organization","name":"Surf'n'Soul","url":"https:\/\/surfnsoul.ee\/","logo":{"@type":"ImageObject","inLanguage":"et","@id":"https:\/\/surfnsoul.ee\/#\/schema\/logo\/image\/","url":"https:\/\/surfnsoul.ee\/wp-content\/uploads\/2024\/03\/Vektorfail.svg","contentUrl":"https:\/\/surfnsoul.ee\/wp-content\/uploads\/2024\/03\/Vektorfail.svg","width":900,"height":900,"caption":"Surf'n'Soul"},"image":{"@id":"https:\/\/surfnsoul.ee\/#\/schema\/logo\/image\/"},"sameAs":["https:\/\/www.facebook.com\/surfnsoulparnu"]}]}},"_links":{"self":[{"href":"https:\/\/surfnsoul.ee\/et\/wp-json\/wp\/v2\/pages\/3873","targetHints":{"allow":["GET"]}}],"collection":[{"href":"https:\/\/surfnsoul.ee\/et\/wp-json\/wp\/v2\/pages"}],"about":[{"href":"https:\/\/surfnsoul.ee\/et\/wp-json\/wp\/v2\/types\/page"}],"author":[{"embeddable":true,"href":"https:\/\/surfnsoul.ee\/et\/wp-json\/wp\/v2\/users\/2"}],"replies":[{"embeddable":true,"href":"https:\/\/surfnsoul.ee\/et\/wp-json\/wp\/v2\/comments?post=3873"}],"version-history":[{"count":5,"href":"https:\/\/surfnsoul.ee\/et\/wp-json\/wp\/v2\/pages\/3873\/revisions"}],"predecessor-version":[{"id":4399,"href":"https:\/\/surfnsoul.ee\/et\/wp-json\/wp\/v2\/pages\/3873\/revisions\/4399"}],"up":[{"embeddable":true,"href":"https:\/\/surfnsoul.ee\/et\/wp-json\/wp\/v2\/pages\/3863"}],"wp:attachment":[{"href":"https:\/\/surfnsoul.ee\/et\/wp-json\/wp\/v2\/media?parent=3873"}],"curies":[{"name":"wp","href":"https:\/\/api.w.org\/{rel}","templated":true}]}}