{"id":3875,"date":"2024-02-21T23:37:24","date_gmt":"2024-02-21T21:37:24","guid":{"rendered":"https:\/\/surfnsoul.ee\/terms-conditions\/"},"modified":"2024-10-09T09:12:53","modified_gmt":"2024-10-09T06:12:53","slug":"uldtingimused","status":"publish","type":"page","link":"https:\/\/surfnsoul.ee\/et\/uldtingimused\/","title":{"rendered":"\u00dcldtingimused"},"content":{"rendered":"<div class=\"wpb-content-wrapper\"><p>[vc_row][vc_column][vc_custom_heading text=&#8221;Tingimused ja eeskirjad&#8221; font_container=&#8221;tag:h1|text_align:left&#8221; use_theme_fonts=&#8221;yes&#8221;][\/vc_column][\/vc_row][vc_row][vc_column][vc_column_text]Tere tulemast meie veebisaidile. Sellele saidile juurdep\u00e4\u00e4su v\u00f5i kasutamisega n\u00f5ustute j\u00e4rgima j\u00e4rgmisi tingimusi. Palun lugege need tingimused hoolikalt l\u00e4bi enne meie veebisaidi kasutamist.<\/p>\n<p><strong>Veebisaidi kasutamine<\/strong><\/p>\n<p>N\u00f5ustute kasutama seda veebisaiti ainult seaduslikel eesm\u00e4rkidel ja koosk\u00f5las k\u00e4esolevate tingimustega. Te ei tohi kasutada seda veebisaiti viisil, mis v\u00f5iks kahjustada, keelata, \u00fcle koormata v\u00f5i h\u00e4irida meie servereid v\u00f5i v\u00f5rke, ega segada teisi osapooli veebisaidi kasutamisel ja nautimisel.<\/p>\n<p><strong>Tingimuste muutmine<\/strong><\/p>\n<p>Me j\u00e4tame endale \u00f5iguse v\u00e4rskendada v\u00f5i muuta neid tingimusi igal ajal ilma eelneva teavituseta. Teie j\u00e4tkuv veebisaidi kasutamine p\u00e4rast selliseid muudatusi t\u00e4hendab teie n\u00f5ustumist uute tingimustega.[\/vc_column_text][\/vc_column][\/vc_row]<\/p>\n<\/div>","protected":false},"excerpt":{"rendered":"<p>[vc_row][vc_column][vc_custom_heading text=&#8221;Tingimused ja eeskirjad&#8221; font_container=&#8221;tag:h1|text_align:left&#8221; use_theme_fonts=&#8221;yes&#8221;][\/vc_column][\/vc_row][vc_row][vc_column][vc_column_text]Tere tulemast meie veebisaidile. Sellele saidile juurdep\u00e4\u00e4su v\u00f5i kasutamisega n\u00f5ustute j\u00e4rgima j\u00e4rgmisi tingimusi. Palun lugege need tingimused hoolikalt l\u00e4bi enne meie veebisaidi kasutamist. Veebisaidi kasutamine N\u00f5ustute kasutama seda veebisaiti ainult seaduslikel eesm\u00e4rkidel ja koosk\u00f5las k\u00e4esolevate [&hellip;]<\/p>\n","protected":false},"author":3,"featured_media":0,"parent":0,"menu_order":0,"comment_status":"closed","ping_status":"closed","template":"","meta":{"footnotes":""},"class_list":["post-3875","page","type-page","status-publish","hentry"],"yoast_head":"<!-- This site is optimized with the Yoast SEO plugin v26.9 - https:\/\/yoast.com\/product\/yoast-seo-wordpress\/ -->\n<title>\u00dcldtingimused - Surf&#039;n&#039;Soul<\/title>\n<meta name=\"robots\" content=\"index, follow, max-snippet:-1, max-image-preview:large, max-video-preview:-1\" \/>\n<link rel=\"canonical\" href=\"https:\/\/surfnsoul.ee\/terms-and-conditions\/\" \/>\n<meta property=\"og:locale\" content=\"et_EE\" \/>\n<meta property=\"og:type\" content=\"article\" \/>\n<meta property=\"og:title\" content=\"\u00dcldtingimused - Surf&#039;n&#039;Soul\" \/>\n<meta property=\"og:description\" content=\"[vc_row][vc_column][vc_custom_heading text=&#8221;Tingimused ja eeskirjad&#8221; font_container=&#8221;tag:h1|text_align:left&#8221; use_theme_fonts=&#8221;yes&#8221;][\/vc_column][\/vc_row][vc_row][vc_column][vc_column_text]Tere tulemast meie veebisaidile. Sellele saidile juurdep\u00e4\u00e4su v\u00f5i kasutamisega n\u00f5ustute j\u00e4rgima j\u00e4rgmisi tingimusi. Palun lugege need tingimused hoolikalt l\u00e4bi enne meie veebisaidi kasutamist. Veebisaidi kasutamine N\u00f5ustute kasutama seda veebisaiti ainult seaduslikel eesm\u00e4rkidel ja koosk\u00f5las k\u00e4esolevate [&hellip;]\" \/>\n<meta property=\"og:url\" content=\"https:\/\/surfnsoul.ee\/terms-and-conditions\/\" \/>\n<meta property=\"og:site_name\" content=\"Surf&#039;n&#039;Soul\" \/>\n<meta property=\"article:publisher\" content=\"https:\/\/www.facebook.com\/surfnsoulparnu\" \/>\n<meta property=\"article:modified_time\" content=\"2024-10-09T06:12:53+00:00\" \/>\n<script type=\"application\/ld+json\" class=\"yoast-schema-graph\">{\"@context\":\"https:\/\/schema.org\",\"@graph\":[{\"@type\":\"WebPage\",\"@id\":\"https:\/\/surfnsoul.ee\/terms-and-conditions\/\",\"url\":\"https:\/\/surfnsoul.ee\/terms-and-conditions\/\",\"name\":\"\u00dcldtingimused - Surf&#039;n&#039;Soul\",\"isPartOf\":{\"@id\":\"https:\/\/surfnsoul.ee\/#website\"},\"datePublished\":\"2024-02-21T21:37:24+00:00\",\"dateModified\":\"2024-10-09T06:12:53+00:00\",\"breadcrumb\":{\"@id\":\"https:\/\/surfnsoul.ee\/terms-and-conditions\/#breadcrumb\"},\"inLanguage\":\"et\",\"potentialAction\":[{\"@type\":\"ReadAction\",\"target\":[\"https:\/\/surfnsoul.ee\/terms-and-conditions\/\"]}]},{\"@type\":\"BreadcrumbList\",\"@id\":\"https:\/\/surfnsoul.ee\/terms-and-conditions\/#breadcrumb\",\"itemListElement\":[{\"@type\":\"ListItem\",\"position\":1,\"name\":\"Home\",\"item\":\"https:\/\/surfnsoul.ee\/et\/\"},{\"@type\":\"ListItem\",\"position\":2,\"name\":\"\u00dcldtingimused\"}]},{\"@type\":\"WebSite\",\"@id\":\"https:\/\/surfnsoul.ee\/#website\",\"url\":\"https:\/\/surfnsoul.ee\/\",\"name\":\"Surf'n'Soul\",\"description\":\"Lohesurf, Aerusurf, Jooga ja hea toit. Koolitus ja rent\",\"publisher\":{\"@id\":\"https:\/\/surfnsoul.ee\/#organization\"},\"potentialAction\":[{\"@type\":\"SearchAction\",\"target\":{\"@type\":\"EntryPoint\",\"urlTemplate\":\"https:\/\/surfnsoul.ee\/?s={search_term_string}\"},\"query-input\":{\"@type\":\"PropertyValueSpecification\",\"valueRequired\":true,\"valueName\":\"search_term_string\"}}],\"inLanguage\":\"et\"},{\"@type\":\"Organization\",\"@id\":\"https:\/\/surfnsoul.ee\/#organization\",\"name\":\"Surf'n'Soul\",\"url\":\"https:\/\/surfnsoul.ee\/\",\"logo\":{\"@type\":\"ImageObject\",\"inLanguage\":\"et\",\"@id\":\"https:\/\/surfnsoul.ee\/#\/schema\/logo\/image\/\",\"url\":\"https:\/\/surfnsoul.ee\/wp-content\/uploads\/2024\/03\/Vektorfail.svg\",\"contentUrl\":\"https:\/\/surfnsoul.ee\/wp-content\/uploads\/2024\/03\/Vektorfail.svg\",\"width\":900,\"height\":900,\"caption\":\"Surf'n'Soul\"},\"image\":{\"@id\":\"https:\/\/surfnsoul.ee\/#\/schema\/logo\/image\/\"},\"sameAs\":[\"https:\/\/www.facebook.com\/surfnsoulparnu\"]}]}<\/script>\n<!-- \/ Yoast SEO plugin. -->","yoast_head_json":{"title":"\u00dcldtingimused - Surf&#039;n&#039;Soul","robots":{"index":"index","follow":"follow","max-snippet":"max-snippet:-1","max-image-preview":"max-image-preview:large","max-video-preview":"max-video-preview:-1"},"canonical":"https:\/\/surfnsoul.ee\/terms-and-conditions\/","og_locale":"et_EE","og_type":"article","og_title":"\u00dcldtingimused - Surf&#039;n&#039;Soul","og_description":"[vc_row][vc_column][vc_custom_heading text=&#8221;Tingimused ja eeskirjad&#8221; font_container=&#8221;tag:h1|text_align:left&#8221; use_theme_fonts=&#8221;yes&#8221;][\/vc_column][\/vc_row][vc_row][vc_column][vc_column_text]Tere tulemast meie veebisaidile. Sellele saidile juurdep\u00e4\u00e4su v\u00f5i kasutamisega n\u00f5ustute j\u00e4rgima j\u00e4rgmisi tingimusi. Palun lugege need tingimused hoolikalt l\u00e4bi enne meie veebisaidi kasutamist. Veebisaidi kasutamine N\u00f5ustute kasutama seda veebisaiti ainult seaduslikel eesm\u00e4rkidel ja koosk\u00f5las k\u00e4esolevate [&hellip;]","og_url":"https:\/\/surfnsoul.ee\/terms-and-conditions\/","og_site_name":"Surf&#039;n&#039;Soul","article_publisher":"https:\/\/www.facebook.com\/surfnsoulparnu","article_modified_time":"2024-10-09T06:12:53+00:00","schema":{"@context":"https:\/\/schema.org","@graph":[{"@type":"WebPage","@id":"https:\/\/surfnsoul.ee\/terms-and-conditions\/","url":"https:\/\/surfnsoul.ee\/terms-and-conditions\/","name":"\u00dcldtingimused - Surf&#039;n&#039;Soul","isPartOf":{"@id":"https:\/\/surfnsoul.ee\/#website"},"datePublished":"2024-02-21T21:37:24+00:00","dateModified":"2024-10-09T06:12:53+00:00","breadcrumb":{"@id":"https:\/\/surfnsoul.ee\/terms-and-conditions\/#breadcrumb"},"inLanguage":"et","potentialAction":[{"@type":"ReadAction","target":["https:\/\/surfnsoul.ee\/terms-and-conditions\/"]}]},{"@type":"BreadcrumbList","@id":"https:\/\/surfnsoul.ee\/terms-and-conditions\/#breadcrumb","itemListElement":[{"@type":"ListItem","position":1,"name":"Home","item":"https:\/\/surfnsoul.ee\/et\/"},{"@type":"ListItem","position":2,"name":"\u00dcldtingimused"}]},{"@type":"WebSite","@id":"https:\/\/surfnsoul.ee\/#website","url":"https:\/\/surfnsoul.ee\/","name":"Surf'n'Soul","description":"Lohesurf, Aerusurf, Jooga ja hea toit. Koolitus ja rent","publisher":{"@id":"https:\/\/surfnsoul.ee\/#organization"},"potentialAction":[{"@type":"SearchAction","target":{"@type":"EntryPoint","urlTemplate":"https:\/\/surfnsoul.ee\/?s={search_term_string}"},"query-input":{"@type":"PropertyValueSpecification","valueRequired":true,"valueName":"search_term_string"}}],"inLanguage":"et"},{"@type":"Organization","@id":"https:\/\/surfnsoul.ee\/#organization","name":"Surf'n'Soul","url":"https:\/\/surfnsoul.ee\/","logo":{"@type":"ImageObject","inLanguage":"et","@id":"https:\/\/surfnsoul.ee\/#\/schema\/logo\/image\/","url":"https:\/\/surfnsoul.ee\/wp-content\/uploads\/2024\/03\/Vektorfail.svg","contentUrl":"https:\/\/surfnsoul.ee\/wp-content\/uploads\/2024\/03\/Vektorfail.svg","width":900,"height":900,"caption":"Surf'n'Soul"},"image":{"@id":"https:\/\/surfnsoul.ee\/#\/schema\/logo\/image\/"},"sameAs":["https:\/\/www.facebook.com\/surfnsoulparnu"]}]}},"_links":{"self":[{"href":"https:\/\/surfnsoul.ee\/et\/wp-json\/wp\/v2\/pages\/3875","targetHints":{"allow":["GET"]}}],"collection":[{"href":"https:\/\/surfnsoul.ee\/et\/wp-json\/wp\/v2\/pages"}],"about":[{"href":"https:\/\/surfnsoul.ee\/et\/wp-json\/wp\/v2\/types\/page"}],"author":[{"embeddable":true,"href":"https:\/\/surfnsoul.ee\/et\/wp-json\/wp\/v2\/users\/3"}],"replies":[{"embeddable":true,"href":"https:\/\/surfnsoul.ee\/et\/wp-json\/wp\/v2\/comments?post=3875"}],"version-history":[{"count":4,"href":"https:\/\/surfnsoul.ee\/et\/wp-json\/wp\/v2\/pages\/3875\/revisions"}],"predecessor-version":[{"id":3958,"href":"https:\/\/surfnsoul.ee\/et\/wp-json\/wp\/v2\/pages\/3875\/revisions\/3958"}],"wp:attachment":[{"href":"https:\/\/surfnsoul.ee\/et\/wp-json\/wp\/v2\/media?parent=3875"}],"curies":[{"name":"wp","href":"https:\/\/api.w.org\/{rel}","templated":true}]}}