{"id":3877,"date":"2023-12-26T21:10:38","date_gmt":"2023-12-26T19:10:38","guid":{"rendered":"https:\/\/surfnsoul.ee\/yoga\/"},"modified":"2026-04-09T17:19:11","modified_gmt":"2026-04-09T14:19:11","slug":"jooga","status":"publish","type":"page","link":"https:\/\/surfnsoul.ee\/et\/jooga\/","title":{"rendered":"Jooga"},"content":{"rendered":"<div class=\"wpb-content-wrapper\"><p>[vc_row row_content_width=&#8221;grid&#8221;][vc_column]<div class=\"qodef-elements-holder   qodef-one-column  qodef-responsive-mode-768 qodef-one-column-alignment-left\" ><div class=\"qodef-eh-item    \"  data-item-class=\"qodef-eh-custom-6661\"    data-681-768=\"0 0 0 0\" data-680=\"0 0 0 0\">\n\t<div class=\"qodef-eh-item-inner\">\n\t\t<div class=\"qodef-eh-item-content qodef-eh-custom-6661\" >\n\t\t\t<div class=\"qodef-section-title-holder  \" style=\"padding: 0 0px;text-align: center\">\n\t<div class=\"qodef-st-inner\">\n                    <span class=\"qodef-st-background-text\" style=\"text-align: left\"><\/span>\n        \t\t\t\t\t<h1 class=\"qodef-st-title\" >\n\t\t\t\tJoogatunnid P\u00e4rnus mere \u00e4\u00e4res\t\t\t<\/h1>\n\t\t                        <span class=\"qodef-st-caption\" >Hommikune energia, rahulik \u00f5htune l\u00f5dvestus v\u00f5i tugevam praktika \u2014 Surf\u2019n\u2019Soul Joogastuudios.<\/span>\n        \t\t\t\t\t<\/div>\n<\/div>\t\t<\/div>\n\t<\/div>\n<\/div><\/div>[vc_empty_space][\/vc_column][\/vc_row][vc_row][vc_column width=&#8221;1\/3&#8243;]<div class=\"qodef-banner-holder  qodef-visible-on-default qodef-banner-info-default\">\n    <div class=\"qodef-banner-image\">\n        <img loading=\"lazy\" decoding=\"async\" width=\"1000\" height=\"667\" src=\"https:\/\/surfnsoul.ee\/wp-content\/uploads\/2024\/01\/yoga.jpg\" class=\"attachment-full size-full\" alt=\"Kundalini jooga Surf\u2019n\u2019Soul joogamajas P\u00e4rnus\" srcset=\"https:\/\/surfnsoul.ee\/wp-content\/uploads\/2024\/01\/yoga.jpg 1000w, https:\/\/surfnsoul.ee\/wp-content\/uploads\/2024\/01\/yoga-300x200.jpg 300w, https:\/\/surfnsoul.ee\/wp-content\/uploads\/2024\/01\/yoga-768x512.jpg 768w, https:\/\/surfnsoul.ee\/wp-content\/uploads\/2024\/01\/yoga-600x400.jpg 600w\" sizes=\"auto, (max-width: 1000px) 100vw, 1000px\" \/>    <\/div>\n    <div class=\"qodef-banner-additional-image\">\n            <\/div>\n    <div class=\"qodef-banner-text-holder\" >\n\t    <div class=\"qodef-banner-text-outer\">\n\t\t    <div class=\"qodef-banner-text-inner\">\n                                <h2 class=\"qodef-banner-title\" >\n                joogastuudio                <\/h2>\n                                                \t\t\t\t\t\t\t<\/div>\n\t\t<\/div>\n\t<\/div>\n\t        <a itemprop=\"url\" class=\"qodef-banner-link\" href=\"https:\/\/surfnsoul.ee\/et\/jooga\/joogastuudio\/\" target=\"_self\"><\/a>\n    <\/div>[\/vc_column][vc_column width=&#8221;1\/3&#8243;]<div class=\"qodef-banner-holder  qodef-visible-on-default qodef-banner-info-default\">\n    <div class=\"qodef-banner-image\">\n        <img loading=\"lazy\" decoding=\"async\" width=\"1000\" height=\"667\" src=\"https:\/\/surfnsoul.ee\/wp-content\/uploads\/2024\/01\/yoga.jpg\" class=\"attachment-full size-full\" alt=\"Kundalini jooga Surf\u2019n\u2019Soul joogamajas P\u00e4rnus\" srcset=\"https:\/\/surfnsoul.ee\/wp-content\/uploads\/2024\/01\/yoga.jpg 1000w, https:\/\/surfnsoul.ee\/wp-content\/uploads\/2024\/01\/yoga-300x200.jpg 300w, https:\/\/surfnsoul.ee\/wp-content\/uploads\/2024\/01\/yoga-768x512.jpg 768w, https:\/\/surfnsoul.ee\/wp-content\/uploads\/2024\/01\/yoga-600x400.jpg 600w\" sizes=\"auto, (max-width: 1000px) 100vw, 1000px\" \/>    <\/div>\n    <div class=\"qodef-banner-additional-image\">\n            <\/div>\n    <div class=\"qodef-banner-text-holder\" >\n\t    <div class=\"qodef-banner-text-outer\">\n\t\t    <div class=\"qodef-banner-text-inner\">\n                                <h2 class=\"qodef-banner-title\" >\n                joogastiilid                <\/h2>\n                                                \t\t\t\t\t\t\t<\/div>\n\t\t<\/div>\n\t<\/div>\n\t<\/div>[\/vc_column][vc_column width=&#8221;1\/3&#8243;]<div class=\"qodef-banner-holder  qodef-visible-on-default qodef-banner-info-default\">\n    <div class=\"qodef-banner-image\">\n        <img loading=\"lazy\" decoding=\"async\" width=\"1000\" height=\"667\" src=\"https:\/\/surfnsoul.ee\/wp-content\/uploads\/2024\/01\/yoga.jpg\" class=\"attachment-full size-full\" alt=\"Kundalini jooga Surf\u2019n\u2019Soul joogamajas P\u00e4rnus\" srcset=\"https:\/\/surfnsoul.ee\/wp-content\/uploads\/2024\/01\/yoga.jpg 1000w, https:\/\/surfnsoul.ee\/wp-content\/uploads\/2024\/01\/yoga-300x200.jpg 300w, https:\/\/surfnsoul.ee\/wp-content\/uploads\/2024\/01\/yoga-768x512.jpg 768w, https:\/\/surfnsoul.ee\/wp-content\/uploads\/2024\/01\/yoga-600x400.jpg 600w\" sizes=\"auto, (max-width: 1000px) 100vw, 1000px\" \/>    <\/div>\n    <div class=\"qodef-banner-additional-image\">\n            <\/div>\n    <div class=\"qodef-banner-text-holder\" >\n\t    <div class=\"qodef-banner-text-outer\">\n\t\t    <div class=\"qodef-banner-text-inner\">\n                                <h2 class=\"qodef-banner-title\" >\n                tunniplaan ja broneerimine                <\/h2>\n                                                \t\t\t\t\t\t\t<\/div>\n\t\t<\/div>\n\t<\/div>\n\t        <a itemprop=\"url\" class=\"qodef-banner-link\" href=\"https:\/\/surfnsoul.ee\/et\/jooga\/tunnid-broneerimine\/\" target=\"_self\"><\/a>\n    <\/div>[\/vc_column][\/vc_row][vc_row][vc_column][vc_column_text css=&#8221;&#8221;]<\/p>\n<h3 style=\"text-align: center;\" data-start=\"956\" data-end=\"1114\"><strong data-start=\"1007\" data-end=\"1114\">Palun pane end kirja enne tulekut! Kohti on piiratud arv v\u00f5i kui keegi ei registreeru, v\u00f5ib tund \u00e4ra j\u00e4\u00e4da.<\/strong><\/h3>\n<p>[\/vc_column_text][\/vc_column][\/vc_row][vc_row][vc_column][\/vc_column][\/vc_row]<\/p>\n<\/div>","protected":false},"excerpt":{"rendered":"<p>[vc_row row_content_width=&#8221;grid&#8221;][vc_column][vc_empty_space][\/vc_column][\/vc_row][vc_row][vc_column width=&#8221;1\/3&#8243;][\/vc_column][vc_column width=&#8221;1\/3&#8243;][\/vc_column][vc_column width=&#8221;1\/3&#8243;][\/vc_column][\/vc_row][vc_row][vc_column][vc_column_text css=&#8221;&#8221;] Palun pane end kirja enne tulekut! Kohti on piiratud arv v\u00f5i kui keegi ei registreeru, v\u00f5ib tund \u00e4ra j\u00e4\u00e4da. [\/vc_column_text][\/vc_column][\/vc_row][vc_row][vc_column][\/vc_column][\/vc_row]<\/p>\n","protected":false},"author":1,"featured_media":0,"parent":0,"menu_order":0,"comment_status":"closed","ping_status":"closed","template":"","meta":{"footnotes":""},"class_list":["post-3877","page","type-page","status-publish","hentry"],"yoast_head":"<!-- This site is optimized with the Yoast SEO plugin v26.9 - https:\/\/yoast.com\/product\/yoast-seo-wordpress\/ -->\n<title>Jooga P\u00e4rnus mere \u00e4\u00e4res | Surf\u2019n\u2019Soul<\/title>\n<meta name=\"description\" content=\"Surf\u2019n\u2019Soul Joogastuudio P\u00e4rnus: joogatunnid mere \u00e4\u00e4res, erinevad stiilid ja lihtne broneerimine. Vaata graafikut ja tule matile.\" \/>\n<meta name=\"robots\" content=\"index, follow, max-snippet:-1, max-image-preview:large, max-video-preview:-1\" \/>\n<link rel=\"canonical\" href=\"https:\/\/surfnsoul.ee\/et\/jooga\/\" \/>\n<meta property=\"og:locale\" content=\"et_EE\" \/>\n<meta property=\"og:type\" content=\"article\" \/>\n<meta property=\"og:title\" content=\"Jooga P\u00e4rnus mere \u00e4\u00e4res | Surf\u2019n\u2019Soul\" \/>\n<meta property=\"og:description\" content=\"Surf\u2019n\u2019Soul Joogastuudio P\u00e4rnus: joogatunnid mere \u00e4\u00e4res, erinevad stiilid ja lihtne broneerimine. Vaata graafikut ja tule matile.\" \/>\n<meta property=\"og:url\" content=\"https:\/\/surfnsoul.ee\/et\/jooga\/\" \/>\n<meta property=\"og:site_name\" content=\"Surf&#039;n&#039;Soul\" \/>\n<meta property=\"article:publisher\" content=\"https:\/\/www.facebook.com\/surfnsoulparnu\" \/>\n<meta property=\"article:modified_time\" content=\"2026-04-09T14:19:11+00:00\" \/>\n<meta property=\"og:image\" content=\"https:\/\/surfnsoul.ee\/wp-content\/uploads\/2024\/01\/yoga.jpg\" \/>\n\t<meta property=\"og:image:width\" content=\"1000\" \/>\n\t<meta property=\"og:image:height\" content=\"667\" \/>\n\t<meta property=\"og:image:type\" content=\"image\/jpeg\" \/>\n<script type=\"application\/ld+json\" class=\"yoast-schema-graph\">{\"@context\":\"https:\/\/schema.org\",\"@graph\":[{\"@type\":\"WebPage\",\"@id\":\"https:\/\/surfnsoul.ee\/et\/jooga\/\",\"url\":\"https:\/\/surfnsoul.ee\/et\/jooga\/\",\"name\":\"Jooga P\u00e4rnus mere \u00e4\u00e4res | Surf\u2019n\u2019Soul\",\"isPartOf\":{\"@id\":\"https:\/\/surfnsoul.ee\/#website\"},\"datePublished\":\"2023-12-26T19:10:38+00:00\",\"dateModified\":\"2026-04-09T14:19:11+00:00\",\"description\":\"Surf\u2019n\u2019Soul Joogastuudio P\u00e4rnus: joogatunnid mere \u00e4\u00e4res, erinevad stiilid ja lihtne broneerimine. Vaata graafikut ja tule matile.\",\"breadcrumb\":{\"@id\":\"https:\/\/surfnsoul.ee\/et\/jooga\/#breadcrumb\"},\"inLanguage\":\"et\",\"potentialAction\":[{\"@type\":\"ReadAction\",\"target\":[\"https:\/\/surfnsoul.ee\/et\/jooga\/\"]}]},{\"@type\":\"BreadcrumbList\",\"@id\":\"https:\/\/surfnsoul.ee\/et\/jooga\/#breadcrumb\",\"itemListElement\":[{\"@type\":\"ListItem\",\"position\":1,\"name\":\"Home\",\"item\":\"https:\/\/surfnsoul.ee\/et\/\"},{\"@type\":\"ListItem\",\"position\":2,\"name\":\"Jooga\"}]},{\"@type\":\"WebSite\",\"@id\":\"https:\/\/surfnsoul.ee\/#website\",\"url\":\"https:\/\/surfnsoul.ee\/\",\"name\":\"Surf'n'Soul\",\"description\":\"Lohesurf, Aerusurf, Jooga ja hea toit. Koolitus ja rent\",\"publisher\":{\"@id\":\"https:\/\/surfnsoul.ee\/#organization\"},\"potentialAction\":[{\"@type\":\"SearchAction\",\"target\":{\"@type\":\"EntryPoint\",\"urlTemplate\":\"https:\/\/surfnsoul.ee\/?s={search_term_string}\"},\"query-input\":{\"@type\":\"PropertyValueSpecification\",\"valueRequired\":true,\"valueName\":\"search_term_string\"}}],\"inLanguage\":\"et\"},{\"@type\":\"Organization\",\"@id\":\"https:\/\/surfnsoul.ee\/#organization\",\"name\":\"Surf'n'Soul\",\"url\":\"https:\/\/surfnsoul.ee\/\",\"logo\":{\"@type\":\"ImageObject\",\"inLanguage\":\"et\",\"@id\":\"https:\/\/surfnsoul.ee\/#\/schema\/logo\/image\/\",\"url\":\"https:\/\/surfnsoul.ee\/wp-content\/uploads\/2024\/03\/Vektorfail.svg\",\"contentUrl\":\"https:\/\/surfnsoul.ee\/wp-content\/uploads\/2024\/03\/Vektorfail.svg\",\"width\":900,\"height\":900,\"caption\":\"Surf'n'Soul\"},\"image\":{\"@id\":\"https:\/\/surfnsoul.ee\/#\/schema\/logo\/image\/\"},\"sameAs\":[\"https:\/\/www.facebook.com\/surfnsoulparnu\"]}]}<\/script>\n<!-- \/ Yoast SEO plugin. -->","yoast_head_json":{"title":"Jooga P\u00e4rnus mere \u00e4\u00e4res | Surf\u2019n\u2019Soul","description":"Surf\u2019n\u2019Soul Joogastuudio P\u00e4rnus: joogatunnid mere \u00e4\u00e4res, erinevad stiilid ja lihtne broneerimine. Vaata graafikut ja tule matile.","robots":{"index":"index","follow":"follow","max-snippet":"max-snippet:-1","max-image-preview":"max-image-preview:large","max-video-preview":"max-video-preview:-1"},"canonical":"https:\/\/surfnsoul.ee\/et\/jooga\/","og_locale":"et_EE","og_type":"article","og_title":"Jooga P\u00e4rnus mere \u00e4\u00e4res | Surf\u2019n\u2019Soul","og_description":"Surf\u2019n\u2019Soul Joogastuudio P\u00e4rnus: joogatunnid mere \u00e4\u00e4res, erinevad stiilid ja lihtne broneerimine. Vaata graafikut ja tule matile.","og_url":"https:\/\/surfnsoul.ee\/et\/jooga\/","og_site_name":"Surf&#039;n&#039;Soul","article_publisher":"https:\/\/www.facebook.com\/surfnsoulparnu","article_modified_time":"2026-04-09T14:19:11+00:00","og_image":[{"width":1000,"height":667,"url":"https:\/\/surfnsoul.ee\/wp-content\/uploads\/2024\/01\/yoga.jpg","type":"image\/jpeg"}],"schema":{"@context":"https:\/\/schema.org","@graph":[{"@type":"WebPage","@id":"https:\/\/surfnsoul.ee\/et\/jooga\/","url":"https:\/\/surfnsoul.ee\/et\/jooga\/","name":"Jooga P\u00e4rnus mere \u00e4\u00e4res | Surf\u2019n\u2019Soul","isPartOf":{"@id":"https:\/\/surfnsoul.ee\/#website"},"datePublished":"2023-12-26T19:10:38+00:00","dateModified":"2026-04-09T14:19:11+00:00","description":"Surf\u2019n\u2019Soul Joogastuudio P\u00e4rnus: joogatunnid mere \u00e4\u00e4res, erinevad stiilid ja lihtne broneerimine. Vaata graafikut ja tule matile.","breadcrumb":{"@id":"https:\/\/surfnsoul.ee\/et\/jooga\/#breadcrumb"},"inLanguage":"et","potentialAction":[{"@type":"ReadAction","target":["https:\/\/surfnsoul.ee\/et\/jooga\/"]}]},{"@type":"BreadcrumbList","@id":"https:\/\/surfnsoul.ee\/et\/jooga\/#breadcrumb","itemListElement":[{"@type":"ListItem","position":1,"name":"Home","item":"https:\/\/surfnsoul.ee\/et\/"},{"@type":"ListItem","position":2,"name":"Jooga"}]},{"@type":"WebSite","@id":"https:\/\/surfnsoul.ee\/#website","url":"https:\/\/surfnsoul.ee\/","name":"Surf'n'Soul","description":"Lohesurf, Aerusurf, Jooga ja hea toit. Koolitus ja rent","publisher":{"@id":"https:\/\/surfnsoul.ee\/#organization"},"potentialAction":[{"@type":"SearchAction","target":{"@type":"EntryPoint","urlTemplate":"https:\/\/surfnsoul.ee\/?s={search_term_string}"},"query-input":{"@type":"PropertyValueSpecification","valueRequired":true,"valueName":"search_term_string"}}],"inLanguage":"et"},{"@type":"Organization","@id":"https:\/\/surfnsoul.ee\/#organization","name":"Surf'n'Soul","url":"https:\/\/surfnsoul.ee\/","logo":{"@type":"ImageObject","inLanguage":"et","@id":"https:\/\/surfnsoul.ee\/#\/schema\/logo\/image\/","url":"https:\/\/surfnsoul.ee\/wp-content\/uploads\/2024\/03\/Vektorfail.svg","contentUrl":"https:\/\/surfnsoul.ee\/wp-content\/uploads\/2024\/03\/Vektorfail.svg","width":900,"height":900,"caption":"Surf'n'Soul"},"image":{"@id":"https:\/\/surfnsoul.ee\/#\/schema\/logo\/image\/"},"sameAs":["https:\/\/www.facebook.com\/surfnsoulparnu"]}]}},"_links":{"self":[{"href":"https:\/\/surfnsoul.ee\/et\/wp-json\/wp\/v2\/pages\/3877","targetHints":{"allow":["GET"]}}],"collection":[{"href":"https:\/\/surfnsoul.ee\/et\/wp-json\/wp\/v2\/pages"}],"about":[{"href":"https:\/\/surfnsoul.ee\/et\/wp-json\/wp\/v2\/types\/page"}],"author":[{"embeddable":true,"href":"https:\/\/surfnsoul.ee\/et\/wp-json\/wp\/v2\/users\/1"}],"replies":[{"embeddable":true,"href":"https:\/\/surfnsoul.ee\/et\/wp-json\/wp\/v2\/comments?post=3877"}],"version-history":[{"count":5,"href":"https:\/\/surfnsoul.ee\/et\/wp-json\/wp\/v2\/pages\/3877\/revisions"}],"predecessor-version":[{"id":4457,"href":"https:\/\/surfnsoul.ee\/et\/wp-json\/wp\/v2\/pages\/3877\/revisions\/4457"}],"wp:attachment":[{"href":"https:\/\/surfnsoul.ee\/et\/wp-json\/wp\/v2\/media?parent=3877"}],"curies":[{"name":"wp","href":"https:\/\/api.w.org\/{rel}","templated":true}]}}