{"id":4406,"date":"2026-02-13T01:47:13","date_gmt":"2026-02-12T23:47:13","guid":{"rendered":"https:\/\/surfnsoul.ee\/?page_id=4406"},"modified":"2026-04-09T17:18:34","modified_gmt":"2026-04-09T14:18:34","slug":"tunnid-broneerimine","status":"publish","type":"page","link":"https:\/\/surfnsoul.ee\/et\/jooga\/tunnid-broneerimine\/","title":{"rendered":"Joogatunnid ja broneerimine"},"content":{"rendered":"<div class=\"wpb-content-wrapper\"><p>[vc_row][vc_column]<div class=\"qodef-section-title-holder  \" style=\"text-align: center\">\n\t<div class=\"qodef-st-inner\">\n                    <span class=\"qodef-st-background-text\" style=\"text-align: left\"><\/span>\n        \t\t\t\t\t<h1 class=\"qodef-st-title\" >\n\t\t\t\tTUNNIPLAAN &amp; BRONEERIMINE. Joogatundidega rannas alustame 2026 maikuus\t\t\t<\/h1>\n\t\t                        <span class=\"qodef-st-caption\" >Broneeri koht \u2014 tasumine kohapeal. Matid on kohapeal. 12 \u20ac \/ tund.<\/span>\n        \t\t\t\t\t<\/div>\n<\/div>[vc_empty_space][\/vc_column][\/vc_row][vc_row][vc_column width=&#8221;1\/2&#8243;]<a itemprop=\"url\" href=\"#schedule\" target=\"_self\"  class=\"qodef-btn qodef-btn-huge qodef-btn-solid\"  >\n        <span class=\"qodef-btn-text\">vaata selle n\u00e4dala tunniplaani<\/span>\n        <\/a>[\/vc_column][vc_column width=&#8221;1\/2&#8243;]<a itemprop=\"url\" href=\"https:\/\/yogaclass.lovable.app\" target=\"_self\"  class=\"qodef-btn qodef-btn-huge qodef-btn-solid\"  >\n        <span class=\"qodef-btn-text\">broneeri koht tunnis<\/span>\n        <\/a>[\/vc_column][vc_column][vc_empty_space][\/vc_column][\/vc_row][vc_row][vc_column][vc_single_image image=&#8221;4355&#8243; img_size=&#8221;full&#8221; css=&#8221;&#8221;][vc_empty_space][\/vc_column][\/vc_row][vc_row][vc_column][vc_column_text css=&#8221;&#8221;]<\/p>\n<h3 style=\"text-align: center;\">Mida jooga meie jaoks t\u00e4hendab<\/h3>\n<p style=\"text-align: center;\" data-start=\"889\" data-end=\"1218\">M\u00f5nel p\u00e4eval on vaja energiat. M\u00f5nel p\u00e4eval on vaja pingetest lahti lasta. Jooga aitab sul p\u00e4eva vastu v\u00f5tta stabiilsema keha ja selgema peaga. Surf\u2019n\u2019Soulis ei k\u00e4i asi painduvuse \u00fcmber \u2014 vaid selles, et sa tunned end oma kehas h\u00e4sti: tugevana, rahulikuna ja kohal.<\/p>\n<p>[\/vc_column_text][vc_empty_space][\/vc_column][\/vc_row][vc_row el_id=&#8221;schedule&#8221;][vc_column]<div class=\"qodef-section-title-holder  \" >\n\t<div class=\"qodef-st-inner\">\n        \t\t\t\t\t<h2 class=\"qodef-st-title\" >\n\t\t\t\tSelle n\u00e4dala tunniplaan\t\t\t<\/h2>\n\t\t        \t\t\t\t\t<p class=\"qodef-st-text\" >\n\t\t\t\tPalun registreeri end enne tulekut \u2014 kohtade arv on piiratud ja tund v\u00f5ib \u00e4ra j\u00e4\u00e4da, kui keegi ei registreeru.\t\t\t<\/p>\n\t\t\t\t\t<\/div>\n<\/div>[vc_column_text css=&#8221;&#8221;]<\/p>\n<p data-start=\"427\" data-end=\"513\"><strong data-start=\"427\" data-end=\"437\">ESMASP\u00c4EV<\/strong><br data-start=\"437\" data-end=\"440\" \/>18:00 \u2014 Pilates (50 min), Triin \u2014 <a href=\"https:\/\/yogaclass.lovable.app\"><strong>Broneeri<\/strong><\/a><\/p>\n<p data-start=\"515\" data-end=\"604\"><strong data-start=\"515\" data-end=\"526\">TEISIP\u00c4EV<\/strong><br data-start=\"526\" data-end=\"529\" \/>7:30 \u2014 Pilates (60 min), R\u00f5\u00f5t \u2014 <a href=\"https:\/\/yogaclass.lovable.app\"><strong>Broneeri<\/strong><\/a><\/p>\n<p data-start=\"515\" data-end=\"604\">17:30 \u2014 Tants (50 min), Triin \u2014 <a href=\"https:\/\/yogaclass.lovable.app\"><strong>Broneeri<\/strong><\/a><\/p>\n<p data-start=\"606\" data-end=\"692\"><strong data-start=\"606\" data-end=\"619\">KOLMAP\u00c4EV\u00a0<\/strong><br data-start=\"619\" data-end=\"622\" \/>17:30 \u2014 J\u00f5utreening (45 min), Triin \u00a0\u2014 <a href=\"https:\/\/yogaclass.lovable.app\"><strong>Broneeri<\/strong><\/a><\/p>\n<p data-start=\"606\" data-end=\"692\">18:30 \u2014 Venitused (60 min), Triin \u2014 <a href=\"https:\/\/yogaclass.lovable.app\"><strong>Broneeri<\/strong><\/a><\/p>\n<p data-start=\"694\" data-end=\"769\"><b>NELJAP\u00c4EV<\/b><\/p>\n<p data-start=\"694\" data-end=\"769\">7:30 \u2014 Pilates (60 min), R\u00f5\u00f5t \u2014 <a href=\"https:\/\/yogaclass.lovable.app\"><strong>Broneeri<\/strong><\/a><\/p>\n<p data-start=\"694\" data-end=\"769\">12:00 \u2014 Power Pilates (50 min), Triin\u2014 <a href=\"https:\/\/yogaclass.lovable.app\"><strong>Broneeri<\/strong><\/a><\/p>\n<p data-start=\"694\" data-end=\"769\">20:00 \u2014 \u00d5htujooga (90min), Lagle \u2014 <a href=\"https:\/\/yogaclass.lovable.app\"><strong>Broneeri<\/strong><\/a><\/p>\n<p data-start=\"694\" data-end=\"769\"><strong data-start=\"771\" data-end=\"783\">REEDE<\/strong><\/p>\n<p data-start=\"694\" data-end=\"769\"><strong>Hakkab juunist<\/strong> 9:00 \u2014 Hommikuvirgutus koos Liinaga (60 min)<\/p>\n<p>[\/vc_column_text][\/vc_column][\/vc_row][vc_row][vc_column][vc_empty_space][vc_row_inner][vc_column_inner width=&#8221;1\/2&#8243;][vc_single_image image=&#8221;4357&#8243; img_size=&#8221;large&#8221; css=&#8221;&#8221;][\/vc_column_inner][vc_column_inner width=&#8221;1\/2&#8243;][vc_cta h2=&#8221;mida kaasa v\u00f5tta&#8221; txt_align=&#8221;center&#8221; shape=&#8221;square&#8221; css=&#8221;&#8221;]Mugavad riided<br data-start=\"1708\" data-end=\"1711\" \/>Veepudel<br data-start=\"1719\" data-end=\"1722\" \/>Soovi korral oma matt<br data-start=\"1743\" data-end=\"1746\" \/>Tule 10 minutit varem[\/vc_cta][\/vc_column_inner][\/vc_row_inner][\/vc_column][\/vc_row][vc_row][vc_column][vc_empty_space][vc_text_separator title=&#8221;kus me asume&#8221; border_width=&#8221;5&#8243; css=&#8221;&#8221;][\/vc_column][vc_column][vc_column_text css=&#8221;&#8221;]<\/p>\n<p style=\"text-align: center;\">Surf\u2019n\u2019Soul Yoga Studio \u2014 Ranna pst 11a\/7\u20138, P\u00e4rnu<\/p>\n<p>[\/vc_column_text][\/vc_column][vc_column][vc_gmaps link=&#8221;#E-8_JTNDaWZyYW1lJTIwc3JjJTNEJTIyaHR0cHMlM0ElMkYlMkZ3d3cuZ29vZ2xlLmNvbSUyRm1hcHMlMkZlbWJlZCUzRnBiJTNEJTIxMW0xOCUyMTFtMTIlMjExbTMlMjExZDIyMDYuNzUyMzkxNzY4OTM4NyUyMTJkMjQuNTA3NDkyMjc3MTc0OTIlMjEzZDU4LjM3MTAwMDc3NDE2NDQzNiUyMTJtMyUyMTFmMCUyMTJmMCUyMTNmMCUyMTNtMiUyMTFpMTAyNCUyMTJpNzY4JTIxNGYxMy4xJTIxM20zJTIxMW0yJTIxMXMweDQ2ZWNmZDc1NzE2MzBhMDclMjUzQTB4MTQwMmU0ODg4ZjQ5M2Q1NCUyMTJzU3VyZiUyNiUyMzM5JTNCbiUyNiUyMzM5JTNCU291bCUyMTVlMSUyMTNtMiUyMTFzZW4lMjEyc2VlJTIxNHYxNzcwNzE3NTI1MjI4JTIxNW0yJTIxMXNlbiUyMTJzZWUlMjIlMjB3aWR0aCUzRCUyMjYwMCUyMiUyMGhlaWdodCUzRCUyMjQ1MCUyMiUyMHN0eWxlJTNEJTIyYm9yZGVyJTNBMCUzQiUyMiUyMGFsbG93ZnVsbHNjcmVlbiUzRCUyMiUyMiUyMGxvYWRpbmclM0QlMjJsYXp5JTIyJTIwcmVmZXJyZXJwb2xpY3klM0QlMjJuby1yZWZlcnJlci13aGVuLWRvd25ncmFkZSUyMiUzRSUzQyUyRmlmcmFtZSUzRQ==&#8221; css=&#8221;&#8221;][\/vc_column][\/vc_row][vc_row el_id=&#8221;book&#8221;][vc_column][vc_cta h2=&#8221;Broneeri oma koht siit!&#8221; txt_align=&#8221;center&#8221; shape=&#8221;square&#8221; css=&#8221;&#8221;]<\/p>\n<p style=\"text-align: center;\"><strong><a href=\"https:\/\/yogaclass.lovable.app\">Kiire registreerimine. Kohti on piiratud. Tasumine kohapeal. 12 \u20ac.<\/a><\/strong><\/p>\n<p>[\/vc_cta][\/vc_column][\/vc_row][vc_row][vc_column][\/vc_column][\/vc_row]<\/p>\n<\/div>","protected":false},"excerpt":{"rendered":"<p>[vc_row][vc_column][vc_empty_space][\/vc_column][\/vc_row][vc_row][vc_column width=&#8221;1\/2&#8243;][\/vc_column][vc_column width=&#8221;1\/2&#8243;][\/vc_column][vc_column][vc_empty_space][\/vc_column][\/vc_row][vc_row][vc_column][vc_single_image image=&#8221;4355&#8243; img_size=&#8221;full&#8221; css=&#8221;&#8221;][vc_empty_space][\/vc_column][\/vc_row][vc_row][vc_column][vc_column_text css=&#8221;&#8221;] Mida jooga meie jaoks t\u00e4hendab M\u00f5nel p\u00e4eval on vaja energiat. M\u00f5nel p\u00e4eval on vaja pingetest lahti lasta. Jooga aitab sul p\u00e4eva vastu v\u00f5tta stabiilsema keha ja selgema peaga. Surf\u2019n\u2019Soulis ei k\u00e4i asi painduvuse [&hellip;]<\/p>\n","protected":false},"author":1,"featured_media":0,"parent":3877,"menu_order":0,"comment_status":"closed","ping_status":"closed","template":"","meta":{"footnotes":""},"class_list":["post-4406","page","type-page","status-publish","hentry"],"yoast_head":"<!-- This site is optimized with the Yoast SEO plugin v26.9 - https:\/\/yoast.com\/product\/yoast-seo-wordpress\/ -->\n<title>Tunniplaan &amp; broneerimine | Jooga P\u00e4rnus | Surf\u2019n\u2019Soul<\/title>\n<meta name=\"description\" content=\"Vaata Surf\u2019n\u2019Soul joogastuudio n\u00e4dalast tunniplaani P\u00e4rnu rannas ja broneeri koht. Joogamatid on kohapeal, kohtade arv piiratud. Tasumine kohapeal.\" \/>\n<meta name=\"robots\" content=\"index, follow, max-snippet:-1, max-image-preview:large, max-video-preview:-1\" \/>\n<link rel=\"canonical\" href=\"https:\/\/surfnsoul.ee\/et\/jooga\/tunnid-broneerimine\/\" \/>\n<meta property=\"og:locale\" content=\"et_EE\" \/>\n<meta property=\"og:type\" content=\"article\" \/>\n<meta property=\"og:title\" content=\"Tunniplaan &amp; broneerimine | Jooga P\u00e4rnus | Surf\u2019n\u2019Soul\" \/>\n<meta property=\"og:description\" content=\"Vaata Surf\u2019n\u2019Soul joogastuudio n\u00e4dalast tunniplaani P\u00e4rnu rannas ja broneeri koht. Joogamatid on kohapeal, kohtade arv piiratud. Tasumine kohapeal.\" \/>\n<meta property=\"og:url\" content=\"https:\/\/surfnsoul.ee\/et\/jooga\/tunnid-broneerimine\/\" \/>\n<meta property=\"og:site_name\" content=\"Surf&#039;n&#039;Soul\" \/>\n<meta property=\"article:publisher\" content=\"https:\/\/www.facebook.com\/surfnsoulparnu\" \/>\n<meta property=\"article:modified_time\" content=\"2026-04-09T14:18:34+00:00\" \/>\n<meta property=\"og:image\" content=\"https:\/\/surfnsoul.ee\/wp-content\/uploads\/2024\/09\/IMG_2114.jpg\" \/>\n\t<meta property=\"og:image:width\" content=\"2048\" \/>\n\t<meta property=\"og:image:height\" content=\"1365\" \/>\n\t<meta property=\"og:image:type\" content=\"image\/jpeg\" \/>\n<script type=\"application\/ld+json\" class=\"yoast-schema-graph\">{\"@context\":\"https:\/\/schema.org\",\"@graph\":[{\"@type\":\"WebPage\",\"@id\":\"https:\/\/surfnsoul.ee\/et\/jooga\/tunnid-broneerimine\/\",\"url\":\"https:\/\/surfnsoul.ee\/et\/jooga\/tunnid-broneerimine\/\",\"name\":\"Tunniplaan & broneerimine | Jooga P\u00e4rnus | Surf\u2019n\u2019Soul\",\"isPartOf\":{\"@id\":\"https:\/\/surfnsoul.ee\/#website\"},\"datePublished\":\"2026-02-12T23:47:13+00:00\",\"dateModified\":\"2026-04-09T14:18:34+00:00\",\"description\":\"Vaata Surf\u2019n\u2019Soul joogastuudio n\u00e4dalast tunniplaani P\u00e4rnu rannas ja broneeri koht. Joogamatid on kohapeal, kohtade arv piiratud. Tasumine kohapeal.\",\"breadcrumb\":{\"@id\":\"https:\/\/surfnsoul.ee\/et\/jooga\/tunnid-broneerimine\/#breadcrumb\"},\"inLanguage\":\"et\",\"potentialAction\":[{\"@type\":\"ReadAction\",\"target\":[\"https:\/\/surfnsoul.ee\/et\/jooga\/tunnid-broneerimine\/\"]}]},{\"@type\":\"BreadcrumbList\",\"@id\":\"https:\/\/surfnsoul.ee\/et\/jooga\/tunnid-broneerimine\/#breadcrumb\",\"itemListElement\":[{\"@type\":\"ListItem\",\"position\":1,\"name\":\"Home\",\"item\":\"https:\/\/surfnsoul.ee\/et\/\"},{\"@type\":\"ListItem\",\"position\":2,\"name\":\"Jooga\",\"item\":\"https:\/\/surfnsoul.ee\/et\/jooga\/\"},{\"@type\":\"ListItem\",\"position\":3,\"name\":\"Joogatunnid ja broneerimine\"}]},{\"@type\":\"WebSite\",\"@id\":\"https:\/\/surfnsoul.ee\/#website\",\"url\":\"https:\/\/surfnsoul.ee\/\",\"name\":\"Surf'n'Soul\",\"description\":\"Lohesurf, Aerusurf, Jooga ja hea toit. Koolitus ja rent\",\"publisher\":{\"@id\":\"https:\/\/surfnsoul.ee\/#organization\"},\"potentialAction\":[{\"@type\":\"SearchAction\",\"target\":{\"@type\":\"EntryPoint\",\"urlTemplate\":\"https:\/\/surfnsoul.ee\/?s={search_term_string}\"},\"query-input\":{\"@type\":\"PropertyValueSpecification\",\"valueRequired\":true,\"valueName\":\"search_term_string\"}}],\"inLanguage\":\"et\"},{\"@type\":\"Organization\",\"@id\":\"https:\/\/surfnsoul.ee\/#organization\",\"name\":\"Surf'n'Soul\",\"url\":\"https:\/\/surfnsoul.ee\/\",\"logo\":{\"@type\":\"ImageObject\",\"inLanguage\":\"et\",\"@id\":\"https:\/\/surfnsoul.ee\/#\/schema\/logo\/image\/\",\"url\":\"https:\/\/surfnsoul.ee\/wp-content\/uploads\/2024\/03\/Vektorfail.svg\",\"contentUrl\":\"https:\/\/surfnsoul.ee\/wp-content\/uploads\/2024\/03\/Vektorfail.svg\",\"width\":900,\"height\":900,\"caption\":\"Surf'n'Soul\"},\"image\":{\"@id\":\"https:\/\/surfnsoul.ee\/#\/schema\/logo\/image\/\"},\"sameAs\":[\"https:\/\/www.facebook.com\/surfnsoulparnu\"]}]}<\/script>\n<!-- \/ Yoast SEO plugin. -->","yoast_head_json":{"title":"Tunniplaan & broneerimine | Jooga P\u00e4rnus | Surf\u2019n\u2019Soul","description":"Vaata Surf\u2019n\u2019Soul joogastuudio n\u00e4dalast tunniplaani P\u00e4rnu rannas ja broneeri koht. Joogamatid on kohapeal, kohtade arv piiratud. Tasumine kohapeal.","robots":{"index":"index","follow":"follow","max-snippet":"max-snippet:-1","max-image-preview":"max-image-preview:large","max-video-preview":"max-video-preview:-1"},"canonical":"https:\/\/surfnsoul.ee\/et\/jooga\/tunnid-broneerimine\/","og_locale":"et_EE","og_type":"article","og_title":"Tunniplaan & broneerimine | Jooga P\u00e4rnus | Surf\u2019n\u2019Soul","og_description":"Vaata Surf\u2019n\u2019Soul joogastuudio n\u00e4dalast tunniplaani P\u00e4rnu rannas ja broneeri koht. Joogamatid on kohapeal, kohtade arv piiratud. Tasumine kohapeal.","og_url":"https:\/\/surfnsoul.ee\/et\/jooga\/tunnid-broneerimine\/","og_site_name":"Surf&#039;n&#039;Soul","article_publisher":"https:\/\/www.facebook.com\/surfnsoulparnu","article_modified_time":"2026-04-09T14:18:34+00:00","og_image":[{"width":2048,"height":1365,"url":"https:\/\/surfnsoul.ee\/wp-content\/uploads\/2024\/09\/IMG_2114.jpg","type":"image\/jpeg"}],"schema":{"@context":"https:\/\/schema.org","@graph":[{"@type":"WebPage","@id":"https:\/\/surfnsoul.ee\/et\/jooga\/tunnid-broneerimine\/","url":"https:\/\/surfnsoul.ee\/et\/jooga\/tunnid-broneerimine\/","name":"Tunniplaan & broneerimine | Jooga P\u00e4rnus | Surf\u2019n\u2019Soul","isPartOf":{"@id":"https:\/\/surfnsoul.ee\/#website"},"datePublished":"2026-02-12T23:47:13+00:00","dateModified":"2026-04-09T14:18:34+00:00","description":"Vaata Surf\u2019n\u2019Soul joogastuudio n\u00e4dalast tunniplaani P\u00e4rnu rannas ja broneeri koht. Joogamatid on kohapeal, kohtade arv piiratud. Tasumine kohapeal.","breadcrumb":{"@id":"https:\/\/surfnsoul.ee\/et\/jooga\/tunnid-broneerimine\/#breadcrumb"},"inLanguage":"et","potentialAction":[{"@type":"ReadAction","target":["https:\/\/surfnsoul.ee\/et\/jooga\/tunnid-broneerimine\/"]}]},{"@type":"BreadcrumbList","@id":"https:\/\/surfnsoul.ee\/et\/jooga\/tunnid-broneerimine\/#breadcrumb","itemListElement":[{"@type":"ListItem","position":1,"name":"Home","item":"https:\/\/surfnsoul.ee\/et\/"},{"@type":"ListItem","position":2,"name":"Jooga","item":"https:\/\/surfnsoul.ee\/et\/jooga\/"},{"@type":"ListItem","position":3,"name":"Joogatunnid ja broneerimine"}]},{"@type":"WebSite","@id":"https:\/\/surfnsoul.ee\/#website","url":"https:\/\/surfnsoul.ee\/","name":"Surf'n'Soul","description":"Lohesurf, Aerusurf, Jooga ja hea toit. Koolitus ja rent","publisher":{"@id":"https:\/\/surfnsoul.ee\/#organization"},"potentialAction":[{"@type":"SearchAction","target":{"@type":"EntryPoint","urlTemplate":"https:\/\/surfnsoul.ee\/?s={search_term_string}"},"query-input":{"@type":"PropertyValueSpecification","valueRequired":true,"valueName":"search_term_string"}}],"inLanguage":"et"},{"@type":"Organization","@id":"https:\/\/surfnsoul.ee\/#organization","name":"Surf'n'Soul","url":"https:\/\/surfnsoul.ee\/","logo":{"@type":"ImageObject","inLanguage":"et","@id":"https:\/\/surfnsoul.ee\/#\/schema\/logo\/image\/","url":"https:\/\/surfnsoul.ee\/wp-content\/uploads\/2024\/03\/Vektorfail.svg","contentUrl":"https:\/\/surfnsoul.ee\/wp-content\/uploads\/2024\/03\/Vektorfail.svg","width":900,"height":900,"caption":"Surf'n'Soul"},"image":{"@id":"https:\/\/surfnsoul.ee\/#\/schema\/logo\/image\/"},"sameAs":["https:\/\/www.facebook.com\/surfnsoulparnu"]}]}},"_links":{"self":[{"href":"https:\/\/surfnsoul.ee\/et\/wp-json\/wp\/v2\/pages\/4406","targetHints":{"allow":["GET"]}}],"collection":[{"href":"https:\/\/surfnsoul.ee\/et\/wp-json\/wp\/v2\/pages"}],"about":[{"href":"https:\/\/surfnsoul.ee\/et\/wp-json\/wp\/v2\/types\/page"}],"author":[{"embeddable":true,"href":"https:\/\/surfnsoul.ee\/et\/wp-json\/wp\/v2\/users\/1"}],"replies":[{"embeddable":true,"href":"https:\/\/surfnsoul.ee\/et\/wp-json\/wp\/v2\/comments?post=4406"}],"version-history":[{"count":9,"href":"https:\/\/surfnsoul.ee\/et\/wp-json\/wp\/v2\/pages\/4406\/revisions"}],"predecessor-version":[{"id":4456,"href":"https:\/\/surfnsoul.ee\/et\/wp-json\/wp\/v2\/pages\/4406\/revisions\/4456"}],"up":[{"embeddable":true,"href":"https:\/\/surfnsoul.ee\/et\/wp-json\/wp\/v2\/pages\/3877"}],"wp:attachment":[{"href":"https:\/\/surfnsoul.ee\/et\/wp-json\/wp\/v2\/media?parent=4406"}],"curies":[{"name":"wp","href":"https:\/\/api.w.org\/{rel}","templated":true}]}}