{"id":4412,"date":"2026-02-13T02:03:42","date_gmt":"2026-02-13T00:03:42","guid":{"rendered":"https:\/\/surfnsoul.ee\/?page_id=4412"},"modified":"2026-02-13T02:36:04","modified_gmt":"2026-02-13T00:36:04","slug":"joogastuudio","status":"publish","type":"page","link":"https:\/\/surfnsoul.ee\/et\/jooga\/joogastuudio\/","title":{"rendered":"SnS joogastuudio"},"content":{"rendered":"<div class=\"wpb-content-wrapper\"><p>[vc_row][vc_column]\n\t\t\t<!-- START joogastuudio EST REVOLUTION SLIDER 6.7.12 --><p class=\"rs-p-wp-fix\"><\/p>\n\t\t\t<rs-module-wrap id=\"rev_slider_21_1_wrapper\" data-source=\"gallery\" style=\"visibility:hidden;background:#4bd5cd;padding:0;\">\n\t\t\t\t<rs-module id=\"rev_slider_21_1\" style=\"\" data-version=\"6.7.12\">\n\t\t\t\t\t<rs-slides style=\"overflow: hidden; position: absolute;\">\n\t\t\t\t\t\t<rs-slide style=\"position: absolute;\" data-key=\"rs-35\" data-title=\"Slide\" data-in=\"x:100%;\" data-out=\"x:-100%;\">\n\t\t\t\t\t\t\t<img decoding=\"async\" src=\"\/\/surfnsoul.ee\/wp-content\/plugins\/revslider\/sr6\/assets\/assets\/dummy.png\" alt=\"yogastudio surfnsoul\" title=\"yogastudio surfnsoul\" width=\"2048\" height=\"1365\" class=\"rev-slidebg tp-rs-img rs-lazyload\" data-lazyload=\"\/\/surfnsoul.ee\/wp-content\/uploads\/2026\/02\/IMG_2753.jpg\" data-no-retina>\n<!--\n\t\t\t\t\t\t\t--><rs-layer\n\t\t\t\t\t\t\t\tid=\"slider-21-slide-35-layer-0\" \n\t\t\t\t\t\t\t\tdata-type=\"text\"\n\t\t\t\t\t\t\t\tdata-color=\"#fff\"\n\t\t\t\t\t\t\t\tdata-xy=\"x:c;y:m;\"\n\t\t\t\t\t\t\t\tdata-text=\"w:normal;s:60,50,27,13;l:70,59,32,16;ls:-1,0,0,0;a:center;\"\n\t\t\t\t\t\t\t\tdata-dim=\"minh:0px,none,none,none;\"\n\t\t\t\t\t\t\t\tdata-rsp_o=\"off\"\n\t\t\t\t\t\t\t\tdata-rsp_bd=\"off\"\n\t\t\t\t\t\t\t\tdata-frame_999=\"o:0;st:w;\"\n\t\t\t\t\t\t\t\tstyle=\"z-index:5;font-family:'Shadows Into Light';text-transform:uppercase;\"\n\t\t\t\t\t\t\t>hinga. liigu. ole kohal \n\t\t\t\t\t\t\t<\/rs-layer><!--\n-->\t\t\t\t\t<\/rs-slide>\n\t\t\t\t\t<\/rs-slides>\n\t\t\t\t\t<rs-static-layers><!--\n\n\t\t\t\t\t\t\t--><rs-layer\n\t\t\t\t\t\t\t\tid=\"slider-21-slide-21-layer-3\" \n\t\t\t\t\t\t\t\tclass=\"rs-layer-static\"\n\t\t\t\t\t\t\t\tdata-type=\"image\"\n\t\t\t\t\t\t\t\tdata-xy=\"x:c;y:m;yo:0,-35px,-35px,-30px;\"\n\t\t\t\t\t\t\t\tdata-text=\"w:normal;s:20,16,8,4;l:0,21,11,6;\"\n\t\t\t\t\t\t\t\tdata-dim=\"w:auto,308px,308px,248px;h:auto,294px,294px,237px;\"\n\t\t\t\t\t\t\t\tdata-basealign=\"slide\"\n\t\t\t\t\t\t\t\tdata-rsp_o=\"off\"\n\t\t\t\t\t\t\t\tdata-rsp_bd=\"off\"\n\t\t\t\t\t\t\t\tdata-onslides=\"s:1;\"\n\t\t\t\t\t\t\t\tdata-frame_0=\"rX:-70deg;oZ:-50;\"\n\t\t\t\t\t\t\t\tdata-frame_1=\"oZ:-50;e:power4.inOut;st:250;sp:1550;sR:250;\"\n\t\t\t\t\t\t\t\tdata-frame_999=\"o:0;st:w;sR:7200;\"\n\t\t\t\t\t\t\t\tstyle=\"z-index:9;\"\n\t\t\t\t\t\t\t><img decoding=\"async\" src=\"\/\/surfnsoul.ee\/wp-content\/plugins\/revslider\/sr6\/assets\/assets\/dummy.png\" alt=\"\" class=\"tp-rs-img rs-lazyload\" data-lazyload=\"\/\/surfnsoul.ee\/wp-content\/uploads\/2020\/02\/h1-rev-img-1.png\" data-no-retina> \n\t\t\t\t\t\t\t<\/rs-layer><!--\n\n\t\t\t\t\t\t\t--><rs-layer\n\t\t\t\t\t\t\t\tid=\"slider-21-slide-21-layer-6\" \n\t\t\t\t\t\t\t\tclass=\"rs-layer-static\"\n\t\t\t\t\t\t\t\tdata-type=\"text\"\n\t\t\t\t\t\t\t\tdata-xy=\"x:c;xo:2px;y:b;yo:61px;\"\n\t\t\t\t\t\t\t\tdata-text=\"w:normal;s:12;ls:3px;fw:700;\"\n\t\t\t\t\t\t\t\tdata-vbility=\"t,t,f,f\"\n\t\t\t\t\t\t\t\tdata-basealign=\"slide\"\n\t\t\t\t\t\t\t\tdata-rsp_o=\"off\"\n\t\t\t\t\t\t\t\tdata-rsp_bd=\"off\"\n\t\t\t\t\t\t\t\tdata-onslides=\"s:1;\"\n\t\t\t\t\t\t\t\tdata-frame_1=\"st:280;sp:1350;sR:280;\"\n\t\t\t\t\t\t\t\tdata-frame_999=\"o:0;st:w;sR:7370;\"\n\t\t\t\t\t\t\t\tstyle=\"z-index:12;font-family:'Roboto';\"\n\t\t\t\t\t\t\t>SCROLL \n\t\t\t\t\t\t\t<\/rs-layer><!--\n\n\t\t\t\t\t\t\t--><rs-layer\n\t\t\t\t\t\t\t\tid=\"slider-21-slide-21-layer-8\" \n\t\t\t\t\t\t\t\tclass=\"rs-layer-static\"\n\t\t\t\t\t\t\t\tdata-type=\"text\"\n\t\t\t\t\t\t\t\tdata-xy=\"x:c;y:b;yo:-2px,-1px,-1px,-1px;\"\n\t\t\t\t\t\t\t\tdata-vbility=\"t,t,f,f\"\n\t\t\t\t\t\t\t\tdata-basealign=\"slide\"\n\t\t\t\t\t\t\t\tdata-rsp_o=\"off\"\n\t\t\t\t\t\t\t\tdata-rsp_bd=\"off\"\n\t\t\t\t\t\t\t\tdata-onslides=\"s:1;\"\n\t\t\t\t\t\t\t\tdata-frame_0=\"y:50;\"\n\t\t\t\t\t\t\t\tdata-frame_1=\"e:expo.out;st:280;sp:1370;sR:280;\"\n\t\t\t\t\t\t\t\tdata-frame_999=\"o:0;st:w;sR:7350;\"\n\t\t\t\t\t\t\t\tstyle=\"z-index:13;font-family:'Roboto';\"\n\t\t\t\t\t\t\t><div class=\"rev-scroll-wave\"><div><\/div><\/div> \n\t\t\t\t\t\t\t<\/rs-layer><!--\n\t\t\t\t\t--><\/rs-static-layers>\n\t\t\t\t<\/rs-module>\n\t\t\t\t<script>\n\t\t\t\t\tsetREVStartSize({c: 'rev_slider_21_1',rl:[1240,1024,778,480],el:[800,645,700,500],gw:[1300,1100,600,300],gh:[800,645,700,500],type:'standard',justify:'',layout:'fullscreen',offsetContainer:'html:not(.touch) .qodef-page-header, html:not(.touch) .qodef-top-bar, html.touch .qodef-mobile-header',offset:'',mh:\"0\"});if (window.RS_MODULES!==undefined && window.RS_MODULES.modules!==undefined && window.RS_MODULES.modules[\"revslider211\"]!==undefined) {window.RS_MODULES.modules[\"revslider211\"].once = false;window.revapi21 = undefined;if (window.RS_MODULES.checkMinimal!==undefined) window.RS_MODULES.checkMinimal()}\n\t\t\t\t<\/script>\n\t\t\t<\/rs-module-wrap>\n\t\t\t<!-- END REVOLUTION SLIDER -->\n[\/vc_column][\/vc_row][vc_row][vc_column][vc_empty_space height=&#8221;20px&#8221;][vc_column_text css=&#8221;&#8221;]<\/p>\n<h1 style=\"text-align: center;\">Jooga mere \u00e4\u00e4res. Pehme, stabiilne, k\u00f5igile.<\/h1>\n<p>[\/vc_column_text][vc_column_text css=&#8221;&#8221;]<\/p>\n<h6 style=\"text-align: center;\" data-start=\"514\" data-end=\"603\">Tule hommikuseks energiaks, \u00f5htuseks l\u00f5dvestuseks v\u00f5i tugevamaks praktikaks. Matid on kohapeal. K\u00f5ik tunnid 12 \u20ac. Tasumine kohapeal.<\/h6>\n<p>[\/vc_column_text][vc_empty_space height=&#8221;20px&#8221;][\/vc_column][\/vc_row][vc_row][vc_column][\/vc_column][\/vc_row][vc_row][vc_column width=&#8221;1\/3&#8243;]<a itemprop=\"url\" href=\"https:\/\/surfnsoul.ee\/et\/jooga\/tunnid-broneerimine\/\" target=\"_self\"  class=\"qodef-btn qodef-btn-huge qodef-btn-solid\"  >\n        <span class=\"qodef-btn-text\">broneeri koht tunnis<\/span>\n        <\/a>[\/vc_column][vc_column width=&#8221;1\/3&#8243;][\/vc_column][vc_column width=&#8221;1\/3&#8243;]<a itemprop=\"url\" href=\"#\" target=\"_self\"  class=\"qodef-btn qodef-btn-huge qodef-btn-solid\"  >\n        <span class=\"qodef-btn-text\">vaata joogastiile<\/span>\n        <\/a>[\/vc_column][\/vc_row][vc_row][vc_column][vc_column_text css=&#8221;&#8221;]<\/p>\n<p style=\"text-align: center;\" data-start=\"1054\" data-end=\"1074\"><strong data-start=\"1054\" data-end=\"1072\">Matid kohapeal<\/strong><\/p>\n<p style=\"text-align: center;\" data-start=\"1077\" data-end=\"1099\"><strong data-start=\"1077\" data-end=\"1097\">K\u00f5ik tunnid 12 \u20ac<\/strong><\/p>\n<p style=\"text-align: center;\" data-start=\"1102\" data-end=\"1123\"><strong data-start=\"1102\" data-end=\"1121\">Kuni 18 inimest<\/strong><\/p>\n<p style=\"text-align: center;\" data-start=\"1126\" data-end=\"1147\"><strong data-start=\"1126\" data-end=\"1147\">Tasumine kohapeal<\/strong><\/p>\n<p>[\/vc_column_text][\/vc_column][\/vc_row][vc_row][vc_column][\/vc_column][\/vc_row][vc_row][vc_column width=&#8221;1\/3&#8243;][vc_cta h2=&#8221;Hommikune \u00e4ratus&#8221; txt_align=&#8221;center&#8221; css=&#8221;&#8221;]<\/p>\n<p style=\"text-align: center;\">Intensiivsus: Madal &#8211; Keskmine<\/p>\n<p style=\"text-align: center;\">Kestus: 60 min<\/p>\n<p>[\/vc_cta][\/vc_column][vc_column width=&#8221;1\/3&#8243;][vc_cta h2=&#8221;Meditatiivne \u00f5htujooga&#8221; txt_align=&#8221;center&#8221; css=&#8221;&#8221;]<\/p>\n<p style=\"text-align: center;\">Intensiivsus: Madal<\/p>\n<p style=\"text-align: center;\">Kestus: 90 min<\/p>\n<p>[\/vc_cta][\/vc_column][vc_column width=&#8221;1\/3&#8243;][vc_cta h2=&#8221;Pilates + venitus&#8221; txt_align=&#8221;center&#8221; css=&#8221;&#8221;]<\/p>\n<p style=\"text-align: center;\">Intensiivsus: Keskmine<\/p>\n<p style=\"text-align: center;\">Kestus: 60 min<\/p>\n<p>[\/vc_cta][\/vc_column][\/vc_row][vc_row][vc_column width=&#8221;1\/2&#8243;][vc_cta h2=&#8221;Ashtanga&#8221; txt_align=&#8221;center&#8221; css=&#8221;&#8221;]<\/p>\n<p style=\"text-align: center;\">Intensiivsus: Keskmine<\/p>\n<p style=\"text-align: center;\">Kestus: 60 min<\/p>\n<p>[\/vc_cta][\/vc_column][vc_column width=&#8221;1\/2&#8243;][vc_cta h2=&#8221;Hatha&#8221; txt_align=&#8221;center&#8221; css=&#8221;&#8221;]<\/p>\n<p style=\"text-align: center;\">Intensiivsus: Keskmine<\/p>\n<p style=\"text-align: center;\">Kestus: 60 &#8211; 75 min<\/p>\n<p>[\/vc_cta][\/vc_column][\/vc_row][vc_row][vc_column][vc_column_text css=&#8221;&#8221;]<\/p>\n<h3><strong data-start=\"410\" data-end=\"428\">Mida oodata<\/strong><\/h3>\n<ul>\n<li data-start=\"1712\" data-end=\"1781\">\n<p data-start=\"1714\" data-end=\"1781\"><strong data-start=\"1714\" data-end=\"1735\">Tule 10 min varem<\/strong>, et rahulikult kohale j\u00f5uda ja sisse seada.<\/p>\n<\/li>\n<li data-start=\"1782\" data-end=\"1847\">\n<p data-start=\"1784\" data-end=\"1847\"><strong data-start=\"1784\" data-end=\"1805\">Matid on kohapeal<\/strong> \u2014 kui soovid, v\u00f5id tulla ka oma matiga.<\/p>\n<\/li>\n<li data-start=\"1848\" data-end=\"1923\">\n<p data-start=\"1850\" data-end=\"1923\"><strong data-start=\"1850\" data-end=\"1895\">Pane selga midagi, milles on hea liikuda.<\/strong> Midagi \u201cuhket\u201d pole vaja.<\/p>\n<\/li>\n<li data-start=\"1924\" data-end=\"2005\">\n<p data-start=\"1926\" data-end=\"2005\">Me hoiame selle <strong data-start=\"1942\" data-end=\"1970\">s\u00f5braliku ja maal\u00e4hedase<\/strong> \u2014 <strong data-start=\"1973\" data-end=\"2003\">variandid on alati olemas.<\/strong><\/p>\n<\/li>\n<li data-start=\"2006\" data-end=\"2059\">\n<p data-start=\"2008\" data-end=\"2059\"><strong data-start=\"2008\" data-end=\"2029\">Kohti on kuni 18.<\/strong> Tasumine kohapeal (<strong data-start=\"2049\" data-end=\"2057\">12 \u20ac<\/strong>).<\/p>\n<\/li>\n<\/ul>\n<p>[\/vc_column_text][\/vc_column][\/vc_row][vc_row][vc_column][\/vc_column][\/vc_row]<\/p>\n<\/div>","protected":false},"excerpt":{"rendered":"<p>[vc_row][vc_column][\/vc_column][\/vc_row][vc_row][vc_column][vc_empty_space height=&#8221;20px&#8221;][vc_column_text css=&#8221;&#8221;] Jooga mere \u00e4\u00e4res. Pehme, stabiilne, k\u00f5igile. [\/vc_column_text][vc_column_text css=&#8221;&#8221;] Tule hommikuseks energiaks, \u00f5htuseks l\u00f5dvestuseks v\u00f5i tugevamaks praktikaks. Matid on kohapeal. K\u00f5ik tunnid 12 \u20ac. Tasumine kohapeal. [\/vc_column_text][vc_empty_space height=&#8221;20px&#8221;][\/vc_column][\/vc_row][vc_row][vc_column][\/vc_column][\/vc_row][vc_row][vc_column width=&#8221;1\/3&#8243;][\/vc_column][vc_column width=&#8221;1\/3&#8243;][\/vc_column][vc_column width=&#8221;1\/3&#8243;][\/vc_column][\/vc_row][vc_row][vc_column][vc_column_text css=&#8221;&#8221;] Matid kohapeal K\u00f5ik tunnid 12 \u20ac [&hellip;]<\/p>\n","protected":false},"author":1,"featured_media":0,"parent":3877,"menu_order":0,"comment_status":"closed","ping_status":"closed","template":"","meta":{"footnotes":""},"class_list":["post-4412","page","type-page","status-publish","hentry"],"yoast_head":"<!-- This site is optimized with the Yoast SEO plugin v26.9 - https:\/\/yoast.com\/product\/yoast-seo-wordpress\/ -->\n<title>Surf\u2019n\u2019Soul joogastuudio P\u00e4rnus | Jooga mere \u00e4\u00e4res<\/title>\n<meta name=\"description\" content=\"Jooga mere \u00e4\u00e4res P\u00e4rnus \u2013 hommikune energia, \u00f5htune l\u00f5dvestus v\u00f5i tugev praktika. Matid kohapeal, tunnid 12 \u20ac, kuni 18 inimest. Tule ja broneeri aeg\" \/>\n<meta name=\"robots\" content=\"index, follow, max-snippet:-1, max-image-preview:large, max-video-preview:-1\" \/>\n<link rel=\"canonical\" href=\"https:\/\/surfnsoul.ee\/et\/jooga\/joogastuudio\/\" \/>\n<meta property=\"og:locale\" content=\"et_EE\" \/>\n<meta property=\"og:type\" content=\"article\" \/>\n<meta property=\"og:title\" content=\"Surf\u2019n\u2019Soul joogastuudio P\u00e4rnus | Jooga mere \u00e4\u00e4res\" \/>\n<meta property=\"og:description\" content=\"Jooga mere \u00e4\u00e4res P\u00e4rnus \u2013 hommikune energia, \u00f5htune l\u00f5dvestus v\u00f5i tugev praktika. Matid kohapeal, tunnid 12 \u20ac, kuni 18 inimest. Tule ja broneeri aeg\" \/>\n<meta property=\"og:url\" content=\"https:\/\/surfnsoul.ee\/et\/jooga\/joogastuudio\/\" \/>\n<meta property=\"og:site_name\" content=\"Surf&#039;n&#039;Soul\" \/>\n<meta property=\"article:publisher\" content=\"https:\/\/www.facebook.com\/surfnsoulparnu\" \/>\n<meta property=\"article:modified_time\" content=\"2026-02-13T00:36:04+00:00\" \/>\n<meta property=\"og:image\" content=\"https:\/\/surfnsoul.ee\/wp-content\/uploads\/2026\/02\/yoga-morning-session-at-the-beach-1.png\" \/>\n\t<meta property=\"og:image:width\" content=\"1344\" \/>\n\t<meta property=\"og:image:height\" content=\"768\" \/>\n\t<meta property=\"og:image:type\" content=\"image\/png\" \/>\n<script type=\"application\/ld+json\" class=\"yoast-schema-graph\">{\"@context\":\"https:\/\/schema.org\",\"@graph\":[{\"@type\":\"WebPage\",\"@id\":\"https:\/\/surfnsoul.ee\/et\/jooga\/joogastuudio\/\",\"url\":\"https:\/\/surfnsoul.ee\/et\/jooga\/joogastuudio\/\",\"name\":\"Surf\u2019n\u2019Soul joogastuudio P\u00e4rnus | Jooga mere \u00e4\u00e4res\",\"isPartOf\":{\"@id\":\"https:\/\/surfnsoul.ee\/#website\"},\"datePublished\":\"2026-02-13T00:03:42+00:00\",\"dateModified\":\"2026-02-13T00:36:04+00:00\",\"description\":\"Jooga mere \u00e4\u00e4res P\u00e4rnus \u2013 hommikune energia, \u00f5htune l\u00f5dvestus v\u00f5i tugev praktika. Matid kohapeal, tunnid 12 \u20ac, kuni 18 inimest. Tule ja broneeri aeg\",\"breadcrumb\":{\"@id\":\"https:\/\/surfnsoul.ee\/et\/jooga\/joogastuudio\/#breadcrumb\"},\"inLanguage\":\"et\",\"potentialAction\":[{\"@type\":\"ReadAction\",\"target\":[\"https:\/\/surfnsoul.ee\/et\/jooga\/joogastuudio\/\"]}]},{\"@type\":\"BreadcrumbList\",\"@id\":\"https:\/\/surfnsoul.ee\/et\/jooga\/joogastuudio\/#breadcrumb\",\"itemListElement\":[{\"@type\":\"ListItem\",\"position\":1,\"name\":\"Home\",\"item\":\"https:\/\/surfnsoul.ee\/et\/\"},{\"@type\":\"ListItem\",\"position\":2,\"name\":\"Jooga\",\"item\":\"https:\/\/surfnsoul.ee\/et\/jooga\/\"},{\"@type\":\"ListItem\",\"position\":3,\"name\":\"SnS joogastuudio\"}]},{\"@type\":\"WebSite\",\"@id\":\"https:\/\/surfnsoul.ee\/#website\",\"url\":\"https:\/\/surfnsoul.ee\/\",\"name\":\"Surf'n'Soul\",\"description\":\"Lohesurf, Aerusurf, Jooga ja hea toit. Koolitus ja rent\",\"publisher\":{\"@id\":\"https:\/\/surfnsoul.ee\/#organization\"},\"potentialAction\":[{\"@type\":\"SearchAction\",\"target\":{\"@type\":\"EntryPoint\",\"urlTemplate\":\"https:\/\/surfnsoul.ee\/?s={search_term_string}\"},\"query-input\":{\"@type\":\"PropertyValueSpecification\",\"valueRequired\":true,\"valueName\":\"search_term_string\"}}],\"inLanguage\":\"et\"},{\"@type\":\"Organization\",\"@id\":\"https:\/\/surfnsoul.ee\/#organization\",\"name\":\"Surf'n'Soul\",\"url\":\"https:\/\/surfnsoul.ee\/\",\"logo\":{\"@type\":\"ImageObject\",\"inLanguage\":\"et\",\"@id\":\"https:\/\/surfnsoul.ee\/#\/schema\/logo\/image\/\",\"url\":\"https:\/\/surfnsoul.ee\/wp-content\/uploads\/2024\/03\/Vektorfail.svg\",\"contentUrl\":\"https:\/\/surfnsoul.ee\/wp-content\/uploads\/2024\/03\/Vektorfail.svg\",\"width\":900,\"height\":900,\"caption\":\"Surf'n'Soul\"},\"image\":{\"@id\":\"https:\/\/surfnsoul.ee\/#\/schema\/logo\/image\/\"},\"sameAs\":[\"https:\/\/www.facebook.com\/surfnsoulparnu\"]}]}<\/script>\n<!-- \/ Yoast SEO plugin. -->","yoast_head_json":{"title":"Surf\u2019n\u2019Soul joogastuudio P\u00e4rnus | Jooga mere \u00e4\u00e4res","description":"Jooga mere \u00e4\u00e4res P\u00e4rnus \u2013 hommikune energia, \u00f5htune l\u00f5dvestus v\u00f5i tugev praktika. Matid kohapeal, tunnid 12 \u20ac, kuni 18 inimest. Tule ja broneeri aeg","robots":{"index":"index","follow":"follow","max-snippet":"max-snippet:-1","max-image-preview":"max-image-preview:large","max-video-preview":"max-video-preview:-1"},"canonical":"https:\/\/surfnsoul.ee\/et\/jooga\/joogastuudio\/","og_locale":"et_EE","og_type":"article","og_title":"Surf\u2019n\u2019Soul joogastuudio P\u00e4rnus | Jooga mere \u00e4\u00e4res","og_description":"Jooga mere \u00e4\u00e4res P\u00e4rnus \u2013 hommikune energia, \u00f5htune l\u00f5dvestus v\u00f5i tugev praktika. Matid kohapeal, tunnid 12 \u20ac, kuni 18 inimest. Tule ja broneeri aeg","og_url":"https:\/\/surfnsoul.ee\/et\/jooga\/joogastuudio\/","og_site_name":"Surf&#039;n&#039;Soul","article_publisher":"https:\/\/www.facebook.com\/surfnsoulparnu","article_modified_time":"2026-02-13T00:36:04+00:00","og_image":[{"width":1344,"height":768,"url":"https:\/\/surfnsoul.ee\/wp-content\/uploads\/2026\/02\/yoga-morning-session-at-the-beach-1.png","type":"image\/png"}],"schema":{"@context":"https:\/\/schema.org","@graph":[{"@type":"WebPage","@id":"https:\/\/surfnsoul.ee\/et\/jooga\/joogastuudio\/","url":"https:\/\/surfnsoul.ee\/et\/jooga\/joogastuudio\/","name":"Surf\u2019n\u2019Soul joogastuudio P\u00e4rnus | Jooga mere \u00e4\u00e4res","isPartOf":{"@id":"https:\/\/surfnsoul.ee\/#website"},"datePublished":"2026-02-13T00:03:42+00:00","dateModified":"2026-02-13T00:36:04+00:00","description":"Jooga mere \u00e4\u00e4res P\u00e4rnus \u2013 hommikune energia, \u00f5htune l\u00f5dvestus v\u00f5i tugev praktika. Matid kohapeal, tunnid 12 \u20ac, kuni 18 inimest. Tule ja broneeri aeg","breadcrumb":{"@id":"https:\/\/surfnsoul.ee\/et\/jooga\/joogastuudio\/#breadcrumb"},"inLanguage":"et","potentialAction":[{"@type":"ReadAction","target":["https:\/\/surfnsoul.ee\/et\/jooga\/joogastuudio\/"]}]},{"@type":"BreadcrumbList","@id":"https:\/\/surfnsoul.ee\/et\/jooga\/joogastuudio\/#breadcrumb","itemListElement":[{"@type":"ListItem","position":1,"name":"Home","item":"https:\/\/surfnsoul.ee\/et\/"},{"@type":"ListItem","position":2,"name":"Jooga","item":"https:\/\/surfnsoul.ee\/et\/jooga\/"},{"@type":"ListItem","position":3,"name":"SnS joogastuudio"}]},{"@type":"WebSite","@id":"https:\/\/surfnsoul.ee\/#website","url":"https:\/\/surfnsoul.ee\/","name":"Surf'n'Soul","description":"Lohesurf, Aerusurf, Jooga ja hea toit. Koolitus ja rent","publisher":{"@id":"https:\/\/surfnsoul.ee\/#organization"},"potentialAction":[{"@type":"SearchAction","target":{"@type":"EntryPoint","urlTemplate":"https:\/\/surfnsoul.ee\/?s={search_term_string}"},"query-input":{"@type":"PropertyValueSpecification","valueRequired":true,"valueName":"search_term_string"}}],"inLanguage":"et"},{"@type":"Organization","@id":"https:\/\/surfnsoul.ee\/#organization","name":"Surf'n'Soul","url":"https:\/\/surfnsoul.ee\/","logo":{"@type":"ImageObject","inLanguage":"et","@id":"https:\/\/surfnsoul.ee\/#\/schema\/logo\/image\/","url":"https:\/\/surfnsoul.ee\/wp-content\/uploads\/2024\/03\/Vektorfail.svg","contentUrl":"https:\/\/surfnsoul.ee\/wp-content\/uploads\/2024\/03\/Vektorfail.svg","width":900,"height":900,"caption":"Surf'n'Soul"},"image":{"@id":"https:\/\/surfnsoul.ee\/#\/schema\/logo\/image\/"},"sameAs":["https:\/\/www.facebook.com\/surfnsoulparnu"]}]}},"_links":{"self":[{"href":"https:\/\/surfnsoul.ee\/et\/wp-json\/wp\/v2\/pages\/4412","targetHints":{"allow":["GET"]}}],"collection":[{"href":"https:\/\/surfnsoul.ee\/et\/wp-json\/wp\/v2\/pages"}],"about":[{"href":"https:\/\/surfnsoul.ee\/et\/wp-json\/wp\/v2\/types\/page"}],"author":[{"embeddable":true,"href":"https:\/\/surfnsoul.ee\/et\/wp-json\/wp\/v2\/users\/1"}],"replies":[{"embeddable":true,"href":"https:\/\/surfnsoul.ee\/et\/wp-json\/wp\/v2\/comments?post=4412"}],"version-history":[{"count":3,"href":"https:\/\/surfnsoul.ee\/et\/wp-json\/wp\/v2\/pages\/4412\/revisions"}],"predecessor-version":[{"id":4419,"href":"https:\/\/surfnsoul.ee\/et\/wp-json\/wp\/v2\/pages\/4412\/revisions\/4419"}],"up":[{"embeddable":true,"href":"https:\/\/surfnsoul.ee\/et\/wp-json\/wp\/v2\/pages\/3877"}],"wp:attachment":[{"href":"https:\/\/surfnsoul.ee\/et\/wp-json\/wp\/v2\/media?parent=4412"}],"curies":[{"name":"wp","href":"https:\/\/api.w.org\/{rel}","templated":true}]}}