{"id":4424,"date":"2026-02-13T03:09:43","date_gmt":"2026-02-13T01:09:43","guid":{"rendered":"https:\/\/surfnsoul.ee\/?page_id=4424"},"modified":"2026-02-13T03:33:40","modified_gmt":"2026-02-13T01:33:40","slug":"joogastiilid","status":"publish","type":"page","link":"https:\/\/surfnsoul.ee\/et\/jooga\/joogastiilid\/","title":{"rendered":"Joogastiilid"},"content":{"rendered":"<div class=\"wpb-content-wrapper\"><p>[vc_row][vc_column][vc_column_text css=&#8221;&#8221;]<\/p>\n<h1 style=\"text-align: center;\">joogastiilid<\/h1>\n<p>[\/vc_column_text][vc_column_text css=&#8221;&#8221;]<\/p>\n<p style=\"text-align: center;\">Leia tund, mis sobib sinu kehale ja p\u00e4evale. K\u00f5ik tunnid 12 \u20ac. Matid kohapeal. Tasumine kohapeal.<\/p>\n<p>[\/vc_column_text][vc_empty_space][\/vc_column][\/vc_row][vc_row][vc_column width=&#8221;2\/3&#8243;][vc_text_separator title=&#8221;Hommikuvirgutus&#8221; border_width=&#8221;5&#8243; css=&#8221;&#8221;][vc_column_text css=&#8221;&#8221;]<\/p>\n<p data-start=\"833\" data-end=\"1242\">\u00d5rn ja energiat andev algus p\u00e4evale. Teeme lihtsaid liikumisi, hingamist ja sujuvaid seeriaid, et keha \u201ck\u00e4ima\u201d saada ilma rapsimiseta. Oodata on liikuvust puusadele, \u00f5lgadele ja seljale, pluss veidi j\u00f5udu, et tunne oleks stabiilne. Alati on valikud \u2014 saad hoida pehmelt v\u00f5i lisada natuke rohkem kuumust. Hea, kui tahad end tunda selge, maandatud ja \u201csissel\u00fclitatud\u201d \u00fclej\u00e4\u00e4nud p\u00e4evaks.<\/p>\n<p data-start=\"1244\" data-end=\"1258\"><strong data-start=\"1244\" data-end=\"1258\">Lisainfo<\/strong><\/p>\n<p data-start=\"1261\" data-end=\"1295\"><strong data-start=\"1261\" data-end=\"1278\">Intensiivsus:<\/strong> madal\u2013keskmine<\/p>\n<p data-start=\"1298\" data-end=\"1349\"><strong data-start=\"1298\" data-end=\"1309\">Fookus:<\/strong> liikuvus + hingamine + stabiilne j\u00f5ud<\/p>\n<p data-start=\"1352\" data-end=\"1370\"><strong data-start=\"1352\" data-end=\"1363\">Kestus:<\/strong> 60 min<\/p>\n<p>[\/vc_column_text][\/vc_column][vc_column width=&#8221;1\/3&#8243;][vc_single_image image=&#8221;4334&#8243; img_size=&#8221;large&#8221; alignment=&#8221;center&#8221; css=&#8221;&#8221;][\/vc_column][\/vc_row][vc_row][vc_column][vc_empty_space][\/vc_column][\/vc_row][vc_row][vc_column width=&#8221;1\/4&#8243;][vc_single_image image=&#8221;3172&#8243; img_size=&#8221;large&#8221; alignment=&#8221;center&#8221; css=&#8221;&#8221;][\/vc_column][vc_column width=&#8221;3\/4&#8243;][vc_text_separator title=&#8221;Meditatiivne \u00f5htujooga&#8221; border_width=&#8221;5&#8243; css=&#8221;&#8221;][vc_column_text css=&#8221;&#8221;]<\/p>\n<p data-start=\"1430\" data-end=\"1863\">Aeglane ja rahustav praktika, et p\u00e4rast pikka p\u00e4eva maha laadida. Liigume teadlikult, hoiame asendeid kauem ja anname n\u00e4rvis\u00fcsteemile ruumi rahuneda. Oodata on \u00f5rnu venitusi, hingamist ja vaikset l\u00f5petust, mis j\u00e4tab kergema ja l\u00f5dvestunuma tunde. Sobib eriti h\u00e4sti, kui oled stressis, pinges v\u00f5i tahad lihtsalt paremini magada. Pole sooritust \u2014 ainult rahulik juhendamine ja ruum olla t\u00e4pselt seal, kus oled.<\/p>\n<p data-start=\"1865\" data-end=\"1879\"><strong data-start=\"1865\" data-end=\"1879\">Lisainfo<\/strong><\/p>\n<p data-start=\"1882\" data-end=\"1907\"><strong data-start=\"1882\" data-end=\"1899\">Intensiivsus:<\/strong> madal<\/p>\n<p data-start=\"1910\" data-end=\"1955\"><strong data-start=\"1910\" data-end=\"1921\">Fookus:<\/strong> l\u00f5dvestus + n\u00e4rvis\u00fcsteemi reset<\/p>\n<p data-start=\"1958\" data-end=\"1979\"><strong data-start=\"1958\" data-end=\"1969\">Kestus:<\/strong> 75\u201390 min<\/p>\n<p>[\/vc_column_text][\/vc_column][\/vc_row][vc_row][vc_column][vc_empty_space][\/vc_column][\/vc_row][vc_row][vc_column width=&#8221;2\/3&#8243;][vc_text_separator title=&#8221;pilates stretch&#8221; border_width=&#8221;5&#8243; css=&#8221;&#8221;][vc_column_text css=&#8221;&#8221;]<\/p>\n<p data-start=\"2006\" data-end=\"2432\">Funktsionaalne tund r\u00fchile, kerele ja liikuvusele. Teeme kontrollitud pilatese-laadseid seeriaid ja avame keha pikemate venitustega. Fookus on s\u00fcvalihastel, puusadel, tuharatel ja \u00f5lgadel \u2014 see on see t\u00f6\u00f6, mis teeb igap\u00e4evase liikumise kergemaks. Hea, kui istud palju, tunned end j\u00e4igana v\u00f5i tahad tugevamat baasi jooga, surfi v\u00f5i treeningu jaoks. Lahkud pikema, kergema ja \u201csirgema r\u00fchi\u201d tundega.<\/p>\n<p data-start=\"2434\" data-end=\"2448\"><strong data-start=\"2434\" data-end=\"2448\">Lisainfo<\/strong><\/p>\n<p data-start=\"2451\" data-end=\"2479\"><strong data-start=\"2451\" data-end=\"2468\">Intensiivsus:<\/strong> keskmine<\/p>\n<p data-start=\"2482\" data-end=\"2518\"><strong data-start=\"2482\" data-end=\"2493\">Fookus:<\/strong> kere + liikuvus + r\u00fcht<\/p>\n<p data-start=\"2521\" data-end=\"2539\"><strong data-start=\"2521\" data-end=\"2532\">Kestus:<\/strong> 60 min<\/p>\n<p>[\/vc_column_text][\/vc_column][vc_column width=&#8221;1\/3&#8243;][vc_single_image image=&#8221;4313&#8243; img_size=&#8221;large&#8221; alignment=&#8221;center&#8221; css=&#8221;&#8221;][\/vc_column][\/vc_row][vc_row][vc_column][vc_empty_space][\/vc_column][\/vc_row][vc_row][vc_column width=&#8221;1\/4&#8243;][vc_single_image image=&#8221;3249&#8243; img_size=&#8221;large&#8221; alignment=&#8221;center&#8221; css=&#8221;&#8221;][\/vc_column][vc_column width=&#8221;3\/4&#8243;][vc_text_separator title=&#8221;Ashtanga&#8221; border_width=&#8221;5&#8243; css=&#8221;&#8221;][vc_column_text css=&#8221;&#8221;]<\/p>\n<p data-start=\"2559\" data-end=\"2971\">Tugevam ja struktureeritum praktika, mis kasvatab kuumust, fookust ja vastupidavust. Liigume l\u00e4bi kindla seeria hingamise r\u00fctmis \u2014 nii tead, mis tuleb, ja n\u00e4ed ajas enda arengut. Sobib, kui sulle meeldib selge struktuur ja v\u00e4ljakutse, aga tund on siiski toetav: saad teha pause, kohandada ja ehitada praktikat samm-sammult. Oodata on higistamist, j\u00f5udu ja seda \u201cpuhas leht\u201d tunnet p\u00e4rast.<\/p>\n<p data-start=\"2973\" data-end=\"2987\"><strong data-start=\"2973\" data-end=\"2987\">Lisainfo<\/strong><\/p>\n<p data-start=\"2990\" data-end=\"3024\"><strong data-start=\"2990\" data-end=\"3007\">Intensiivsus:<\/strong> keskmine\u2013k\u00f5rge<\/p>\n<p data-start=\"3027\" data-end=\"3061\"><strong data-start=\"3027\" data-end=\"3038\">Fookus:<\/strong> j\u00f5ud + r\u00fctm + fookus<\/p>\n<p data-start=\"3064\" data-end=\"3082\"><strong data-start=\"3064\" data-end=\"3075\">Kestus:<\/strong> 60 min<\/p>\n<p>[\/vc_column_text][\/vc_column][\/vc_row][vc_row][vc_column][vc_empty_space][\/vc_column][\/vc_row][vc_row][vc_column width=&#8221;2\/3&#8243;][vc_text_separator title=&#8221;hatha&#8221; border_width=&#8221;5&#8243; css=&#8221;&#8221;][vc_column_text css=&#8221;&#8221;]<\/p>\n<p data-start=\"3099\" data-end=\"3554\">Tasakaalukas klassikaline joogastiil \u2014 stabiilne liikumine, hoidmised ja aeg p\u00e4riselt poose tunda. Ehitame j\u00f5udu ja liikuvust selge juhendamisega, siis pehmeneme venitusse ja hingamisse. Hatha sobib, kui tahad \u201ckuldset keskteed\u201d: mitte liiga kiire, mitte liiga aeglane. Alati on valikud nii algajale kui ka neile, kes tahavad veidi s\u00fcgavamat tunnetust. Rahulik ja maandav tund, mis sobib enamikele kehadele ja enamikele p\u00e4evadele.<\/p>\n<p data-start=\"3556\" data-end=\"3570\"><strong data-start=\"3556\" data-end=\"3570\">Lisainfo<\/strong><\/p>\n<p data-start=\"3573\" data-end=\"3601\"><strong data-start=\"3573\" data-end=\"3590\">Intensiivsus:<\/strong> keskmine<\/p>\n<p data-start=\"3573\" data-end=\"3601\"><strong data-start=\"3604\" data-end=\"3615\">Fookus:<\/strong> j\u00f5ud + liikuvus + rahu<\/p>\n<p data-start=\"3604\" data-end=\"3640\"><strong data-start=\"3643\" data-end=\"3654\">Kestus:<\/strong> 60\u201375 min<\/p>\n<p>[\/vc_column_text][\/vc_column][vc_column width=&#8221;1\/3&#8243;][vc_single_image image=&#8221;3248&#8243; img_size=&#8221;large&#8221; alignment=&#8221;center&#8221; css=&#8221;&#8221;][\/vc_column][\/vc_row][vc_row][vc_column][vc_empty_space][\/vc_column][\/vc_row][vc_row][vc_column][vc_cta h2=&#8221;Registreerimine aitab meil tunnid k\u00e4imas hoida.&#8221; h4=&#8221;Kohti on kuni 18. Palume broneerida ette, et saaksime tunni sinu jaoks kindlalt teha. Broneerimine v\u00f5tab ainult minuti.&#8221; txt_align=&#8221;center&#8221; shape=&#8221;square&#8221; add_button=&#8221;bottom&#8221; btn_title=&#8221;Broneeri siit!&#8221; btn_style=&#8221;classic&#8221; btn_shape=&#8221;square&#8221; btn_color=&#8221;turquoise&#8221; btn_align=&#8221;center&#8221; css=&#8221;&#8221; btn_link=&#8221;url:https%3A%2F%2Fyogaclass.lovable.app%2F&#8221;][\/vc_cta][\/vc_column][\/vc_row]<\/p>\n<\/div>","protected":false},"excerpt":{"rendered":"<p>[vc_row][vc_column][vc_column_text css=&#8221;&#8221;] joogastiilid [\/vc_column_text][vc_column_text css=&#8221;&#8221;] Leia tund, mis sobib sinu kehale ja p\u00e4evale. K\u00f5ik tunnid 12 \u20ac. Matid kohapeal. Tasumine kohapeal. [\/vc_column_text][vc_empty_space][\/vc_column][\/vc_row][vc_row][vc_column width=&#8221;2\/3&#8243;][vc_text_separator title=&#8221;Hommikuvirgutus&#8221; border_width=&#8221;5&#8243; css=&#8221;&#8221;][vc_column_text css=&#8221;&#8221;] \u00d5rn ja energiat andev algus p\u00e4evale. Teeme lihtsaid liikumisi, hingamist ja sujuvaid seeriaid, [&hellip;]<\/p>\n","protected":false},"author":1,"featured_media":0,"parent":3877,"menu_order":0,"comment_status":"closed","ping_status":"closed","template":"","meta":{"footnotes":""},"class_list":["post-4424","page","type-page","status-publish","hentry"],"yoast_head":"<!-- This site is optimized with the Yoast SEO plugin v26.9 - https:\/\/yoast.com\/product\/yoast-seo-wordpress\/ -->\n<title>Joogastiilid P\u00e4rnus | Surf\u2019n\u2019Soul joogatunnid mere \u00e4\u00e4res<\/title>\n<meta name=\"description\" content=\"Vaata Surf\u2019n\u2019Souli joogatunde ja vali endale sobiv stiil: Hommikuvirgutus, Meditatiivne \u00d5htujooga, Pilates Stretch, Ashtanga, Hatha. Matid kohapeal. 12 \u20ac \/ tund. Tasumine kohapeal.\" \/>\n<meta name=\"robots\" content=\"index, follow, max-snippet:-1, max-image-preview:large, max-video-preview:-1\" \/>\n<link rel=\"canonical\" href=\"https:\/\/surfnsoul.ee\/et\/jooga\/joogastiilid\/\" \/>\n<meta property=\"og:locale\" content=\"et_EE\" \/>\n<meta property=\"og:type\" content=\"article\" \/>\n<meta property=\"og:title\" content=\"Joogastiilid P\u00e4rnus | Surf\u2019n\u2019Soul joogatunnid mere \u00e4\u00e4res\" \/>\n<meta property=\"og:description\" content=\"Vaata Surf\u2019n\u2019Souli joogatunde ja vali endale sobiv stiil: Hommikuvirgutus, Meditatiivne \u00d5htujooga, Pilates Stretch, Ashtanga, Hatha. Matid kohapeal. 12 \u20ac \/ tund. Tasumine kohapeal.\" \/>\n<meta property=\"og:url\" content=\"https:\/\/surfnsoul.ee\/et\/jooga\/joogastiilid\/\" \/>\n<meta property=\"og:site_name\" content=\"Surf&#039;n&#039;Soul\" \/>\n<meta property=\"article:publisher\" content=\"https:\/\/www.facebook.com\/surfnsoulparnu\" \/>\n<meta property=\"article:modified_time\" content=\"2026-02-13T01:33:40+00:00\" \/>\n<meta property=\"og:image\" content=\"https:\/\/surfnsoul.ee\/wp-content\/uploads\/2024\/02\/Acro-scaled.jpg\" \/>\n\t<meta property=\"og:image:width\" content=\"1706\" \/>\n\t<meta property=\"og:image:height\" content=\"2560\" \/>\n\t<meta property=\"og:image:type\" content=\"image\/jpeg\" \/>\n<script type=\"application\/ld+json\" class=\"yoast-schema-graph\">{\"@context\":\"https:\/\/schema.org\",\"@graph\":[{\"@type\":\"WebPage\",\"@id\":\"https:\/\/surfnsoul.ee\/et\/jooga\/joogastiilid\/\",\"url\":\"https:\/\/surfnsoul.ee\/et\/jooga\/joogastiilid\/\",\"name\":\"Joogastiilid P\u00e4rnus | Surf\u2019n\u2019Soul joogatunnid mere \u00e4\u00e4res\",\"isPartOf\":{\"@id\":\"https:\/\/surfnsoul.ee\/#website\"},\"datePublished\":\"2026-02-13T01:09:43+00:00\",\"dateModified\":\"2026-02-13T01:33:40+00:00\",\"description\":\"Vaata Surf\u2019n\u2019Souli joogatunde ja vali endale sobiv stiil: Hommikuvirgutus, Meditatiivne \u00d5htujooga, Pilates Stretch, Ashtanga, Hatha. Matid kohapeal. 12 \u20ac \/ tund. Tasumine kohapeal.\",\"breadcrumb\":{\"@id\":\"https:\/\/surfnsoul.ee\/et\/jooga\/joogastiilid\/#breadcrumb\"},\"inLanguage\":\"et\",\"potentialAction\":[{\"@type\":\"ReadAction\",\"target\":[\"https:\/\/surfnsoul.ee\/et\/jooga\/joogastiilid\/\"]}]},{\"@type\":\"BreadcrumbList\",\"@id\":\"https:\/\/surfnsoul.ee\/et\/jooga\/joogastiilid\/#breadcrumb\",\"itemListElement\":[{\"@type\":\"ListItem\",\"position\":1,\"name\":\"Home\",\"item\":\"https:\/\/surfnsoul.ee\/et\/\"},{\"@type\":\"ListItem\",\"position\":2,\"name\":\"Jooga\",\"item\":\"https:\/\/surfnsoul.ee\/et\/jooga\/\"},{\"@type\":\"ListItem\",\"position\":3,\"name\":\"Joogastiilid\"}]},{\"@type\":\"WebSite\",\"@id\":\"https:\/\/surfnsoul.ee\/#website\",\"url\":\"https:\/\/surfnsoul.ee\/\",\"name\":\"Surf'n'Soul\",\"description\":\"Lohesurf, Aerusurf, Jooga ja hea toit. Koolitus ja rent\",\"publisher\":{\"@id\":\"https:\/\/surfnsoul.ee\/#organization\"},\"potentialAction\":[{\"@type\":\"SearchAction\",\"target\":{\"@type\":\"EntryPoint\",\"urlTemplate\":\"https:\/\/surfnsoul.ee\/?s={search_term_string}\"},\"query-input\":{\"@type\":\"PropertyValueSpecification\",\"valueRequired\":true,\"valueName\":\"search_term_string\"}}],\"inLanguage\":\"et\"},{\"@type\":\"Organization\",\"@id\":\"https:\/\/surfnsoul.ee\/#organization\",\"name\":\"Surf'n'Soul\",\"url\":\"https:\/\/surfnsoul.ee\/\",\"logo\":{\"@type\":\"ImageObject\",\"inLanguage\":\"et\",\"@id\":\"https:\/\/surfnsoul.ee\/#\/schema\/logo\/image\/\",\"url\":\"https:\/\/surfnsoul.ee\/wp-content\/uploads\/2024\/03\/Vektorfail.svg\",\"contentUrl\":\"https:\/\/surfnsoul.ee\/wp-content\/uploads\/2024\/03\/Vektorfail.svg\",\"width\":900,\"height\":900,\"caption\":\"Surf'n'Soul\"},\"image\":{\"@id\":\"https:\/\/surfnsoul.ee\/#\/schema\/logo\/image\/\"},\"sameAs\":[\"https:\/\/www.facebook.com\/surfnsoulparnu\"]}]}<\/script>\n<!-- \/ Yoast SEO plugin. -->","yoast_head_json":{"title":"Joogastiilid P\u00e4rnus | Surf\u2019n\u2019Soul joogatunnid mere \u00e4\u00e4res","description":"Vaata Surf\u2019n\u2019Souli joogatunde ja vali endale sobiv stiil: Hommikuvirgutus, Meditatiivne \u00d5htujooga, Pilates Stretch, Ashtanga, Hatha. Matid kohapeal. 12 \u20ac \/ tund. Tasumine kohapeal.","robots":{"index":"index","follow":"follow","max-snippet":"max-snippet:-1","max-image-preview":"max-image-preview:large","max-video-preview":"max-video-preview:-1"},"canonical":"https:\/\/surfnsoul.ee\/et\/jooga\/joogastiilid\/","og_locale":"et_EE","og_type":"article","og_title":"Joogastiilid P\u00e4rnus | Surf\u2019n\u2019Soul joogatunnid mere \u00e4\u00e4res","og_description":"Vaata Surf\u2019n\u2019Souli joogatunde ja vali endale sobiv stiil: Hommikuvirgutus, Meditatiivne \u00d5htujooga, Pilates Stretch, Ashtanga, Hatha. Matid kohapeal. 12 \u20ac \/ tund. Tasumine kohapeal.","og_url":"https:\/\/surfnsoul.ee\/et\/jooga\/joogastiilid\/","og_site_name":"Surf&#039;n&#039;Soul","article_publisher":"https:\/\/www.facebook.com\/surfnsoulparnu","article_modified_time":"2026-02-13T01:33:40+00:00","og_image":[{"width":1706,"height":2560,"url":"https:\/\/surfnsoul.ee\/wp-content\/uploads\/2024\/02\/Acro-scaled.jpg","type":"image\/jpeg"}],"schema":{"@context":"https:\/\/schema.org","@graph":[{"@type":"WebPage","@id":"https:\/\/surfnsoul.ee\/et\/jooga\/joogastiilid\/","url":"https:\/\/surfnsoul.ee\/et\/jooga\/joogastiilid\/","name":"Joogastiilid P\u00e4rnus | Surf\u2019n\u2019Soul joogatunnid mere \u00e4\u00e4res","isPartOf":{"@id":"https:\/\/surfnsoul.ee\/#website"},"datePublished":"2026-02-13T01:09:43+00:00","dateModified":"2026-02-13T01:33:40+00:00","description":"Vaata Surf\u2019n\u2019Souli joogatunde ja vali endale sobiv stiil: Hommikuvirgutus, Meditatiivne \u00d5htujooga, Pilates Stretch, Ashtanga, Hatha. Matid kohapeal. 12 \u20ac \/ tund. Tasumine kohapeal.","breadcrumb":{"@id":"https:\/\/surfnsoul.ee\/et\/jooga\/joogastiilid\/#breadcrumb"},"inLanguage":"et","potentialAction":[{"@type":"ReadAction","target":["https:\/\/surfnsoul.ee\/et\/jooga\/joogastiilid\/"]}]},{"@type":"BreadcrumbList","@id":"https:\/\/surfnsoul.ee\/et\/jooga\/joogastiilid\/#breadcrumb","itemListElement":[{"@type":"ListItem","position":1,"name":"Home","item":"https:\/\/surfnsoul.ee\/et\/"},{"@type":"ListItem","position":2,"name":"Jooga","item":"https:\/\/surfnsoul.ee\/et\/jooga\/"},{"@type":"ListItem","position":3,"name":"Joogastiilid"}]},{"@type":"WebSite","@id":"https:\/\/surfnsoul.ee\/#website","url":"https:\/\/surfnsoul.ee\/","name":"Surf'n'Soul","description":"Lohesurf, Aerusurf, Jooga ja hea toit. Koolitus ja rent","publisher":{"@id":"https:\/\/surfnsoul.ee\/#organization"},"potentialAction":[{"@type":"SearchAction","target":{"@type":"EntryPoint","urlTemplate":"https:\/\/surfnsoul.ee\/?s={search_term_string}"},"query-input":{"@type":"PropertyValueSpecification","valueRequired":true,"valueName":"search_term_string"}}],"inLanguage":"et"},{"@type":"Organization","@id":"https:\/\/surfnsoul.ee\/#organization","name":"Surf'n'Soul","url":"https:\/\/surfnsoul.ee\/","logo":{"@type":"ImageObject","inLanguage":"et","@id":"https:\/\/surfnsoul.ee\/#\/schema\/logo\/image\/","url":"https:\/\/surfnsoul.ee\/wp-content\/uploads\/2024\/03\/Vektorfail.svg","contentUrl":"https:\/\/surfnsoul.ee\/wp-content\/uploads\/2024\/03\/Vektorfail.svg","width":900,"height":900,"caption":"Surf'n'Soul"},"image":{"@id":"https:\/\/surfnsoul.ee\/#\/schema\/logo\/image\/"},"sameAs":["https:\/\/www.facebook.com\/surfnsoulparnu"]}]}},"_links":{"self":[{"href":"https:\/\/surfnsoul.ee\/et\/wp-json\/wp\/v2\/pages\/4424","targetHints":{"allow":["GET"]}}],"collection":[{"href":"https:\/\/surfnsoul.ee\/et\/wp-json\/wp\/v2\/pages"}],"about":[{"href":"https:\/\/surfnsoul.ee\/et\/wp-json\/wp\/v2\/types\/page"}],"author":[{"embeddable":true,"href":"https:\/\/surfnsoul.ee\/et\/wp-json\/wp\/v2\/users\/1"}],"replies":[{"embeddable":true,"href":"https:\/\/surfnsoul.ee\/et\/wp-json\/wp\/v2\/comments?post=4424"}],"version-history":[{"count":3,"href":"https:\/\/surfnsoul.ee\/et\/wp-json\/wp\/v2\/pages\/4424\/revisions"}],"predecessor-version":[{"id":4428,"href":"https:\/\/surfnsoul.ee\/et\/wp-json\/wp\/v2\/pages\/4424\/revisions\/4428"}],"up":[{"embeddable":true,"href":"https:\/\/surfnsoul.ee\/et\/wp-json\/wp\/v2\/pages\/3877"}],"wp:attachment":[{"href":"https:\/\/surfnsoul.ee\/et\/wp-json\/wp\/v2\/media?parent=4424"}],"curies":[{"name":"wp","href":"https:\/\/api.w.org\/{rel}","templated":true}]}}